{"id":406,"date":"2025-04-24T17:21:19","date_gmt":"2025-04-24T17:21:19","guid":{"rendered":"https:\/\/anaespiritosanto.pt\/?page_id=406"},"modified":"2025-04-24T17:21:20","modified_gmt":"2025-04-24T17:21:20","slug":"rugas","status":"publish","type":"page","link":"https:\/\/anaespiritosanto.pt\/?page_id=406","title":{"rendered":"Rugas"},"content":{"rendered":"\n<p class=\"has-poppins-font-family\">As rugas faciais constituem um dos sinais mais vis\u00edveis do fen\u00f3meno fisiol\u00f3gico do envelhecimento cut\u00e2neo, sendo que o envelhecimento da pele \u00e9 um processo fisiol\u00f3gico impar\u00e1vel e evolutivo. Esse fator constitui um reflexo da idade biol\u00f3gica da pessoa e nem sempre corresponde \u00e0 idade cronol\u00f3gica.<\/p>\n\n\n\n<p class=\"has-poppins-font-family\">O rosto \u00e9 uma \u00e1rea descoberta quando comparado com o corpo, uma vez que este est\u00e1 preservado pela roupa. O envelhecimento celular surge ent\u00e3o como resposta \u00e0 a\u00e7\u00e3o cumulativa das radia\u00e7\u00f5es solares e pela exposi\u00e7\u00e3o ao meio ambiente polu\u00eddo e t\u00f3xico. Os fatores intr\u00ednsecos como alimenta\u00e7\u00e3o desequilibrada, stress, tabagismo e sedentarismo tamb\u00e9m aceleram o surgimento de rugas no rosto. As rugas interrompem a uniformidade da superf\u00edcie cut\u00e2nea e apresentam-se como acentua\u00e7\u00e3o est\u00e1tica das pregas da pele. Estas linhas que se v\u00e3o tornando progressivamente permanentes, evoluem para sulcos, perdas volum\u00e9tricas com flacidez levando a uma altera\u00e7\u00e3o progressiva do desenho do rosto.<\/p>\n\n\n\n<p><\/p>\n\n\n\n<h2 class=\"wp-block-heading\">Objetivos do Tratamento de Rugas:<\/h2>\n\n\n\n<ul class=\"wp-block-list has-poppins-font-family\">\n<li>Diminuir as linhas de express\u00e3o;<\/li>\n\n\n\n<li>Diminuir os sulcos e rugas;<\/li>\n\n\n\n<li>Aumentar a tonicidade da pele.<\/li>\n<\/ul>\n\n\n\n<p><\/p>\n\n\n\n<div class=\"wp-block-group is-layout-grid wp-container-core-group-is-layout-988b637e wp-block-group-is-layout-grid\">\n<p class=\"has-poppins-font-family\"><strong>DURA\u00c7\u00c3O DA SESS\u00c3O<\/strong>: 50 a 60 min<\/p>\n\n\n\n<p class=\"has-poppins-font-family\"><strong>N\u00daMERO DE SESS\u00d5ES<\/strong>: mediante a avalia\u00e7\u00e3o, 1 x por semana ou 15\/15 dias<\/p>\n<\/div>\n\n\n\n<p class=\"has-poppins-font-family\"><strong><a href=\"https:\/\/anaespiritosanto.pt\/\">Voltar ao in\u00edcio<\/a><\/strong><\/p>\n","protected":false},"excerpt":{"rendered":"<p>As rugas faciais constituem um dos sinais mais vis\u00edveis do fen\u00f3meno fisiol\u00f3gico do envelhecimento cut\u00e2neo, sendo que o envelhecimento da pele \u00e9 um processo fisiol\u00f3gico impar\u00e1vel e evolutivo. Esse fator constitui um reflexo da idade biol\u00f3gica da pessoa e nem sempre corresponde \u00e0 idade cronol\u00f3gica. O rosto \u00e9 uma \u00e1rea descoberta quando comparado com o [&hellip;]<\/p>\n","protected":false},"author":1,"featured_media":407,"parent":0,"menu_order":0,"comment_status":"closed","ping_status":"closed","template":"","meta":{"footnotes":""},"class_list":["post-406","page","type-page","status-publish","has-post-thumbnail","hentry"],"yoast_head":"<!-- This site is optimized with the Yoast SEO plugin v24.7 - https:\/\/yoast.com\/wordpress\/plugins\/seo\/ -->\n<title>Rugas - Ana Esp\u00edrito Santo, Healthcare<\/title>\n<meta name=\"description\" content=\"Rugas: as linhas que surgem com o envelhecimento. O tratamento com laser terapia, radiofrequ\u00eancia microagulhada.\" \/>\n<meta name=\"robots\" content=\"index, follow, max-snippet:-1, max-image-preview:large, max-video-preview:-1\" \/>\n<link rel=\"canonical\" href=\"https:\/\/anaespiritosanto.pt\/?page_id=406\" \/>\n<meta property=\"og:locale\" content=\"pt_PT\" \/>\n<meta property=\"og:type\" content=\"article\" \/>\n<meta property=\"og:title\" content=\"Rugas - Ana Esp\u00edrito Santo, Healthcare\" \/>\n<meta property=\"og:description\" content=\"Rugas: as linhas que surgem com o envelhecimento. O tratamento com laser terapia, radiofrequ\u00eancia microagulhada.\" \/>\n<meta property=\"og:url\" content=\"https:\/\/anaespiritosanto.pt\/?page_id=406\" \/>\n<meta property=\"og:site_name\" content=\"Ana Esp\u00edrito Santo, Healthcare\" \/>\n<meta property=\"article:modified_time\" content=\"2025-04-24T17:21:20+00:00\" \/>\n<meta property=\"og:image\" content=\"https:\/\/anaespiritosanto.pt\/wp-content\/uploads\/2025\/04\/rugas_8651fc54-4d33-44f0-9273-7da301ef888d.webp\" \/>\n\t<meta property=\"og:image:width\" content=\"1500\" \/>\n\t<meta property=\"og:image:height\" content=\"563\" \/>\n\t<meta property=\"og:image:type\" content=\"image\/webp\" \/>\n<meta name=\"twitter:card\" content=\"summary_large_image\" \/>\n<meta name=\"twitter:label1\" content=\"Est. reading time\" \/>\n\t<meta name=\"twitter:data1\" content=\"2 minutos\" \/>\n<script type=\"application\/ld+json\" class=\"yoast-schema-graph\">{\"@context\":\"https:\/\/schema.org\",\"@graph\":[{\"@type\":\"WebPage\",\"@id\":\"https:\/\/anaespiritosanto.pt\/?page_id=406\",\"url\":\"https:\/\/anaespiritosanto.pt\/?page_id=406\",\"name\":\"Rugas - Ana Esp\u00edrito Santo, Healthcare\",\"isPartOf\":{\"@id\":\"https:\/\/anaespiritosanto.pt\/#website\"},\"primaryImageOfPage\":{\"@id\":\"https:\/\/anaespiritosanto.pt\/?page_id=406#primaryimage\"},\"image\":{\"@id\":\"https:\/\/anaespiritosanto.pt\/?page_id=406#primaryimage\"},\"thumbnailUrl\":\"https:\/\/anaespiritosanto.pt\/wp-content\/uploads\/2025\/04\/rugas_8651fc54-4d33-44f0-9273-7da301ef888d.webp\",\"datePublished\":\"2025-04-24T17:21:19+00:00\",\"dateModified\":\"2025-04-24T17:21:20+00:00\",\"description\":\"Rugas: as linhas que surgem com o envelhecimento. O tratamento com laser terapia, radiofrequ\u00eancia microagulhada.\",\"breadcrumb\":{\"@id\":\"https:\/\/anaespiritosanto.pt\/?page_id=406#breadcrumb\"},\"inLanguage\":\"pt-PT\",\"potentialAction\":[{\"@type\":\"ReadAction\",\"target\":[\"https:\/\/anaespiritosanto.pt\/?page_id=406\"]}]},{\"@type\":\"ImageObject\",\"inLanguage\":\"pt-PT\",\"@id\":\"https:\/\/anaespiritosanto.pt\/?page_id=406#primaryimage\",\"url\":\"https:\/\/anaespiritosanto.pt\/wp-content\/uploads\/2025\/04\/rugas_8651fc54-4d33-44f0-9273-7da301ef888d.webp\",\"contentUrl\":\"https:\/\/anaespiritosanto.pt\/wp-content\/uploads\/2025\/04\/rugas_8651fc54-4d33-44f0-9273-7da301ef888d.webp\",\"width\":1500,\"height\":563,\"caption\":\"Rugas\"},{\"@type\":\"BreadcrumbList\",\"@id\":\"https:\/\/anaespiritosanto.pt\/?page_id=406#breadcrumb\",\"itemListElement\":[{\"@type\":\"ListItem\",\"position\":1,\"name\":\"In\u00edcio\",\"item\":\"https:\/\/anaespiritosanto.pt\/\"},{\"@type\":\"ListItem\",\"position\":2,\"name\":\"Rugas\"}]},{\"@type\":\"WebSite\",\"@id\":\"https:\/\/anaespiritosanto.pt\/#website\",\"url\":\"https:\/\/anaespiritosanto.pt\/\",\"name\":\"Ana Esp\u00edrito Santo, Healthcare\",\"description\":\"Enferemeira\",\"publisher\":{\"@id\":\"https:\/\/anaespiritosanto.pt\/#organization\"},\"potentialAction\":[{\"@type\":\"SearchAction\",\"target\":{\"@type\":\"EntryPoint\",\"urlTemplate\":\"https:\/\/anaespiritosanto.pt\/?s={search_term_string}\"},\"query-input\":{\"@type\":\"PropertyValueSpecification\",\"valueRequired\":true,\"valueName\":\"search_term_string\"}}],\"inLanguage\":\"pt-PT\"},{\"@type\":\"Organization\",\"@id\":\"https:\/\/anaespiritosanto.pt\/#organization\",\"name\":\"Ana Esp\u00edrito Santo, Healthcare\",\"url\":\"https:\/\/anaespiritosanto.pt\/\",\"logo\":{\"@type\":\"ImageObject\",\"inLanguage\":\"pt-PT\",\"@id\":\"https:\/\/anaespiritosanto.pt\/#\/schema\/logo\/image\/\",\"url\":\"https:\/\/anaespiritosanto.pt\/wp-content\/uploads\/2025\/03\/Ana-Luisa-1-1-300x300-1.png\",\"contentUrl\":\"https:\/\/anaespiritosanto.pt\/wp-content\/uploads\/2025\/03\/Ana-Luisa-1-1-300x300-1.png\",\"width\":300,\"height\":300,\"caption\":\"Ana Esp\u00edrito Santo, Healthcare\"},\"image\":{\"@id\":\"https:\/\/anaespiritosanto.pt\/#\/schema\/logo\/image\/\"}}]}<\/script>\n<!-- \/ Yoast SEO plugin. -->","yoast_head_json":{"title":"Rugas - Ana Esp\u00edrito Santo, Healthcare","description":"Rugas: as linhas que surgem com o envelhecimento. O tratamento com laser terapia, radiofrequ\u00eancia microagulhada.","robots":{"index":"index","follow":"follow","max-snippet":"max-snippet:-1","max-image-preview":"max-image-preview:large","max-video-preview":"max-video-preview:-1"},"canonical":"https:\/\/anaespiritosanto.pt\/?page_id=406","og_locale":"pt_PT","og_type":"article","og_title":"Rugas - Ana Esp\u00edrito Santo, Healthcare","og_description":"Rugas: as linhas que surgem com o envelhecimento. O tratamento com laser terapia, radiofrequ\u00eancia microagulhada.","og_url":"https:\/\/anaespiritosanto.pt\/?page_id=406","og_site_name":"Ana Esp\u00edrito Santo, Healthcare","article_modified_time":"2025-04-24T17:21:20+00:00","og_image":[{"width":1500,"height":563,"url":"https:\/\/anaespiritosanto.pt\/wp-content\/uploads\/2025\/04\/rugas_8651fc54-4d33-44f0-9273-7da301ef888d.webp","type":"image\/webp"}],"twitter_card":"summary_large_image","twitter_misc":{"Est. reading time":"2 minutos"},"schema":{"@context":"https:\/\/schema.org","@graph":[{"@type":"WebPage","@id":"https:\/\/anaespiritosanto.pt\/?page_id=406","url":"https:\/\/anaespiritosanto.pt\/?page_id=406","name":"Rugas - Ana Esp\u00edrito Santo, Healthcare","isPartOf":{"@id":"https:\/\/anaespiritosanto.pt\/#website"},"primaryImageOfPage":{"@id":"https:\/\/anaespiritosanto.pt\/?page_id=406#primaryimage"},"image":{"@id":"https:\/\/anaespiritosanto.pt\/?page_id=406#primaryimage"},"thumbnailUrl":"https:\/\/anaespiritosanto.pt\/wp-content\/uploads\/2025\/04\/rugas_8651fc54-4d33-44f0-9273-7da301ef888d.webp","datePublished":"2025-04-24T17:21:19+00:00","dateModified":"2025-04-24T17:21:20+00:00","description":"Rugas: as linhas que surgem com o envelhecimento. O tratamento com laser terapia, radiofrequ\u00eancia microagulhada.","breadcrumb":{"@id":"https:\/\/anaespiritosanto.pt\/?page_id=406#breadcrumb"},"inLanguage":"pt-PT","potentialAction":[{"@type":"ReadAction","target":["https:\/\/anaespiritosanto.pt\/?page_id=406"]}]},{"@type":"ImageObject","inLanguage":"pt-PT","@id":"https:\/\/anaespiritosanto.pt\/?page_id=406#primaryimage","url":"https:\/\/anaespiritosanto.pt\/wp-content\/uploads\/2025\/04\/rugas_8651fc54-4d33-44f0-9273-7da301ef888d.webp","contentUrl":"https:\/\/anaespiritosanto.pt\/wp-content\/uploads\/2025\/04\/rugas_8651fc54-4d33-44f0-9273-7da301ef888d.webp","width":1500,"height":563,"caption":"Rugas"},{"@type":"BreadcrumbList","@id":"https:\/\/anaespiritosanto.pt\/?page_id=406#breadcrumb","itemListElement":[{"@type":"ListItem","position":1,"name":"In\u00edcio","item":"https:\/\/anaespiritosanto.pt\/"},{"@type":"ListItem","position":2,"name":"Rugas"}]},{"@type":"WebSite","@id":"https:\/\/anaespiritosanto.pt\/#website","url":"https:\/\/anaespiritosanto.pt\/","name":"Ana Esp\u00edrito Santo, Healthcare","description":"Enferemeira","publisher":{"@id":"https:\/\/anaespiritosanto.pt\/#organization"},"potentialAction":[{"@type":"SearchAction","target":{"@type":"EntryPoint","urlTemplate":"https:\/\/anaespiritosanto.pt\/?s={search_term_string}"},"query-input":{"@type":"PropertyValueSpecification","valueRequired":true,"valueName":"search_term_string"}}],"inLanguage":"pt-PT"},{"@type":"Organization","@id":"https:\/\/anaespiritosanto.pt\/#organization","name":"Ana Esp\u00edrito Santo, Healthcare","url":"https:\/\/anaespiritosanto.pt\/","logo":{"@type":"ImageObject","inLanguage":"pt-PT","@id":"https:\/\/anaespiritosanto.pt\/#\/schema\/logo\/image\/","url":"https:\/\/anaespiritosanto.pt\/wp-content\/uploads\/2025\/03\/Ana-Luisa-1-1-300x300-1.png","contentUrl":"https:\/\/anaespiritosanto.pt\/wp-content\/uploads\/2025\/03\/Ana-Luisa-1-1-300x300-1.png","width":300,"height":300,"caption":"Ana Esp\u00edrito Santo, Healthcare"},"image":{"@id":"https:\/\/anaespiritosanto.pt\/#\/schema\/logo\/image\/"}}]}},"_links":{"self":[{"href":"https:\/\/anaespiritosanto.pt\/index.php?rest_route=\/wp\/v2\/pages\/406","targetHints":{"allow":["GET"]}}],"collection":[{"href":"https:\/\/anaespiritosanto.pt\/index.php?rest_route=\/wp\/v2\/pages"}],"about":[{"href":"https:\/\/anaespiritosanto.pt\/index.php?rest_route=\/wp\/v2\/types\/page"}],"author":[{"embeddable":true,"href":"https:\/\/anaespiritosanto.pt\/index.php?rest_route=\/wp\/v2\/users\/1"}],"replies":[{"embeddable":true,"href":"https:\/\/anaespiritosanto.pt\/index.php?rest_route=%2Fwp%2Fv2%2Fcomments&post=406"}],"version-history":[{"count":1,"href":"https:\/\/anaespiritosanto.pt\/index.php?rest_route=\/wp\/v2\/pages\/406\/revisions"}],"predecessor-version":[{"id":408,"href":"https:\/\/anaespiritosanto.pt\/index.php?rest_route=\/wp\/v2\/pages\/406\/revisions\/408"}],"wp:featuredmedia":[{"embeddable":true,"href":"https:\/\/anaespiritosanto.pt\/index.php?rest_route=\/wp\/v2\/media\/407"}],"wp:attachment":[{"href":"https:\/\/anaespiritosanto.pt\/index.php?rest_route=%2Fwp%2Fv2%2Fmedia&parent=406"}],"curies":[{"name":"wp","href":"https:\/\/api.w.org\/{rel}","templated":true}]}}