{"id":400,"date":"2025-04-24T16:51:21","date_gmt":"2025-04-24T16:51:21","guid":{"rendered":"https:\/\/anaespiritosanto.pt\/?page_id=400"},"modified":"2025-04-24T16:54:19","modified_gmt":"2025-04-24T16:54:19","slug":"flacidez-facial","status":"publish","type":"page","link":"https:\/\/anaespiritosanto.pt\/?page_id=400","title":{"rendered":"Flacidez facial"},"content":{"rendered":"\n<p class=\"has-poppins-font-family\">A flacidez facial ocorre com o passar do tempo, as fibras de colag\u00e9nio e el\u00e1sticas diminuem a sua produ\u00e7\u00e3o, come\u00e7ando a ocorrer um processo de desestrutura\u00e7\u00e3o das mesmas. O resultado vis\u00edvel deste fen\u00f3meno \u00e9 a atrofia do tecido e a queda da pele no rosto.<\/p>\n\n\n\n<p class=\"has-poppins-font-family\">V\u00e1rios fatores contribuem para acelerar este processo: tabagismo, sedentarismo, gravidez, dist\u00farbios hormonais, obesidade, emagrecimento importante num curto espa\u00e7o de tempo, entre outros que levam aos diversos graus de flacidez.<br><br>Quanto mais precocemente for iniciado o tratamento melhores s\u00e3o os resultados obtidos. O objectivo \u00e9 potenciar o efeito refirmante, fortalecendo a estrutura da epiderme e aumentando a sua tonicidade.<\/p>\n\n\n\n<p class=\"has-poppins-font-family\"><a href=\"https:\/\/anaespiritosanto.pt\/?page_id=208\">Laserterapia<\/a>&nbsp;de \u00faltima gera\u00e7\u00e3o \u00e9 o tratamento de elei\u00e7\u00e3o para reduzir a flacidez facial, incluindo o pesco\u00e7o, resgatando mais vitalidade no rosto. &nbsp;<\/p>\n\n\n\n<p><\/p>\n\n\n\n<p><\/p>\n\n\n\n<h2 class=\"wp-block-heading\">Objetivos do Tratamento de flacidez facial:<\/h2>\n\n\n\n<ul class=\"wp-block-list\">\n<li class=\"has-poppins-font-family\">Aumentar a produ\u00e7\u00e3o de colag\u00e9nio;<\/li>\n\n\n\n<li class=\"has-poppins-font-family\">Aumentar a produ\u00e7\u00e3o de elastina;<\/li>\n\n\n\n<li class=\"has-poppins-font-family\">Aumentar a elasticidade pele;<\/li>\n\n\n\n<li class=\"has-poppins-font-family\">Tonificar as \u00e1reas do rosto mais desca\u00eddas.<\/li>\n<\/ul>\n\n\n\n<div class=\"wp-block-group is-layout-grid wp-container-core-group-is-layout-988b637e wp-block-group-is-layout-grid\">\n<p class=\"has-poppins-font-family\"><strong>DURA\u00c7\u00c3O DA SESS\u00c3O<\/strong>: 50 a 60 min<\/p>\n\n\n\n<p class=\"has-poppins-font-family\"><strong>N\u00daMERO DE SESS\u00d5ES<\/strong>: mediante a avalia\u00e7\u00e3o, 1 x por semana ou 15\/15 dias<\/p>\n<\/div>\n\n\n\n<p class=\"has-poppins-font-family\"><strong><a href=\"https:\/\/anaespiritosanto.pt\/\">Voltar ao in\u00edcio<\/a><\/strong><\/p>\n","protected":false},"excerpt":{"rendered":"<p>A flacidez facial ocorre com o passar do tempo, as fibras de colag\u00e9nio e el\u00e1sticas diminuem a sua produ\u00e7\u00e3o, come\u00e7ando a ocorrer um processo de desestrutura\u00e7\u00e3o das mesmas. O resultado vis\u00edvel deste fen\u00f3meno \u00e9 a atrofia do tecido e a queda da pele no rosto. V\u00e1rios fatores contribuem para acelerar este processo: tabagismo, sedentarismo, gravidez, [&hellip;]<\/p>\n","protected":false},"author":1,"featured_media":401,"parent":0,"menu_order":0,"comment_status":"closed","ping_status":"closed","template":"","meta":{"footnotes":""},"class_list":["post-400","page","type-page","status-publish","has-post-thumbnail","hentry"],"yoast_head":"<!-- This site is optimized with the Yoast SEO plugin v24.7 - https:\/\/yoast.com\/wordpress\/plugins\/seo\/ -->\n<title>Flacidez facial - Ana Esp\u00edrito Santo, Healthcare<\/title>\n<meta name=\"description\" content=\"Flacidez facial: tratamento para peles maduras. Aumentar a produ\u00e7\u00e3o de colag\u00e9nio e elastina para tonificar a pele.\" \/>\n<meta name=\"robots\" content=\"index, follow, max-snippet:-1, max-image-preview:large, max-video-preview:-1\" \/>\n<link rel=\"canonical\" href=\"https:\/\/anaespiritosanto.pt\/?page_id=400\" \/>\n<meta property=\"og:locale\" content=\"pt_PT\" \/>\n<meta property=\"og:type\" content=\"article\" \/>\n<meta property=\"og:title\" content=\"Flacidez facial - Ana Esp\u00edrito Santo, Healthcare\" \/>\n<meta property=\"og:description\" content=\"Flacidez facial: tratamento para peles maduras. Aumentar a produ\u00e7\u00e3o de colag\u00e9nio e elastina para tonificar a pele.\" \/>\n<meta property=\"og:url\" content=\"https:\/\/anaespiritosanto.pt\/?page_id=400\" \/>\n<meta property=\"og:site_name\" content=\"Ana Esp\u00edrito Santo, Healthcare\" \/>\n<meta property=\"article:modified_time\" content=\"2025-04-24T16:54:19+00:00\" \/>\n<meta property=\"og:image\" content=\"https:\/\/anaespiritosanto.pt\/wp-content\/uploads\/2025\/04\/Flacidez_no_rosto_1512x.webp\" \/>\n\t<meta property=\"og:image:width\" content=\"1512\" \/>\n\t<meta property=\"og:image:height\" content=\"851\" \/>\n\t<meta property=\"og:image:type\" content=\"image\/webp\" \/>\n<meta name=\"twitter:card\" content=\"summary_large_image\" \/>\n<meta name=\"twitter:label1\" content=\"Est. reading time\" \/>\n\t<meta name=\"twitter:data1\" content=\"2 minutos\" \/>\n<script type=\"application\/ld+json\" class=\"yoast-schema-graph\">{\"@context\":\"https:\/\/schema.org\",\"@graph\":[{\"@type\":\"WebPage\",\"@id\":\"https:\/\/anaespiritosanto.pt\/?page_id=400\",\"url\":\"https:\/\/anaespiritosanto.pt\/?page_id=400\",\"name\":\"Flacidez facial - Ana Esp\u00edrito Santo, Healthcare\",\"isPartOf\":{\"@id\":\"https:\/\/anaespiritosanto.pt\/#website\"},\"primaryImageOfPage\":{\"@id\":\"https:\/\/anaespiritosanto.pt\/?page_id=400#primaryimage\"},\"image\":{\"@id\":\"https:\/\/anaespiritosanto.pt\/?page_id=400#primaryimage\"},\"thumbnailUrl\":\"https:\/\/anaespiritosanto.pt\/wp-content\/uploads\/2025\/04\/Flacidez_no_rosto_1512x.webp\",\"datePublished\":\"2025-04-24T16:51:21+00:00\",\"dateModified\":\"2025-04-24T16:54:19+00:00\",\"description\":\"Flacidez facial: tratamento para peles maduras. Aumentar a produ\u00e7\u00e3o de colag\u00e9nio e elastina para tonificar a pele.\",\"breadcrumb\":{\"@id\":\"https:\/\/anaespiritosanto.pt\/?page_id=400#breadcrumb\"},\"inLanguage\":\"pt-PT\",\"potentialAction\":[{\"@type\":\"ReadAction\",\"target\":[\"https:\/\/anaespiritosanto.pt\/?page_id=400\"]}]},{\"@type\":\"ImageObject\",\"inLanguage\":\"pt-PT\",\"@id\":\"https:\/\/anaespiritosanto.pt\/?page_id=400#primaryimage\",\"url\":\"https:\/\/anaespiritosanto.pt\/wp-content\/uploads\/2025\/04\/Flacidez_no_rosto_1512x.webp\",\"contentUrl\":\"https:\/\/anaespiritosanto.pt\/wp-content\/uploads\/2025\/04\/Flacidez_no_rosto_1512x.webp\",\"width\":1512,\"height\":851,\"caption\":\"Flacidez facial\"},{\"@type\":\"BreadcrumbList\",\"@id\":\"https:\/\/anaespiritosanto.pt\/?page_id=400#breadcrumb\",\"itemListElement\":[{\"@type\":\"ListItem\",\"position\":1,\"name\":\"In\u00edcio\",\"item\":\"https:\/\/anaespiritosanto.pt\/\"},{\"@type\":\"ListItem\",\"position\":2,\"name\":\"Flacidez facial\"}]},{\"@type\":\"WebSite\",\"@id\":\"https:\/\/anaespiritosanto.pt\/#website\",\"url\":\"https:\/\/anaespiritosanto.pt\/\",\"name\":\"Ana Esp\u00edrito Santo, Healthcare\",\"description\":\"Enferemeira\",\"publisher\":{\"@id\":\"https:\/\/anaespiritosanto.pt\/#organization\"},\"potentialAction\":[{\"@type\":\"SearchAction\",\"target\":{\"@type\":\"EntryPoint\",\"urlTemplate\":\"https:\/\/anaespiritosanto.pt\/?s={search_term_string}\"},\"query-input\":{\"@type\":\"PropertyValueSpecification\",\"valueRequired\":true,\"valueName\":\"search_term_string\"}}],\"inLanguage\":\"pt-PT\"},{\"@type\":\"Organization\",\"@id\":\"https:\/\/anaespiritosanto.pt\/#organization\",\"name\":\"Ana Esp\u00edrito Santo, Healthcare\",\"url\":\"https:\/\/anaespiritosanto.pt\/\",\"logo\":{\"@type\":\"ImageObject\",\"inLanguage\":\"pt-PT\",\"@id\":\"https:\/\/anaespiritosanto.pt\/#\/schema\/logo\/image\/\",\"url\":\"https:\/\/anaespiritosanto.pt\/wp-content\/uploads\/2025\/03\/Ana-Luisa-1-1-300x300-1.png\",\"contentUrl\":\"https:\/\/anaespiritosanto.pt\/wp-content\/uploads\/2025\/03\/Ana-Luisa-1-1-300x300-1.png\",\"width\":300,\"height\":300,\"caption\":\"Ana Esp\u00edrito Santo, Healthcare\"},\"image\":{\"@id\":\"https:\/\/anaespiritosanto.pt\/#\/schema\/logo\/image\/\"}}]}<\/script>\n<!-- \/ Yoast SEO plugin. -->","yoast_head_json":{"title":"Flacidez facial - Ana Esp\u00edrito Santo, Healthcare","description":"Flacidez facial: tratamento para peles maduras. Aumentar a produ\u00e7\u00e3o de colag\u00e9nio e elastina para tonificar a pele.","robots":{"index":"index","follow":"follow","max-snippet":"max-snippet:-1","max-image-preview":"max-image-preview:large","max-video-preview":"max-video-preview:-1"},"canonical":"https:\/\/anaespiritosanto.pt\/?page_id=400","og_locale":"pt_PT","og_type":"article","og_title":"Flacidez facial - Ana Esp\u00edrito Santo, Healthcare","og_description":"Flacidez facial: tratamento para peles maduras. Aumentar a produ\u00e7\u00e3o de colag\u00e9nio e elastina para tonificar a pele.","og_url":"https:\/\/anaespiritosanto.pt\/?page_id=400","og_site_name":"Ana Esp\u00edrito Santo, Healthcare","article_modified_time":"2025-04-24T16:54:19+00:00","og_image":[{"width":1512,"height":851,"url":"https:\/\/anaespiritosanto.pt\/wp-content\/uploads\/2025\/04\/Flacidez_no_rosto_1512x.webp","type":"image\/webp"}],"twitter_card":"summary_large_image","twitter_misc":{"Est. reading time":"2 minutos"},"schema":{"@context":"https:\/\/schema.org","@graph":[{"@type":"WebPage","@id":"https:\/\/anaespiritosanto.pt\/?page_id=400","url":"https:\/\/anaespiritosanto.pt\/?page_id=400","name":"Flacidez facial - Ana Esp\u00edrito Santo, Healthcare","isPartOf":{"@id":"https:\/\/anaespiritosanto.pt\/#website"},"primaryImageOfPage":{"@id":"https:\/\/anaespiritosanto.pt\/?page_id=400#primaryimage"},"image":{"@id":"https:\/\/anaespiritosanto.pt\/?page_id=400#primaryimage"},"thumbnailUrl":"https:\/\/anaespiritosanto.pt\/wp-content\/uploads\/2025\/04\/Flacidez_no_rosto_1512x.webp","datePublished":"2025-04-24T16:51:21+00:00","dateModified":"2025-04-24T16:54:19+00:00","description":"Flacidez facial: tratamento para peles maduras. Aumentar a produ\u00e7\u00e3o de colag\u00e9nio e elastina para tonificar a pele.","breadcrumb":{"@id":"https:\/\/anaespiritosanto.pt\/?page_id=400#breadcrumb"},"inLanguage":"pt-PT","potentialAction":[{"@type":"ReadAction","target":["https:\/\/anaespiritosanto.pt\/?page_id=400"]}]},{"@type":"ImageObject","inLanguage":"pt-PT","@id":"https:\/\/anaespiritosanto.pt\/?page_id=400#primaryimage","url":"https:\/\/anaespiritosanto.pt\/wp-content\/uploads\/2025\/04\/Flacidez_no_rosto_1512x.webp","contentUrl":"https:\/\/anaespiritosanto.pt\/wp-content\/uploads\/2025\/04\/Flacidez_no_rosto_1512x.webp","width":1512,"height":851,"caption":"Flacidez facial"},{"@type":"BreadcrumbList","@id":"https:\/\/anaespiritosanto.pt\/?page_id=400#breadcrumb","itemListElement":[{"@type":"ListItem","position":1,"name":"In\u00edcio","item":"https:\/\/anaespiritosanto.pt\/"},{"@type":"ListItem","position":2,"name":"Flacidez facial"}]},{"@type":"WebSite","@id":"https:\/\/anaespiritosanto.pt\/#website","url":"https:\/\/anaespiritosanto.pt\/","name":"Ana Esp\u00edrito Santo, Healthcare","description":"Enferemeira","publisher":{"@id":"https:\/\/anaespiritosanto.pt\/#organization"},"potentialAction":[{"@type":"SearchAction","target":{"@type":"EntryPoint","urlTemplate":"https:\/\/anaespiritosanto.pt\/?s={search_term_string}"},"query-input":{"@type":"PropertyValueSpecification","valueRequired":true,"valueName":"search_term_string"}}],"inLanguage":"pt-PT"},{"@type":"Organization","@id":"https:\/\/anaespiritosanto.pt\/#organization","name":"Ana Esp\u00edrito Santo, Healthcare","url":"https:\/\/anaespiritosanto.pt\/","logo":{"@type":"ImageObject","inLanguage":"pt-PT","@id":"https:\/\/anaespiritosanto.pt\/#\/schema\/logo\/image\/","url":"https:\/\/anaespiritosanto.pt\/wp-content\/uploads\/2025\/03\/Ana-Luisa-1-1-300x300-1.png","contentUrl":"https:\/\/anaespiritosanto.pt\/wp-content\/uploads\/2025\/03\/Ana-Luisa-1-1-300x300-1.png","width":300,"height":300,"caption":"Ana Esp\u00edrito Santo, Healthcare"},"image":{"@id":"https:\/\/anaespiritosanto.pt\/#\/schema\/logo\/image\/"}}]}},"_links":{"self":[{"href":"https:\/\/anaespiritosanto.pt\/index.php?rest_route=\/wp\/v2\/pages\/400","targetHints":{"allow":["GET"]}}],"collection":[{"href":"https:\/\/anaespiritosanto.pt\/index.php?rest_route=\/wp\/v2\/pages"}],"about":[{"href":"https:\/\/anaespiritosanto.pt\/index.php?rest_route=\/wp\/v2\/types\/page"}],"author":[{"embeddable":true,"href":"https:\/\/anaespiritosanto.pt\/index.php?rest_route=\/wp\/v2\/users\/1"}],"replies":[{"embeddable":true,"href":"https:\/\/anaespiritosanto.pt\/index.php?rest_route=%2Fwp%2Fv2%2Fcomments&post=400"}],"version-history":[{"count":2,"href":"https:\/\/anaespiritosanto.pt\/index.php?rest_route=\/wp\/v2\/pages\/400\/revisions"}],"predecessor-version":[{"id":404,"href":"https:\/\/anaespiritosanto.pt\/index.php?rest_route=\/wp\/v2\/pages\/400\/revisions\/404"}],"wp:featuredmedia":[{"embeddable":true,"href":"https:\/\/anaespiritosanto.pt\/index.php?rest_route=\/wp\/v2\/media\/401"}],"wp:attachment":[{"href":"https:\/\/anaespiritosanto.pt\/index.php?rest_route=%2Fwp%2Fv2%2Fmedia&parent=400"}],"curies":[{"name":"wp","href":"https:\/\/api.w.org\/{rel}","templated":true}]}}