{"id":392,"date":"2025-04-23T19:10:38","date_gmt":"2025-04-23T19:10:38","guid":{"rendered":"https:\/\/anaespiritosanto.pt\/?page_id=392"},"modified":"2025-04-23T19:15:15","modified_gmt":"2025-04-23T19:15:15","slug":"cicatrizes-no-rosto","status":"publish","type":"page","link":"https:\/\/anaespiritosanto.pt\/?page_id=392","title":{"rendered":"Cicatrizes no rosto"},"content":{"rendered":"\n<p class=\"has-poppins-font-family\">A pele est\u00e1 exposta ao ambiente e, por isso, est\u00e1 sujeita \u00e0s mais diversas agress\u00f5es.<br>A nossa face est\u00e1 exposta e por isso sujeita \u00e0s mais diversas agress\u00f5es. Por vezes, as formas mais graves de acne podem deixar \u00a0cicatrizes no rosto, manchas e outras altera\u00e7\u00f5es na superf\u00edcie da pele. Por outro lado, pequenos acidentes podem resultar tamb\u00e9m em cicatrizes inc\u00f3modas.<br>V\u00e1rios tratamentos podem ser utilizados para a corre\u00e7\u00e3o destas cicatrizes e a indica\u00e7\u00e3o de cada um deles depende de cada caso.<br>Numa mesma pessoa, pode ser necess\u00e1ria a utiliza\u00e7\u00e3o de mais do que um m\u00e9todo tornando o tratamento mais demorado de forma a obter-se o melhor resultado, que persistir\u00e1 para sempre.<br><\/p>\n\n\n\n<p class=\"has-poppins-font-family\">Microdermoabras\u00e3o e<strong> <a href=\"https:\/\/anaespiritosanto.pt\/?page_id=208\">Laserterapia<\/a> <\/strong>de \u00faltima gera\u00e7\u00e3o s\u00e3o os recursos mais importantes como tratamentos para solucionar as suas cicatrizes.<\/p>\n\n\n\n<p><\/p>\n\n\n\n<p><\/p>\n\n\n\n<h2 class=\"wp-block-heading\">Objetivos do Tratamento de Cicatrizes no rosto:<\/h2>\n\n\n\n<ul class=\"wp-block-list\">\n<li class=\"has-poppins-font-family\">Eliminar volume de gordura Localizada<\/li>\n\n\n\n<li class=\"has-poppins-font-family\">Esculpir a silhueta<\/li>\n\n\n\n<li class=\"has-poppins-font-family\">Melhor alternativa n\u00e3o-cir\u00fargica<\/li>\n<\/ul>\n\n\n\n<p class=\"has-poppins-font-family\"><strong>DURA\u00c7\u00c3O DA SESS\u00c3O<\/strong>: 50 a 60 min<\/p>\n\n\n\n<p class=\"has-poppins-font-family\"><strong>N\u00daMERO DE SESS\u00d5ES<\/strong>: mediante a avalia\u00e7\u00e3o, 1 x por semana ou 15\/15 dias<\/p>\n\n\n\n<p class=\"has-poppins-font-family\"><strong><a href=\"https:\/\/anaespiritosanto.pt\/\">Voltar ao in\u00edcio<\/a><\/strong><\/p>\n","protected":false},"excerpt":{"rendered":"<p>A pele est\u00e1 exposta ao ambiente e, por isso, est\u00e1 sujeita \u00e0s mais diversas agress\u00f5es.A nossa face est\u00e1 exposta e por isso sujeita \u00e0s mais diversas agress\u00f5es. Por vezes, as formas mais graves de acne podem deixar \u00a0cicatrizes no rosto, manchas e outras altera\u00e7\u00f5es na superf\u00edcie da pele. Por outro lado, pequenos acidentes podem resultar [&hellip;]<\/p>\n","protected":false},"author":1,"featured_media":395,"parent":0,"menu_order":0,"comment_status":"closed","ping_status":"closed","template":"","meta":{"footnotes":""},"class_list":["post-392","page","type-page","status-publish","has-post-thumbnail","hentry"],"yoast_head":"<!-- This site is optimized with the Yoast SEO plugin v24.7 - https:\/\/yoast.com\/wordpress\/plugins\/seo\/ -->\n<title>Cicatrizes no rosto - Ana Esp\u00edrito Santo, Healthcare<\/title>\n<meta name=\"description\" content=\"Cicatrizes no rosto s\u00e3o quase sempre consequ\u00eancia de acne. O tratamento com laser terapia tem resultados excelentes.\" \/>\n<meta name=\"robots\" content=\"index, follow, max-snippet:-1, max-image-preview:large, max-video-preview:-1\" \/>\n<link rel=\"canonical\" href=\"https:\/\/anaespiritosanto.pt\/?page_id=392\" \/>\n<meta property=\"og:locale\" content=\"pt_PT\" \/>\n<meta property=\"og:type\" content=\"article\" \/>\n<meta property=\"og:title\" content=\"Cicatrizes no rosto - Ana Esp\u00edrito Santo, Healthcare\" \/>\n<meta property=\"og:description\" content=\"Cicatrizes no rosto s\u00e3o quase sempre consequ\u00eancia de acne. O tratamento com laser terapia tem resultados excelentes.\" \/>\n<meta property=\"og:url\" content=\"https:\/\/anaespiritosanto.pt\/?page_id=392\" \/>\n<meta property=\"og:site_name\" content=\"Ana Esp\u00edrito Santo, Healthcare\" \/>\n<meta property=\"article:modified_time\" content=\"2025-04-23T19:15:15+00:00\" \/>\n<meta property=\"og:image\" content=\"https:\/\/anaespiritosanto.pt\/wp-content\/uploads\/2025\/04\/20250305_145357.jpg\" \/>\n\t<meta property=\"og:image:width\" content=\"1057\" \/>\n\t<meta property=\"og:image:height\" content=\"1584\" \/>\n\t<meta property=\"og:image:type\" content=\"image\/jpeg\" \/>\n<meta name=\"twitter:card\" content=\"summary_large_image\" \/>\n<meta name=\"twitter:label1\" content=\"Est. reading time\" \/>\n\t<meta name=\"twitter:data1\" content=\"2 minutos\" \/>\n<script type=\"application\/ld+json\" class=\"yoast-schema-graph\">{\"@context\":\"https:\/\/schema.org\",\"@graph\":[{\"@type\":\"WebPage\",\"@id\":\"https:\/\/anaespiritosanto.pt\/?page_id=392\",\"url\":\"https:\/\/anaespiritosanto.pt\/?page_id=392\",\"name\":\"Cicatrizes no rosto - Ana Esp\u00edrito Santo, Healthcare\",\"isPartOf\":{\"@id\":\"https:\/\/anaespiritosanto.pt\/#website\"},\"primaryImageOfPage\":{\"@id\":\"https:\/\/anaespiritosanto.pt\/?page_id=392#primaryimage\"},\"image\":{\"@id\":\"https:\/\/anaespiritosanto.pt\/?page_id=392#primaryimage\"},\"thumbnailUrl\":\"https:\/\/anaespiritosanto.pt\/wp-content\/uploads\/2025\/04\/20250305_145357.jpg\",\"datePublished\":\"2025-04-23T19:10:38+00:00\",\"dateModified\":\"2025-04-23T19:15:15+00:00\",\"description\":\"Cicatrizes no rosto s\u00e3o quase sempre consequ\u00eancia de acne. O tratamento com laser terapia tem resultados excelentes.\",\"breadcrumb\":{\"@id\":\"https:\/\/anaespiritosanto.pt\/?page_id=392#breadcrumb\"},\"inLanguage\":\"pt-PT\",\"potentialAction\":[{\"@type\":\"ReadAction\",\"target\":[\"https:\/\/anaespiritosanto.pt\/?page_id=392\"]}]},{\"@type\":\"ImageObject\",\"inLanguage\":\"pt-PT\",\"@id\":\"https:\/\/anaespiritosanto.pt\/?page_id=392#primaryimage\",\"url\":\"https:\/\/anaespiritosanto.pt\/wp-content\/uploads\/2025\/04\/20250305_145357.jpg\",\"contentUrl\":\"https:\/\/anaespiritosanto.pt\/wp-content\/uploads\/2025\/04\/20250305_145357.jpg\",\"width\":1057,\"height\":1584},{\"@type\":\"BreadcrumbList\",\"@id\":\"https:\/\/anaespiritosanto.pt\/?page_id=392#breadcrumb\",\"itemListElement\":[{\"@type\":\"ListItem\",\"position\":1,\"name\":\"In\u00edcio\",\"item\":\"https:\/\/anaespiritosanto.pt\/\"},{\"@type\":\"ListItem\",\"position\":2,\"name\":\"Cicatrizes no rosto\"}]},{\"@type\":\"WebSite\",\"@id\":\"https:\/\/anaespiritosanto.pt\/#website\",\"url\":\"https:\/\/anaespiritosanto.pt\/\",\"name\":\"Ana Esp\u00edrito Santo, Healthcare\",\"description\":\"Enferemeira\",\"publisher\":{\"@id\":\"https:\/\/anaespiritosanto.pt\/#organization\"},\"potentialAction\":[{\"@type\":\"SearchAction\",\"target\":{\"@type\":\"EntryPoint\",\"urlTemplate\":\"https:\/\/anaespiritosanto.pt\/?s={search_term_string}\"},\"query-input\":{\"@type\":\"PropertyValueSpecification\",\"valueRequired\":true,\"valueName\":\"search_term_string\"}}],\"inLanguage\":\"pt-PT\"},{\"@type\":\"Organization\",\"@id\":\"https:\/\/anaespiritosanto.pt\/#organization\",\"name\":\"Ana Esp\u00edrito Santo, Healthcare\",\"url\":\"https:\/\/anaespiritosanto.pt\/\",\"logo\":{\"@type\":\"ImageObject\",\"inLanguage\":\"pt-PT\",\"@id\":\"https:\/\/anaespiritosanto.pt\/#\/schema\/logo\/image\/\",\"url\":\"https:\/\/anaespiritosanto.pt\/wp-content\/uploads\/2025\/03\/Ana-Luisa-1-1-300x300-1.png\",\"contentUrl\":\"https:\/\/anaespiritosanto.pt\/wp-content\/uploads\/2025\/03\/Ana-Luisa-1-1-300x300-1.png\",\"width\":300,\"height\":300,\"caption\":\"Ana Esp\u00edrito Santo, Healthcare\"},\"image\":{\"@id\":\"https:\/\/anaespiritosanto.pt\/#\/schema\/logo\/image\/\"}}]}<\/script>\n<!-- \/ Yoast SEO plugin. -->","yoast_head_json":{"title":"Cicatrizes no rosto - Ana Esp\u00edrito Santo, Healthcare","description":"Cicatrizes no rosto s\u00e3o quase sempre consequ\u00eancia de acne. O tratamento com laser terapia tem resultados excelentes.","robots":{"index":"index","follow":"follow","max-snippet":"max-snippet:-1","max-image-preview":"max-image-preview:large","max-video-preview":"max-video-preview:-1"},"canonical":"https:\/\/anaespiritosanto.pt\/?page_id=392","og_locale":"pt_PT","og_type":"article","og_title":"Cicatrizes no rosto - Ana Esp\u00edrito Santo, Healthcare","og_description":"Cicatrizes no rosto s\u00e3o quase sempre consequ\u00eancia de acne. O tratamento com laser terapia tem resultados excelentes.","og_url":"https:\/\/anaespiritosanto.pt\/?page_id=392","og_site_name":"Ana Esp\u00edrito Santo, Healthcare","article_modified_time":"2025-04-23T19:15:15+00:00","og_image":[{"width":1057,"height":1584,"url":"https:\/\/anaespiritosanto.pt\/wp-content\/uploads\/2025\/04\/20250305_145357.jpg","type":"image\/jpeg"}],"twitter_card":"summary_large_image","twitter_misc":{"Est. reading time":"2 minutos"},"schema":{"@context":"https:\/\/schema.org","@graph":[{"@type":"WebPage","@id":"https:\/\/anaespiritosanto.pt\/?page_id=392","url":"https:\/\/anaespiritosanto.pt\/?page_id=392","name":"Cicatrizes no rosto - Ana Esp\u00edrito Santo, Healthcare","isPartOf":{"@id":"https:\/\/anaespiritosanto.pt\/#website"},"primaryImageOfPage":{"@id":"https:\/\/anaespiritosanto.pt\/?page_id=392#primaryimage"},"image":{"@id":"https:\/\/anaespiritosanto.pt\/?page_id=392#primaryimage"},"thumbnailUrl":"https:\/\/anaespiritosanto.pt\/wp-content\/uploads\/2025\/04\/20250305_145357.jpg","datePublished":"2025-04-23T19:10:38+00:00","dateModified":"2025-04-23T19:15:15+00:00","description":"Cicatrizes no rosto s\u00e3o quase sempre consequ\u00eancia de acne. O tratamento com laser terapia tem resultados excelentes.","breadcrumb":{"@id":"https:\/\/anaespiritosanto.pt\/?page_id=392#breadcrumb"},"inLanguage":"pt-PT","potentialAction":[{"@type":"ReadAction","target":["https:\/\/anaespiritosanto.pt\/?page_id=392"]}]},{"@type":"ImageObject","inLanguage":"pt-PT","@id":"https:\/\/anaespiritosanto.pt\/?page_id=392#primaryimage","url":"https:\/\/anaespiritosanto.pt\/wp-content\/uploads\/2025\/04\/20250305_145357.jpg","contentUrl":"https:\/\/anaespiritosanto.pt\/wp-content\/uploads\/2025\/04\/20250305_145357.jpg","width":1057,"height":1584},{"@type":"BreadcrumbList","@id":"https:\/\/anaespiritosanto.pt\/?page_id=392#breadcrumb","itemListElement":[{"@type":"ListItem","position":1,"name":"In\u00edcio","item":"https:\/\/anaespiritosanto.pt\/"},{"@type":"ListItem","position":2,"name":"Cicatrizes no rosto"}]},{"@type":"WebSite","@id":"https:\/\/anaespiritosanto.pt\/#website","url":"https:\/\/anaespiritosanto.pt\/","name":"Ana Esp\u00edrito Santo, Healthcare","description":"Enferemeira","publisher":{"@id":"https:\/\/anaespiritosanto.pt\/#organization"},"potentialAction":[{"@type":"SearchAction","target":{"@type":"EntryPoint","urlTemplate":"https:\/\/anaespiritosanto.pt\/?s={search_term_string}"},"query-input":{"@type":"PropertyValueSpecification","valueRequired":true,"valueName":"search_term_string"}}],"inLanguage":"pt-PT"},{"@type":"Organization","@id":"https:\/\/anaespiritosanto.pt\/#organization","name":"Ana Esp\u00edrito Santo, Healthcare","url":"https:\/\/anaespiritosanto.pt\/","logo":{"@type":"ImageObject","inLanguage":"pt-PT","@id":"https:\/\/anaespiritosanto.pt\/#\/schema\/logo\/image\/","url":"https:\/\/anaespiritosanto.pt\/wp-content\/uploads\/2025\/03\/Ana-Luisa-1-1-300x300-1.png","contentUrl":"https:\/\/anaespiritosanto.pt\/wp-content\/uploads\/2025\/03\/Ana-Luisa-1-1-300x300-1.png","width":300,"height":300,"caption":"Ana Esp\u00edrito Santo, Healthcare"},"image":{"@id":"https:\/\/anaespiritosanto.pt\/#\/schema\/logo\/image\/"}}]}},"_links":{"self":[{"href":"https:\/\/anaespiritosanto.pt\/index.php?rest_route=\/wp\/v2\/pages\/392","targetHints":{"allow":["GET"]}}],"collection":[{"href":"https:\/\/anaespiritosanto.pt\/index.php?rest_route=\/wp\/v2\/pages"}],"about":[{"href":"https:\/\/anaespiritosanto.pt\/index.php?rest_route=\/wp\/v2\/types\/page"}],"author":[{"embeddable":true,"href":"https:\/\/anaespiritosanto.pt\/index.php?rest_route=\/wp\/v2\/users\/1"}],"replies":[{"embeddable":true,"href":"https:\/\/anaespiritosanto.pt\/index.php?rest_route=%2Fwp%2Fv2%2Fcomments&post=392"}],"version-history":[{"count":1,"href":"https:\/\/anaespiritosanto.pt\/index.php?rest_route=\/wp\/v2\/pages\/392\/revisions"}],"predecessor-version":[{"id":393,"href":"https:\/\/anaespiritosanto.pt\/index.php?rest_route=\/wp\/v2\/pages\/392\/revisions\/393"}],"wp:featuredmedia":[{"embeddable":true,"href":"https:\/\/anaespiritosanto.pt\/index.php?rest_route=\/wp\/v2\/media\/395"}],"wp:attachment":[{"href":"https:\/\/anaespiritosanto.pt\/index.php?rest_route=%2Fwp%2Fv2%2Fmedia&parent=392"}],"curies":[{"name":"wp","href":"https:\/\/api.w.org\/{rel}","templated":true}]}}