{"id":386,"date":"2025-04-23T18:56:05","date_gmt":"2025-04-23T18:56:05","guid":{"rendered":"https:\/\/anaespiritosanto.pt\/?page_id=386"},"modified":"2025-04-23T18:56:06","modified_gmt":"2025-04-23T18:56:06","slug":"acne","status":"publish","type":"page","link":"https:\/\/anaespiritosanto.pt\/?page_id=386","title":{"rendered":"Acne"},"content":{"rendered":"\n<p class=\"has-poppins-font-family\">A&nbsp;<strong>acne<\/strong>&nbsp;\u00e9 um problema&nbsp;de pele muito comum no rosto e corpo, que atinge homens e mulheres em graus e per\u00edodos vari\u00e1veis. Os adolescentes s\u00e3o os mais afectados, no entanto, o problema pode perdurar na fase adulta.<br>Em geral afeta regi\u00f5es mais oleosas da pele: rosto, costas, peito, pesco\u00e7o e ombros.<br>O acne surge pelo aumento da secre\u00e7\u00e3o seb\u00e1cea e obstru\u00e7\u00e3o do fol\u00edculo polisseb\u00e1ceo. Posteriormente, com a a\u00e7\u00e3o bacteriana, formam-se processos inflamat\u00f3rios, mais ou menos intensos, que se caracterizam por pontos negros, comed\u00f5es, p\u00e1pulas, p\u00fastulas, quistos e abcessos. &nbsp;&nbsp;<br><br><br>Este problema de pele pode ser bastante incomodativo por ser muito vis\u00edvel, principalmente nos quadros de acne intenso que alteram o aspeto do face.<br>O tratamento de acne deve ser implementado desde o inicio para evitar a sua evolu\u00e7\u00e3o e prevenir cicatrizes. Visa sempre a desobstru\u00e7\u00e3o dos fol\u00edculos , o controle da prolifera\u00e7\u00e3o bacteriana e da oleosidade.<br><br><a href=\"https:\/\/anaespiritosanto.pt\/?page_id=208\">Laserterapia<\/a>&nbsp;\u00e9 um dos recurso usados para diminuir a oleosidade, atenuar as cicatrizes, promovendo a renova\u00e7\u00e3o cut\u00e2nea e regenera\u00e7\u00e3o da pele. &nbsp;<\/p>\n\n\n\n<p><\/p>\n\n\n\n<p><\/p>\n\n\n\n<h2 class=\"wp-block-heading\">Objetivos do Tratamento de Acne:<\/h2>\n\n\n\n<ul class=\"wp-block-list\">\n<li class=\"has-poppins-font-family\">Diminui\u00e7\u00e3o da gordura da pele;<\/li>\n\n\n\n<li class=\"has-poppins-font-family\">Melhorar o aspeto das cicatrizes;<\/li>\n\n\n\n<li class=\"has-poppins-font-family\">Regenerar a pele;<\/li>\n\n\n\n<li class=\"has-poppins-font-family\">Pele saud\u00e1vel e luminosa<\/li>\n<\/ul>\n\n\n\n<p class=\"has-poppins-font-family\"><strong>DURA\u00c7\u00c3O DA SESS\u00c3O<\/strong>: 50 a 60 min<\/p>\n\n\n\n<p class=\"has-poppins-font-family\"><strong>N\u00daMERO DE SESS\u00d5ES<\/strong>: mediante a avalia\u00e7\u00e3o, 1 x por semana ou 15\/15 dias<\/p>\n\n\n\n<p class=\"has-poppins-font-family\"><strong><a href=\"https:\/\/anaespiritosanto.pt\/\">Voltar ao in\u00edcio<\/a><\/strong><\/p>\n\n\n\n<p><\/p>\n","protected":false},"excerpt":{"rendered":"<p>A&nbsp;acne&nbsp;\u00e9 um problema&nbsp;de pele muito comum no rosto e corpo, que atinge homens e mulheres em graus e per\u00edodos vari\u00e1veis. Os adolescentes s\u00e3o os mais afectados, no entanto, o problema pode perdurar na fase adulta.Em geral afeta regi\u00f5es mais oleosas da pele: rosto, costas, peito, pesco\u00e7o e ombros.O acne surge pelo aumento da secre\u00e7\u00e3o seb\u00e1cea [&hellip;]<\/p>\n","protected":false},"author":1,"featured_media":387,"parent":0,"menu_order":0,"comment_status":"closed","ping_status":"closed","template":"","meta":{"footnotes":""},"class_list":["post-386","page","type-page","status-publish","has-post-thumbnail","hentry"],"yoast_head":"<!-- This site is optimized with the Yoast SEO plugin v24.7 - https:\/\/yoast.com\/wordpress\/plugins\/seo\/ -->\n<title>Acne - Ana Esp\u00edrito Santo, Healthcare<\/title>\n<meta name=\"robots\" content=\"index, follow, max-snippet:-1, max-image-preview:large, max-video-preview:-1\" \/>\n<link rel=\"canonical\" href=\"https:\/\/anaespiritosanto.pt\/?page_id=386\" \/>\n<meta property=\"og:locale\" content=\"pt_PT\" \/>\n<meta property=\"og:type\" content=\"article\" \/>\n<meta property=\"og:title\" content=\"Acne - Ana Esp\u00edrito Santo, Healthcare\" \/>\n<meta property=\"og:description\" content=\"A&nbsp;acne&nbsp;\u00e9 um problema&nbsp;de pele muito comum no rosto e corpo, que atinge homens e mulheres em graus e per\u00edodos vari\u00e1veis. Os adolescentes s\u00e3o os mais afectados, no entanto, o problema pode perdurar na fase adulta.Em geral afeta regi\u00f5es mais oleosas da pele: rosto, costas, peito, pesco\u00e7o e ombros.O acne surge pelo aumento da secre\u00e7\u00e3o seb\u00e1cea [&hellip;]\" \/>\n<meta property=\"og:url\" content=\"https:\/\/anaespiritosanto.pt\/?page_id=386\" \/>\n<meta property=\"og:site_name\" content=\"Ana Esp\u00edrito Santo, Healthcare\" \/>\n<meta property=\"article:modified_time\" content=\"2025-04-23T18:56:06+00:00\" \/>\n<meta property=\"og:image\" content=\"https:\/\/anaespiritosanto.pt\/wp-content\/uploads\/2025\/04\/best-acne-treatment-scaled.jpg\" \/>\n\t<meta property=\"og:image:width\" content=\"2560\" \/>\n\t<meta property=\"og:image:height\" content=\"1440\" \/>\n\t<meta property=\"og:image:type\" content=\"image\/jpeg\" \/>\n<meta name=\"twitter:card\" content=\"summary_large_image\" \/>\n<meta name=\"twitter:label1\" content=\"Est. reading time\" \/>\n\t<meta name=\"twitter:data1\" content=\"2 minutos\" \/>\n<script type=\"application\/ld+json\" class=\"yoast-schema-graph\">{\"@context\":\"https:\/\/schema.org\",\"@graph\":[{\"@type\":\"WebPage\",\"@id\":\"https:\/\/anaespiritosanto.pt\/?page_id=386\",\"url\":\"https:\/\/anaespiritosanto.pt\/?page_id=386\",\"name\":\"Acne - Ana Esp\u00edrito Santo, Healthcare\",\"isPartOf\":{\"@id\":\"https:\/\/anaespiritosanto.pt\/#website\"},\"primaryImageOfPage\":{\"@id\":\"https:\/\/anaespiritosanto.pt\/?page_id=386#primaryimage\"},\"image\":{\"@id\":\"https:\/\/anaespiritosanto.pt\/?page_id=386#primaryimage\"},\"thumbnailUrl\":\"https:\/\/anaespiritosanto.pt\/wp-content\/uploads\/2025\/04\/best-acne-treatment-scaled.jpg\",\"datePublished\":\"2025-04-23T18:56:05+00:00\",\"dateModified\":\"2025-04-23T18:56:06+00:00\",\"breadcrumb\":{\"@id\":\"https:\/\/anaespiritosanto.pt\/?page_id=386#breadcrumb\"},\"inLanguage\":\"pt-PT\",\"potentialAction\":[{\"@type\":\"ReadAction\",\"target\":[\"https:\/\/anaespiritosanto.pt\/?page_id=386\"]}]},{\"@type\":\"ImageObject\",\"inLanguage\":\"pt-PT\",\"@id\":\"https:\/\/anaespiritosanto.pt\/?page_id=386#primaryimage\",\"url\":\"https:\/\/anaespiritosanto.pt\/wp-content\/uploads\/2025\/04\/best-acne-treatment-scaled.jpg\",\"contentUrl\":\"https:\/\/anaespiritosanto.pt\/wp-content\/uploads\/2025\/04\/best-acne-treatment-scaled.jpg\",\"width\":2560,\"height\":1440,\"caption\":\"Acne\"},{\"@type\":\"BreadcrumbList\",\"@id\":\"https:\/\/anaespiritosanto.pt\/?page_id=386#breadcrumb\",\"itemListElement\":[{\"@type\":\"ListItem\",\"position\":1,\"name\":\"In\u00edcio\",\"item\":\"https:\/\/anaespiritosanto.pt\/\"},{\"@type\":\"ListItem\",\"position\":2,\"name\":\"Acne\"}]},{\"@type\":\"WebSite\",\"@id\":\"https:\/\/anaespiritosanto.pt\/#website\",\"url\":\"https:\/\/anaespiritosanto.pt\/\",\"name\":\"Ana Esp\u00edrito Santo, Healthcare\",\"description\":\"Enferemeira\",\"publisher\":{\"@id\":\"https:\/\/anaespiritosanto.pt\/#organization\"},\"potentialAction\":[{\"@type\":\"SearchAction\",\"target\":{\"@type\":\"EntryPoint\",\"urlTemplate\":\"https:\/\/anaespiritosanto.pt\/?s={search_term_string}\"},\"query-input\":{\"@type\":\"PropertyValueSpecification\",\"valueRequired\":true,\"valueName\":\"search_term_string\"}}],\"inLanguage\":\"pt-PT\"},{\"@type\":\"Organization\",\"@id\":\"https:\/\/anaespiritosanto.pt\/#organization\",\"name\":\"Ana Esp\u00edrito Santo, Healthcare\",\"url\":\"https:\/\/anaespiritosanto.pt\/\",\"logo\":{\"@type\":\"ImageObject\",\"inLanguage\":\"pt-PT\",\"@id\":\"https:\/\/anaespiritosanto.pt\/#\/schema\/logo\/image\/\",\"url\":\"https:\/\/anaespiritosanto.pt\/wp-content\/uploads\/2025\/03\/Ana-Luisa-1-1-300x300-1.png\",\"contentUrl\":\"https:\/\/anaespiritosanto.pt\/wp-content\/uploads\/2025\/03\/Ana-Luisa-1-1-300x300-1.png\",\"width\":300,\"height\":300,\"caption\":\"Ana Esp\u00edrito Santo, Healthcare\"},\"image\":{\"@id\":\"https:\/\/anaespiritosanto.pt\/#\/schema\/logo\/image\/\"}}]}<\/script>\n<!-- \/ Yoast SEO plugin. -->","yoast_head_json":{"title":"Acne - Ana Esp\u00edrito Santo, Healthcare","robots":{"index":"index","follow":"follow","max-snippet":"max-snippet:-1","max-image-preview":"max-image-preview:large","max-video-preview":"max-video-preview:-1"},"canonical":"https:\/\/anaespiritosanto.pt\/?page_id=386","og_locale":"pt_PT","og_type":"article","og_title":"Acne - Ana Esp\u00edrito Santo, Healthcare","og_description":"A&nbsp;acne&nbsp;\u00e9 um problema&nbsp;de pele muito comum no rosto e corpo, que atinge homens e mulheres em graus e per\u00edodos vari\u00e1veis. Os adolescentes s\u00e3o os mais afectados, no entanto, o problema pode perdurar na fase adulta.Em geral afeta regi\u00f5es mais oleosas da pele: rosto, costas, peito, pesco\u00e7o e ombros.O acne surge pelo aumento da secre\u00e7\u00e3o seb\u00e1cea [&hellip;]","og_url":"https:\/\/anaespiritosanto.pt\/?page_id=386","og_site_name":"Ana Esp\u00edrito Santo, Healthcare","article_modified_time":"2025-04-23T18:56:06+00:00","og_image":[{"width":2560,"height":1440,"url":"https:\/\/anaespiritosanto.pt\/wp-content\/uploads\/2025\/04\/best-acne-treatment-scaled.jpg","type":"image\/jpeg"}],"twitter_card":"summary_large_image","twitter_misc":{"Est. reading time":"2 minutos"},"schema":{"@context":"https:\/\/schema.org","@graph":[{"@type":"WebPage","@id":"https:\/\/anaespiritosanto.pt\/?page_id=386","url":"https:\/\/anaespiritosanto.pt\/?page_id=386","name":"Acne - Ana Esp\u00edrito Santo, Healthcare","isPartOf":{"@id":"https:\/\/anaespiritosanto.pt\/#website"},"primaryImageOfPage":{"@id":"https:\/\/anaespiritosanto.pt\/?page_id=386#primaryimage"},"image":{"@id":"https:\/\/anaespiritosanto.pt\/?page_id=386#primaryimage"},"thumbnailUrl":"https:\/\/anaespiritosanto.pt\/wp-content\/uploads\/2025\/04\/best-acne-treatment-scaled.jpg","datePublished":"2025-04-23T18:56:05+00:00","dateModified":"2025-04-23T18:56:06+00:00","breadcrumb":{"@id":"https:\/\/anaespiritosanto.pt\/?page_id=386#breadcrumb"},"inLanguage":"pt-PT","potentialAction":[{"@type":"ReadAction","target":["https:\/\/anaespiritosanto.pt\/?page_id=386"]}]},{"@type":"ImageObject","inLanguage":"pt-PT","@id":"https:\/\/anaespiritosanto.pt\/?page_id=386#primaryimage","url":"https:\/\/anaespiritosanto.pt\/wp-content\/uploads\/2025\/04\/best-acne-treatment-scaled.jpg","contentUrl":"https:\/\/anaespiritosanto.pt\/wp-content\/uploads\/2025\/04\/best-acne-treatment-scaled.jpg","width":2560,"height":1440,"caption":"Acne"},{"@type":"BreadcrumbList","@id":"https:\/\/anaespiritosanto.pt\/?page_id=386#breadcrumb","itemListElement":[{"@type":"ListItem","position":1,"name":"In\u00edcio","item":"https:\/\/anaespiritosanto.pt\/"},{"@type":"ListItem","position":2,"name":"Acne"}]},{"@type":"WebSite","@id":"https:\/\/anaespiritosanto.pt\/#website","url":"https:\/\/anaespiritosanto.pt\/","name":"Ana Esp\u00edrito Santo, Healthcare","description":"Enferemeira","publisher":{"@id":"https:\/\/anaespiritosanto.pt\/#organization"},"potentialAction":[{"@type":"SearchAction","target":{"@type":"EntryPoint","urlTemplate":"https:\/\/anaespiritosanto.pt\/?s={search_term_string}"},"query-input":{"@type":"PropertyValueSpecification","valueRequired":true,"valueName":"search_term_string"}}],"inLanguage":"pt-PT"},{"@type":"Organization","@id":"https:\/\/anaespiritosanto.pt\/#organization","name":"Ana Esp\u00edrito Santo, Healthcare","url":"https:\/\/anaespiritosanto.pt\/","logo":{"@type":"ImageObject","inLanguage":"pt-PT","@id":"https:\/\/anaespiritosanto.pt\/#\/schema\/logo\/image\/","url":"https:\/\/anaespiritosanto.pt\/wp-content\/uploads\/2025\/03\/Ana-Luisa-1-1-300x300-1.png","contentUrl":"https:\/\/anaespiritosanto.pt\/wp-content\/uploads\/2025\/03\/Ana-Luisa-1-1-300x300-1.png","width":300,"height":300,"caption":"Ana Esp\u00edrito Santo, Healthcare"},"image":{"@id":"https:\/\/anaespiritosanto.pt\/#\/schema\/logo\/image\/"}}]}},"_links":{"self":[{"href":"https:\/\/anaespiritosanto.pt\/index.php?rest_route=\/wp\/v2\/pages\/386","targetHints":{"allow":["GET"]}}],"collection":[{"href":"https:\/\/anaespiritosanto.pt\/index.php?rest_route=\/wp\/v2\/pages"}],"about":[{"href":"https:\/\/anaespiritosanto.pt\/index.php?rest_route=\/wp\/v2\/types\/page"}],"author":[{"embeddable":true,"href":"https:\/\/anaespiritosanto.pt\/index.php?rest_route=\/wp\/v2\/users\/1"}],"replies":[{"embeddable":true,"href":"https:\/\/anaespiritosanto.pt\/index.php?rest_route=%2Fwp%2Fv2%2Fcomments&post=386"}],"version-history":[{"count":1,"href":"https:\/\/anaespiritosanto.pt\/index.php?rest_route=\/wp\/v2\/pages\/386\/revisions"}],"predecessor-version":[{"id":388,"href":"https:\/\/anaespiritosanto.pt\/index.php?rest_route=\/wp\/v2\/pages\/386\/revisions\/388"}],"wp:featuredmedia":[{"embeddable":true,"href":"https:\/\/anaespiritosanto.pt\/index.php?rest_route=\/wp\/v2\/media\/387"}],"wp:attachment":[{"href":"https:\/\/anaespiritosanto.pt\/index.php?rest_route=%2Fwp%2Fv2%2Fmedia&parent=386"}],"curies":[{"name":"wp","href":"https:\/\/api.w.org\/{rel}","templated":true}]}}