{"id":379,"date":"2025-04-23T18:34:19","date_gmt":"2025-04-23T18:34:19","guid":{"rendered":"https:\/\/anaespiritosanto.pt\/?page_id=379"},"modified":"2025-04-23T18:34:20","modified_gmt":"2025-04-23T18:34:20","slug":"drenagem-linfatica","status":"publish","type":"page","link":"https:\/\/anaespiritosanto.pt\/?page_id=379","title":{"rendered":"Drenagem Linf\u00e1tica"},"content":{"rendered":"\n<p class=\"has-primary-color has-text-color has-link-color has-poppins-font-family wp-elements-356e2670b5e84fe24ec3fb7c760e5beb\">Drenagem Linf\u00e1tica Manual caracteriza-se por movimentos suaves e precisos, num ritmo lento, com o objectivo de activar a circula\u00e7\u00e3o linf\u00e1tica, fortalecer o sistema imunit\u00e1rio, eliminar as toxinas e diminuir o edema.<\/p>\n\n\n\n<p class=\"has-poppins-font-family\">Esta massagem tem opimos resultados para as pessoas que t\u00eam reten\u00e7\u00e3o de l\u00edquidos devido ao seu efeito drenante e desintoxicante, especialmente em casos de pernas cansadas e inchadas.<\/p>\n\n\n\n<p class=\"has-poppins-font-family\">\u00c9 um tipo de massagem &nbsp;tamb\u00e9m indicado como complemento aos tratamentos anti-celuliticos, pois promove a elimina\u00e7\u00e3o de gordura pela linfa, optimiza o metabolismo dos tecidos e melhora o aspecto da pele.<\/p>\n\n\n\n<p class=\"has-poppins-font-family\">No p\u00f3s-operat\u00f3rio e recupera\u00e7\u00e3o de cirurgia est\u00e9tica (especialmente lipo-aspira\u00e7\u00e3o) a drenagem linf\u00e1tica auxilia na reabsor\u00e7\u00e3o e limpeza de hematomas e toxicidade acumulados.<\/p>\n\n\n\n<p><\/p>\n\n\n\n<p class=\"has-poppins-font-family\"><strong><a href=\"https:\/\/anaespiritosanto.pt\/\">Voltar ao in\u00edcio<\/a><\/strong><\/p>\n\n\n\n<p><\/p>\n","protected":false},"excerpt":{"rendered":"<p>Drenagem Linf\u00e1tica Manual caracteriza-se por movimentos suaves e precisos, num ritmo lento, com o objectivo de activar a circula\u00e7\u00e3o linf\u00e1tica, fortalecer o sistema imunit\u00e1rio, eliminar as toxinas e diminuir o edema. Esta massagem tem opimos resultados para as pessoas que t\u00eam reten\u00e7\u00e3o de l\u00edquidos devido ao seu efeito drenante e desintoxicante, especialmente em casos de [&hellip;]<\/p>\n","protected":false},"author":1,"featured_media":380,"parent":0,"menu_order":0,"comment_status":"closed","ping_status":"closed","template":"","meta":{"footnotes":""},"class_list":["post-379","page","type-page","status-publish","has-post-thumbnail","hentry"],"yoast_head":"<!-- This site is optimized with the Yoast SEO plugin v24.7 - https:\/\/yoast.com\/wordpress\/plugins\/seo\/ -->\n<title>Drenagem Linf\u00e1tica - Ana Esp\u00edrito Santo, Healthcare<\/title>\n<meta name=\"description\" content=\"Drenagem linf\u00e1tica: promove a elimina\u00e7\u00e3o de reten\u00e7\u00e3o de l\u00edquidos, alivio de pernas cansadas, diminui o volume.\" \/>\n<meta name=\"robots\" content=\"index, follow, max-snippet:-1, max-image-preview:large, max-video-preview:-1\" \/>\n<link rel=\"canonical\" href=\"https:\/\/anaespiritosanto.pt\/?page_id=379\" \/>\n<meta property=\"og:locale\" content=\"pt_PT\" \/>\n<meta property=\"og:type\" content=\"article\" \/>\n<meta property=\"og:title\" content=\"Drenagem Linf\u00e1tica - Ana Esp\u00edrito Santo, Healthcare\" \/>\n<meta property=\"og:description\" content=\"Drenagem linf\u00e1tica: promove a elimina\u00e7\u00e3o de reten\u00e7\u00e3o de l\u00edquidos, alivio de pernas cansadas, diminui o volume.\" \/>\n<meta property=\"og:url\" content=\"https:\/\/anaespiritosanto.pt\/?page_id=379\" \/>\n<meta property=\"og:site_name\" content=\"Ana Esp\u00edrito Santo, Healthcare\" \/>\n<meta property=\"article:modified_time\" content=\"2025-04-23T18:34:20+00:00\" \/>\n<meta property=\"og:image\" content=\"https:\/\/anaespiritosanto.pt\/wp-content\/uploads\/2025\/04\/07.jpg\" \/>\n\t<meta property=\"og:image:width\" content=\"1600\" \/>\n\t<meta property=\"og:image:height\" content=\"1104\" \/>\n\t<meta property=\"og:image:type\" content=\"image\/jpeg\" \/>\n<meta name=\"twitter:card\" content=\"summary_large_image\" \/>\n<meta name=\"twitter:label1\" content=\"Est. reading time\" \/>\n\t<meta name=\"twitter:data1\" content=\"1 minuto\" \/>\n<script type=\"application\/ld+json\" class=\"yoast-schema-graph\">{\"@context\":\"https:\/\/schema.org\",\"@graph\":[{\"@type\":\"WebPage\",\"@id\":\"https:\/\/anaespiritosanto.pt\/?page_id=379\",\"url\":\"https:\/\/anaespiritosanto.pt\/?page_id=379\",\"name\":\"Drenagem Linf\u00e1tica - Ana Esp\u00edrito Santo, Healthcare\",\"isPartOf\":{\"@id\":\"https:\/\/anaespiritosanto.pt\/#website\"},\"primaryImageOfPage\":{\"@id\":\"https:\/\/anaespiritosanto.pt\/?page_id=379#primaryimage\"},\"image\":{\"@id\":\"https:\/\/anaespiritosanto.pt\/?page_id=379#primaryimage\"},\"thumbnailUrl\":\"https:\/\/anaespiritosanto.pt\/wp-content\/uploads\/2025\/04\/07.jpg\",\"datePublished\":\"2025-04-23T18:34:19+00:00\",\"dateModified\":\"2025-04-23T18:34:20+00:00\",\"description\":\"Drenagem linf\u00e1tica: promove a elimina\u00e7\u00e3o de reten\u00e7\u00e3o de l\u00edquidos, alivio de pernas cansadas, diminui o volume.\",\"breadcrumb\":{\"@id\":\"https:\/\/anaespiritosanto.pt\/?page_id=379#breadcrumb\"},\"inLanguage\":\"pt-PT\",\"potentialAction\":[{\"@type\":\"ReadAction\",\"target\":[\"https:\/\/anaespiritosanto.pt\/?page_id=379\"]}]},{\"@type\":\"ImageObject\",\"inLanguage\":\"pt-PT\",\"@id\":\"https:\/\/anaespiritosanto.pt\/?page_id=379#primaryimage\",\"url\":\"https:\/\/anaespiritosanto.pt\/wp-content\/uploads\/2025\/04\/07.jpg\",\"contentUrl\":\"https:\/\/anaespiritosanto.pt\/wp-content\/uploads\/2025\/04\/07.jpg\",\"width\":1600,\"height\":1104,\"caption\":\"Drenagem Linf\u00e1tica\"},{\"@type\":\"BreadcrumbList\",\"@id\":\"https:\/\/anaespiritosanto.pt\/?page_id=379#breadcrumb\",\"itemListElement\":[{\"@type\":\"ListItem\",\"position\":1,\"name\":\"In\u00edcio\",\"item\":\"https:\/\/anaespiritosanto.pt\/\"},{\"@type\":\"ListItem\",\"position\":2,\"name\":\"Drenagem Linf\u00e1tica\"}]},{\"@type\":\"WebSite\",\"@id\":\"https:\/\/anaespiritosanto.pt\/#website\",\"url\":\"https:\/\/anaespiritosanto.pt\/\",\"name\":\"Ana Esp\u00edrito Santo, Healthcare\",\"description\":\"Enferemeira\",\"publisher\":{\"@id\":\"https:\/\/anaespiritosanto.pt\/#organization\"},\"potentialAction\":[{\"@type\":\"SearchAction\",\"target\":{\"@type\":\"EntryPoint\",\"urlTemplate\":\"https:\/\/anaespiritosanto.pt\/?s={search_term_string}\"},\"query-input\":{\"@type\":\"PropertyValueSpecification\",\"valueRequired\":true,\"valueName\":\"search_term_string\"}}],\"inLanguage\":\"pt-PT\"},{\"@type\":\"Organization\",\"@id\":\"https:\/\/anaespiritosanto.pt\/#organization\",\"name\":\"Ana Esp\u00edrito Santo, Healthcare\",\"url\":\"https:\/\/anaespiritosanto.pt\/\",\"logo\":{\"@type\":\"ImageObject\",\"inLanguage\":\"pt-PT\",\"@id\":\"https:\/\/anaespiritosanto.pt\/#\/schema\/logo\/image\/\",\"url\":\"https:\/\/anaespiritosanto.pt\/wp-content\/uploads\/2025\/03\/Ana-Luisa-1-1-300x300-1.png\",\"contentUrl\":\"https:\/\/anaespiritosanto.pt\/wp-content\/uploads\/2025\/03\/Ana-Luisa-1-1-300x300-1.png\",\"width\":300,\"height\":300,\"caption\":\"Ana Esp\u00edrito Santo, Healthcare\"},\"image\":{\"@id\":\"https:\/\/anaespiritosanto.pt\/#\/schema\/logo\/image\/\"}}]}<\/script>\n<!-- \/ Yoast SEO plugin. -->","yoast_head_json":{"title":"Drenagem Linf\u00e1tica - Ana Esp\u00edrito Santo, Healthcare","description":"Drenagem linf\u00e1tica: promove a elimina\u00e7\u00e3o de reten\u00e7\u00e3o de l\u00edquidos, alivio de pernas cansadas, diminui o volume.","robots":{"index":"index","follow":"follow","max-snippet":"max-snippet:-1","max-image-preview":"max-image-preview:large","max-video-preview":"max-video-preview:-1"},"canonical":"https:\/\/anaespiritosanto.pt\/?page_id=379","og_locale":"pt_PT","og_type":"article","og_title":"Drenagem Linf\u00e1tica - Ana Esp\u00edrito Santo, Healthcare","og_description":"Drenagem linf\u00e1tica: promove a elimina\u00e7\u00e3o de reten\u00e7\u00e3o de l\u00edquidos, alivio de pernas cansadas, diminui o volume.","og_url":"https:\/\/anaespiritosanto.pt\/?page_id=379","og_site_name":"Ana Esp\u00edrito Santo, Healthcare","article_modified_time":"2025-04-23T18:34:20+00:00","og_image":[{"width":1600,"height":1104,"url":"https:\/\/anaespiritosanto.pt\/wp-content\/uploads\/2025\/04\/07.jpg","type":"image\/jpeg"}],"twitter_card":"summary_large_image","twitter_misc":{"Est. reading time":"1 minuto"},"schema":{"@context":"https:\/\/schema.org","@graph":[{"@type":"WebPage","@id":"https:\/\/anaespiritosanto.pt\/?page_id=379","url":"https:\/\/anaespiritosanto.pt\/?page_id=379","name":"Drenagem Linf\u00e1tica - Ana Esp\u00edrito Santo, Healthcare","isPartOf":{"@id":"https:\/\/anaespiritosanto.pt\/#website"},"primaryImageOfPage":{"@id":"https:\/\/anaespiritosanto.pt\/?page_id=379#primaryimage"},"image":{"@id":"https:\/\/anaespiritosanto.pt\/?page_id=379#primaryimage"},"thumbnailUrl":"https:\/\/anaespiritosanto.pt\/wp-content\/uploads\/2025\/04\/07.jpg","datePublished":"2025-04-23T18:34:19+00:00","dateModified":"2025-04-23T18:34:20+00:00","description":"Drenagem linf\u00e1tica: promove a elimina\u00e7\u00e3o de reten\u00e7\u00e3o de l\u00edquidos, alivio de pernas cansadas, diminui o volume.","breadcrumb":{"@id":"https:\/\/anaespiritosanto.pt\/?page_id=379#breadcrumb"},"inLanguage":"pt-PT","potentialAction":[{"@type":"ReadAction","target":["https:\/\/anaespiritosanto.pt\/?page_id=379"]}]},{"@type":"ImageObject","inLanguage":"pt-PT","@id":"https:\/\/anaespiritosanto.pt\/?page_id=379#primaryimage","url":"https:\/\/anaespiritosanto.pt\/wp-content\/uploads\/2025\/04\/07.jpg","contentUrl":"https:\/\/anaespiritosanto.pt\/wp-content\/uploads\/2025\/04\/07.jpg","width":1600,"height":1104,"caption":"Drenagem Linf\u00e1tica"},{"@type":"BreadcrumbList","@id":"https:\/\/anaespiritosanto.pt\/?page_id=379#breadcrumb","itemListElement":[{"@type":"ListItem","position":1,"name":"In\u00edcio","item":"https:\/\/anaespiritosanto.pt\/"},{"@type":"ListItem","position":2,"name":"Drenagem Linf\u00e1tica"}]},{"@type":"WebSite","@id":"https:\/\/anaespiritosanto.pt\/#website","url":"https:\/\/anaespiritosanto.pt\/","name":"Ana Esp\u00edrito Santo, Healthcare","description":"Enferemeira","publisher":{"@id":"https:\/\/anaespiritosanto.pt\/#organization"},"potentialAction":[{"@type":"SearchAction","target":{"@type":"EntryPoint","urlTemplate":"https:\/\/anaespiritosanto.pt\/?s={search_term_string}"},"query-input":{"@type":"PropertyValueSpecification","valueRequired":true,"valueName":"search_term_string"}}],"inLanguage":"pt-PT"},{"@type":"Organization","@id":"https:\/\/anaespiritosanto.pt\/#organization","name":"Ana Esp\u00edrito Santo, Healthcare","url":"https:\/\/anaespiritosanto.pt\/","logo":{"@type":"ImageObject","inLanguage":"pt-PT","@id":"https:\/\/anaespiritosanto.pt\/#\/schema\/logo\/image\/","url":"https:\/\/anaespiritosanto.pt\/wp-content\/uploads\/2025\/03\/Ana-Luisa-1-1-300x300-1.png","contentUrl":"https:\/\/anaespiritosanto.pt\/wp-content\/uploads\/2025\/03\/Ana-Luisa-1-1-300x300-1.png","width":300,"height":300,"caption":"Ana Esp\u00edrito Santo, Healthcare"},"image":{"@id":"https:\/\/anaespiritosanto.pt\/#\/schema\/logo\/image\/"}}]}},"_links":{"self":[{"href":"https:\/\/anaespiritosanto.pt\/index.php?rest_route=\/wp\/v2\/pages\/379","targetHints":{"allow":["GET"]}}],"collection":[{"href":"https:\/\/anaespiritosanto.pt\/index.php?rest_route=\/wp\/v2\/pages"}],"about":[{"href":"https:\/\/anaespiritosanto.pt\/index.php?rest_route=\/wp\/v2\/types\/page"}],"author":[{"embeddable":true,"href":"https:\/\/anaespiritosanto.pt\/index.php?rest_route=\/wp\/v2\/users\/1"}],"replies":[{"embeddable":true,"href":"https:\/\/anaespiritosanto.pt\/index.php?rest_route=%2Fwp%2Fv2%2Fcomments&post=379"}],"version-history":[{"count":1,"href":"https:\/\/anaespiritosanto.pt\/index.php?rest_route=\/wp\/v2\/pages\/379\/revisions"}],"predecessor-version":[{"id":381,"href":"https:\/\/anaespiritosanto.pt\/index.php?rest_route=\/wp\/v2\/pages\/379\/revisions\/381"}],"wp:featuredmedia":[{"embeddable":true,"href":"https:\/\/anaespiritosanto.pt\/index.php?rest_route=\/wp\/v2\/media\/380"}],"wp:attachment":[{"href":"https:\/\/anaespiritosanto.pt\/index.php?rest_route=%2Fwp%2Fv2%2Fmedia&parent=379"}],"curies":[{"name":"wp","href":"https:\/\/api.w.org\/{rel}","templated":true}]}}