{"id":355,"date":"2025-04-23T17:17:18","date_gmt":"2025-04-23T17:17:18","guid":{"rendered":"https:\/\/anaespiritosanto.pt\/?page_id=355"},"modified":"2025-04-23T17:30:55","modified_gmt":"2025-04-23T17:30:55","slug":"flacidez","status":"publish","type":"page","link":"https:\/\/anaespiritosanto.pt\/?page_id=355","title":{"rendered":"Flacidez"},"content":{"rendered":"\n<p class=\"has-poppins-font-family\">A partir dos 25 anos de idade, as fibras colag\u00e9nio e el\u00e1sticas t\u00eam sua produ\u00e7\u00e3o diminu\u00edda. Nesta altura come\u00e7a a ocorrer um processo de desestrutura\u00e7\u00e3o das mesmas. V\u00e1rios fatores contribuem para acelerar este processo: tabagismo, sedentarismo, dist\u00farbios hormonais, gravidez, obesidade e o emagrecimento importante num curto espa\u00e7o de tempo. Estes e outros relacionados com doen\u00e7as espec\u00edficas, levam aos diversos graus de flacidez. Quanto mais precocemente iniciar o tratamento melhores s\u00e3o os resultados obtidos. O objectivo \u00e9 potenciar o efeito refirmante, fortalecendo a estrutura da epiderme e aumentando a sua turgesc\u00eancia.<\/p>\n\n\n\n<p class=\"has-poppins-font-family\">Existem v\u00e1rios tratamentos profissionais que permitem uma abordagem \u00e0 flacidez de acordo com as caracter\u00edsticas de cada pessoa possibilitando um tratamento mais personalizado.<\/p>\n\n\n\n<p><\/p>\n\n\n\n<figure class=\"wp-block-gallery has-nested-images columns-default is-cropped wp-block-gallery-1 is-layout-flex wp-block-gallery-is-layout-flex\">\n<figure class=\"wp-block-image size-large\"><img loading=\"lazy\" decoding=\"async\" width=\"1024\" height=\"768\" data-id=\"359\" src=\"https:\/\/anaespiritosanto.pt\/wp-content\/uploads\/2025\/04\/Flacidez_Antes.jpg\" alt=\"\" class=\"wp-image-359\" srcset=\"https:\/\/anaespiritosanto.pt\/wp-content\/uploads\/2025\/04\/Flacidez_Antes.jpg 1024w, https:\/\/anaespiritosanto.pt\/wp-content\/uploads\/2025\/04\/Flacidez_Antes-300x225.jpg 300w, https:\/\/anaespiritosanto.pt\/wp-content\/uploads\/2025\/04\/Flacidez_Antes-768x576.jpg 768w\" sizes=\"auto, (max-width: 1024px) 100vw, 1024px\" \/><\/figure>\n\n\n\n<figure class=\"wp-block-image size-large\"><img loading=\"lazy\" decoding=\"async\" width=\"1024\" height=\"768\" data-id=\"360\" src=\"https:\/\/anaespiritosanto.pt\/wp-content\/uploads\/2025\/04\/Flacidez_Depois.jpg\" alt=\"\" class=\"wp-image-360\" srcset=\"https:\/\/anaespiritosanto.pt\/wp-content\/uploads\/2025\/04\/Flacidez_Depois.jpg 1024w, https:\/\/anaespiritosanto.pt\/wp-content\/uploads\/2025\/04\/Flacidez_Depois-300x225.jpg 300w, https:\/\/anaespiritosanto.pt\/wp-content\/uploads\/2025\/04\/Flacidez_Depois-768x576.jpg 768w\" sizes=\"auto, (max-width: 1024px) 100vw, 1024px\" \/><\/figure>\n<\/figure>\n\n\n\n<p><\/p>\n\n\n\n<h2 class=\"wp-block-heading has-poppins-font-family\">Objetivos do Tratamento:<\/h2>\n\n\n\n<ul class=\"wp-block-list\">\n<li class=\"has-poppins-font-family\">Eliminar volume de gordura Localizada<\/li>\n\n\n\n<li class=\"has-poppins-font-family\">Esculpir a silhueta<\/li>\n\n\n\n<li class=\"has-poppins-font-family\">Melhor alternativa n\u00e3o-cir\u00fargica<\/li>\n<\/ul>\n\n\n\n<div class=\"wp-block-group is-layout-grid wp-container-core-group-is-layout-988b637e wp-block-group-is-layout-grid\">\n<div class=\"wp-block-group is-layout-grid wp-container-core-group-is-layout-478b6e6b wp-block-group-is-layout-grid\">\n<p class=\"has-poppins-font-family wp-container-content-69bc4bdf\"><strong>DURA\u00c7\u00c3O DA SESS\u00c3O<\/strong>:   50 a 60 min<\/p>\n<\/div>\n\n\n\n<p class=\"has-poppins-font-family wp-container-content-2155ee95\"><strong>N\u00daMERO DE SESS\u00d5ES<\/strong>:    mediante a avalia\u00e7\u00e3o, 1 x por semana ou 15\/15 dias<\/p>\n<\/div>\n\n\n\n<p class=\"has-poppins-font-family\"><strong><a href=\"https:\/\/anaespiritosanto.pt\/\">Voltar ao in\u00edcio<\/a><\/strong><\/p>\n\n\n\n<p><\/p>\n\n\n\n<p class=\"has-poppins-font-family\"><\/p>\n","protected":false},"excerpt":{"rendered":"<p>A partir dos 25 anos de idade, as fibras colag\u00e9nio e el\u00e1sticas t\u00eam sua produ\u00e7\u00e3o diminu\u00edda. Nesta altura come\u00e7a a ocorrer um processo de desestrutura\u00e7\u00e3o das mesmas. V\u00e1rios fatores contribuem para acelerar este processo: tabagismo, sedentarismo, dist\u00farbios hormonais, gravidez, obesidade e o emagrecimento importante num curto espa\u00e7o de tempo. Estes e outros relacionados com doen\u00e7as [&hellip;]<\/p>\n","protected":false},"author":1,"featured_media":362,"parent":0,"menu_order":0,"comment_status":"closed","ping_status":"closed","template":"","meta":{"footnotes":""},"class_list":["post-355","page","type-page","status-publish","has-post-thumbnail","hentry"],"yoast_head":"<!-- This site is optimized with the Yoast SEO plugin v24.7 - https:\/\/yoast.com\/wordpress\/plugins\/seo\/ -->\n<title>Flacidez - Ana Esp\u00edrito Santo, Healthcare<\/title>\n<meta name=\"description\" content=\"Flacidez: ocorre ao longo do tempo de vida. O tratamento promove tonifica\u00e7\u00e3o de toda a estrutura da pele reafirmando.\" \/>\n<meta name=\"robots\" content=\"index, follow, max-snippet:-1, max-image-preview:large, max-video-preview:-1\" \/>\n<link rel=\"canonical\" href=\"https:\/\/anaespiritosanto.pt\/?page_id=355\" \/>\n<meta property=\"og:locale\" content=\"pt_PT\" \/>\n<meta property=\"og:type\" content=\"article\" \/>\n<meta property=\"og:title\" content=\"Flacidez - Ana Esp\u00edrito Santo, Healthcare\" \/>\n<meta property=\"og:description\" content=\"Flacidez: ocorre ao longo do tempo de vida. O tratamento promove tonifica\u00e7\u00e3o de toda a estrutura da pele reafirmando.\" \/>\n<meta property=\"og:url\" content=\"https:\/\/anaespiritosanto.pt\/?page_id=355\" \/>\n<meta property=\"og:site_name\" content=\"Ana Esp\u00edrito Santo, Healthcare\" \/>\n<meta property=\"article:modified_time\" content=\"2025-04-23T17:30:55+00:00\" \/>\n<meta property=\"og:image\" content=\"https:\/\/anaespiritosanto.pt\/wp-content\/uploads\/2025\/04\/flacidez-nos-bracos-exercicios-e-tratamentos.jpg\" \/>\n\t<meta property=\"og:image:width\" content=\"1257\" \/>\n\t<meta property=\"og:image:height\" content=\"835\" \/>\n\t<meta property=\"og:image:type\" content=\"image\/jpeg\" \/>\n<meta name=\"twitter:card\" content=\"summary_large_image\" \/>\n<meta name=\"twitter:label1\" content=\"Est. reading time\" \/>\n\t<meta name=\"twitter:data1\" content=\"2 minutos\" \/>\n<script type=\"application\/ld+json\" class=\"yoast-schema-graph\">{\"@context\":\"https:\/\/schema.org\",\"@graph\":[{\"@type\":\"WebPage\",\"@id\":\"https:\/\/anaespiritosanto.pt\/?page_id=355\",\"url\":\"https:\/\/anaespiritosanto.pt\/?page_id=355\",\"name\":\"Flacidez - Ana Esp\u00edrito Santo, Healthcare\",\"isPartOf\":{\"@id\":\"https:\/\/anaespiritosanto.pt\/#website\"},\"primaryImageOfPage\":{\"@id\":\"https:\/\/anaespiritosanto.pt\/?page_id=355#primaryimage\"},\"image\":{\"@id\":\"https:\/\/anaespiritosanto.pt\/?page_id=355#primaryimage\"},\"thumbnailUrl\":\"https:\/\/anaespiritosanto.pt\/wp-content\/uploads\/2025\/04\/flacidez-nos-bracos-exercicios-e-tratamentos.jpg\",\"datePublished\":\"2025-04-23T17:17:18+00:00\",\"dateModified\":\"2025-04-23T17:30:55+00:00\",\"description\":\"Flacidez: ocorre ao longo do tempo de vida. O tratamento promove tonifica\u00e7\u00e3o de toda a estrutura da pele reafirmando.\",\"breadcrumb\":{\"@id\":\"https:\/\/anaespiritosanto.pt\/?page_id=355#breadcrumb\"},\"inLanguage\":\"pt-PT\",\"potentialAction\":[{\"@type\":\"ReadAction\",\"target\":[\"https:\/\/anaespiritosanto.pt\/?page_id=355\"]}]},{\"@type\":\"ImageObject\",\"inLanguage\":\"pt-PT\",\"@id\":\"https:\/\/anaespiritosanto.pt\/?page_id=355#primaryimage\",\"url\":\"https:\/\/anaespiritosanto.pt\/wp-content\/uploads\/2025\/04\/flacidez-nos-bracos-exercicios-e-tratamentos.jpg\",\"contentUrl\":\"https:\/\/anaespiritosanto.pt\/wp-content\/uploads\/2025\/04\/flacidez-nos-bracos-exercicios-e-tratamentos.jpg\",\"width\":1257,\"height\":835,\"caption\":\"soft arm on a black background\"},{\"@type\":\"BreadcrumbList\",\"@id\":\"https:\/\/anaespiritosanto.pt\/?page_id=355#breadcrumb\",\"itemListElement\":[{\"@type\":\"ListItem\",\"position\":1,\"name\":\"In\u00edcio\",\"item\":\"https:\/\/anaespiritosanto.pt\/\"},{\"@type\":\"ListItem\",\"position\":2,\"name\":\"Flacidez\"}]},{\"@type\":\"WebSite\",\"@id\":\"https:\/\/anaespiritosanto.pt\/#website\",\"url\":\"https:\/\/anaespiritosanto.pt\/\",\"name\":\"Ana Esp\u00edrito Santo, Healthcare\",\"description\":\"Enferemeira\",\"publisher\":{\"@id\":\"https:\/\/anaespiritosanto.pt\/#organization\"},\"potentialAction\":[{\"@type\":\"SearchAction\",\"target\":{\"@type\":\"EntryPoint\",\"urlTemplate\":\"https:\/\/anaespiritosanto.pt\/?s={search_term_string}\"},\"query-input\":{\"@type\":\"PropertyValueSpecification\",\"valueRequired\":true,\"valueName\":\"search_term_string\"}}],\"inLanguage\":\"pt-PT\"},{\"@type\":\"Organization\",\"@id\":\"https:\/\/anaespiritosanto.pt\/#organization\",\"name\":\"Ana Esp\u00edrito Santo, Healthcare\",\"url\":\"https:\/\/anaespiritosanto.pt\/\",\"logo\":{\"@type\":\"ImageObject\",\"inLanguage\":\"pt-PT\",\"@id\":\"https:\/\/anaespiritosanto.pt\/#\/schema\/logo\/image\/\",\"url\":\"https:\/\/anaespiritosanto.pt\/wp-content\/uploads\/2025\/03\/Ana-Luisa-1-1-300x300-1.png\",\"contentUrl\":\"https:\/\/anaespiritosanto.pt\/wp-content\/uploads\/2025\/03\/Ana-Luisa-1-1-300x300-1.png\",\"width\":300,\"height\":300,\"caption\":\"Ana Esp\u00edrito Santo, Healthcare\"},\"image\":{\"@id\":\"https:\/\/anaespiritosanto.pt\/#\/schema\/logo\/image\/\"}}]}<\/script>\n<!-- \/ Yoast SEO plugin. -->","yoast_head_json":{"title":"Flacidez - Ana Esp\u00edrito Santo, Healthcare","description":"Flacidez: ocorre ao longo do tempo de vida. O tratamento promove tonifica\u00e7\u00e3o de toda a estrutura da pele reafirmando.","robots":{"index":"index","follow":"follow","max-snippet":"max-snippet:-1","max-image-preview":"max-image-preview:large","max-video-preview":"max-video-preview:-1"},"canonical":"https:\/\/anaespiritosanto.pt\/?page_id=355","og_locale":"pt_PT","og_type":"article","og_title":"Flacidez - Ana Esp\u00edrito Santo, Healthcare","og_description":"Flacidez: ocorre ao longo do tempo de vida. O tratamento promove tonifica\u00e7\u00e3o de toda a estrutura da pele reafirmando.","og_url":"https:\/\/anaespiritosanto.pt\/?page_id=355","og_site_name":"Ana Esp\u00edrito Santo, Healthcare","article_modified_time":"2025-04-23T17:30:55+00:00","og_image":[{"width":1257,"height":835,"url":"https:\/\/anaespiritosanto.pt\/wp-content\/uploads\/2025\/04\/flacidez-nos-bracos-exercicios-e-tratamentos.jpg","type":"image\/jpeg"}],"twitter_card":"summary_large_image","twitter_misc":{"Est. reading time":"2 minutos"},"schema":{"@context":"https:\/\/schema.org","@graph":[{"@type":"WebPage","@id":"https:\/\/anaespiritosanto.pt\/?page_id=355","url":"https:\/\/anaespiritosanto.pt\/?page_id=355","name":"Flacidez - Ana Esp\u00edrito Santo, Healthcare","isPartOf":{"@id":"https:\/\/anaespiritosanto.pt\/#website"},"primaryImageOfPage":{"@id":"https:\/\/anaespiritosanto.pt\/?page_id=355#primaryimage"},"image":{"@id":"https:\/\/anaespiritosanto.pt\/?page_id=355#primaryimage"},"thumbnailUrl":"https:\/\/anaespiritosanto.pt\/wp-content\/uploads\/2025\/04\/flacidez-nos-bracos-exercicios-e-tratamentos.jpg","datePublished":"2025-04-23T17:17:18+00:00","dateModified":"2025-04-23T17:30:55+00:00","description":"Flacidez: ocorre ao longo do tempo de vida. O tratamento promove tonifica\u00e7\u00e3o de toda a estrutura da pele reafirmando.","breadcrumb":{"@id":"https:\/\/anaespiritosanto.pt\/?page_id=355#breadcrumb"},"inLanguage":"pt-PT","potentialAction":[{"@type":"ReadAction","target":["https:\/\/anaespiritosanto.pt\/?page_id=355"]}]},{"@type":"ImageObject","inLanguage":"pt-PT","@id":"https:\/\/anaespiritosanto.pt\/?page_id=355#primaryimage","url":"https:\/\/anaespiritosanto.pt\/wp-content\/uploads\/2025\/04\/flacidez-nos-bracos-exercicios-e-tratamentos.jpg","contentUrl":"https:\/\/anaespiritosanto.pt\/wp-content\/uploads\/2025\/04\/flacidez-nos-bracos-exercicios-e-tratamentos.jpg","width":1257,"height":835,"caption":"soft arm on a black background"},{"@type":"BreadcrumbList","@id":"https:\/\/anaespiritosanto.pt\/?page_id=355#breadcrumb","itemListElement":[{"@type":"ListItem","position":1,"name":"In\u00edcio","item":"https:\/\/anaespiritosanto.pt\/"},{"@type":"ListItem","position":2,"name":"Flacidez"}]},{"@type":"WebSite","@id":"https:\/\/anaespiritosanto.pt\/#website","url":"https:\/\/anaespiritosanto.pt\/","name":"Ana Esp\u00edrito Santo, Healthcare","description":"Enferemeira","publisher":{"@id":"https:\/\/anaespiritosanto.pt\/#organization"},"potentialAction":[{"@type":"SearchAction","target":{"@type":"EntryPoint","urlTemplate":"https:\/\/anaespiritosanto.pt\/?s={search_term_string}"},"query-input":{"@type":"PropertyValueSpecification","valueRequired":true,"valueName":"search_term_string"}}],"inLanguage":"pt-PT"},{"@type":"Organization","@id":"https:\/\/anaespiritosanto.pt\/#organization","name":"Ana Esp\u00edrito Santo, Healthcare","url":"https:\/\/anaespiritosanto.pt\/","logo":{"@type":"ImageObject","inLanguage":"pt-PT","@id":"https:\/\/anaespiritosanto.pt\/#\/schema\/logo\/image\/","url":"https:\/\/anaespiritosanto.pt\/wp-content\/uploads\/2025\/03\/Ana-Luisa-1-1-300x300-1.png","contentUrl":"https:\/\/anaespiritosanto.pt\/wp-content\/uploads\/2025\/03\/Ana-Luisa-1-1-300x300-1.png","width":300,"height":300,"caption":"Ana Esp\u00edrito Santo, Healthcare"},"image":{"@id":"https:\/\/anaespiritosanto.pt\/#\/schema\/logo\/image\/"}}]}},"_links":{"self":[{"href":"https:\/\/anaespiritosanto.pt\/index.php?rest_route=\/wp\/v2\/pages\/355","targetHints":{"allow":["GET"]}}],"collection":[{"href":"https:\/\/anaespiritosanto.pt\/index.php?rest_route=\/wp\/v2\/pages"}],"about":[{"href":"https:\/\/anaespiritosanto.pt\/index.php?rest_route=\/wp\/v2\/types\/page"}],"author":[{"embeddable":true,"href":"https:\/\/anaespiritosanto.pt\/index.php?rest_route=\/wp\/v2\/users\/1"}],"replies":[{"embeddable":true,"href":"https:\/\/anaespiritosanto.pt\/index.php?rest_route=%2Fwp%2Fv2%2Fcomments&post=355"}],"version-history":[{"count":5,"href":"https:\/\/anaespiritosanto.pt\/index.php?rest_route=\/wp\/v2\/pages\/355\/revisions"}],"predecessor-version":[{"id":366,"href":"https:\/\/anaespiritosanto.pt\/index.php?rest_route=\/wp\/v2\/pages\/355\/revisions\/366"}],"wp:featuredmedia":[{"embeddable":true,"href":"https:\/\/anaespiritosanto.pt\/index.php?rest_route=\/wp\/v2\/media\/362"}],"wp:attachment":[{"href":"https:\/\/anaespiritosanto.pt\/index.php?rest_route=%2Fwp%2Fv2%2Fmedia&parent=355"}],"curies":[{"name":"wp","href":"https:\/\/api.w.org\/{rel}","templated":true}]}}