{"id":311,"date":"2025-04-23T11:02:54","date_gmt":"2025-04-23T11:02:54","guid":{"rendered":"https:\/\/anaespiritosanto.pt\/?page_id=311"},"modified":"2025-04-23T16:39:51","modified_gmt":"2025-04-23T16:39:51","slug":"gordura-localizada","status":"publish","type":"page","link":"https:\/\/anaespiritosanto.pt\/?page_id=311","title":{"rendered":"Gordura Localizada"},"content":{"rendered":"\n<p class=\"has-poppins-font-family\">A Gordura localizada ou tecido adiposo encontra-se espalhada em v\u00e1rias zonas do corpo. No homem tende a concentrar-se mais na barriga e na mulher na zona das coxas e cintura. \u00c9 uma consequ\u00eancia direta do excesso de peso deve-se a fatores heredit\u00e1rios e hormonais, h\u00e1bitos alimentares desadequados, sedentarismo, stress e ansiedade.<\/p>\n\n\n\n<p class=\"has-poppins-font-family\">Em fun\u00e7\u00e3o das caracter\u00edsticas de cada pessoa, a gordura localizada deve ser tratada atrav\u00e9s de um programa din\u00e2mico e personalizado.<\/p>\n\n\n\n<p class=\"has-poppins-font-family\">V\u00e1rias t\u00e9cnicas s\u00e3o utilizadas como para eliminar a gordura de forma r\u00e1pida e segura : lip\u00f3lise por eletroacupuntura, massagem modeladora, radiofrequ\u00eancia e orienta\u00e7\u00e3o diet\u00e9tica e suplementar . <\/p>\n\n\n\n<figure class=\"wp-block-gallery has-nested-images columns-default is-cropped wp-block-gallery-1 is-layout-flex wp-block-gallery-is-layout-flex\">\n<figure class=\"wp-block-image size-large\"><img loading=\"lazy\" decoding=\"async\" width=\"1024\" height=\"768\" data-id=\"319\" src=\"https:\/\/anaespiritosanto.pt\/wp-content\/uploads\/2025\/04\/20191017_162650-1-1024x768.jpg\" alt=\"\" class=\"wp-image-319\" srcset=\"https:\/\/anaespiritosanto.pt\/wp-content\/uploads\/2025\/04\/20191017_162650-1-1024x768.jpg 1024w, https:\/\/anaespiritosanto.pt\/wp-content\/uploads\/2025\/04\/20191017_162650-1-300x225.jpg 300w, https:\/\/anaespiritosanto.pt\/wp-content\/uploads\/2025\/04\/20191017_162650-1-768x576.jpg 768w, https:\/\/anaespiritosanto.pt\/wp-content\/uploads\/2025\/04\/20191017_162650-1-1536x1152.jpg 1536w, https:\/\/anaespiritosanto.pt\/wp-content\/uploads\/2025\/04\/20191017_162650-1-2048x1536.jpg 2048w\" sizes=\"auto, (max-width: 1024px) 100vw, 1024px\" \/><\/figure>\n\n\n\n<figure class=\"wp-block-image size-large\"><img loading=\"lazy\" decoding=\"async\" width=\"1024\" height=\"768\" data-id=\"320\" src=\"https:\/\/anaespiritosanto.pt\/wp-content\/uploads\/2025\/04\/Lipolise-comprimida-1-1024x768.jpg\" alt=\"\" class=\"wp-image-320\" srcset=\"https:\/\/anaespiritosanto.pt\/wp-content\/uploads\/2025\/04\/Lipolise-comprimida-1-1024x768.jpg 1024w, https:\/\/anaespiritosanto.pt\/wp-content\/uploads\/2025\/04\/Lipolise-comprimida-1-300x225.jpg 300w, https:\/\/anaespiritosanto.pt\/wp-content\/uploads\/2025\/04\/Lipolise-comprimida-1-768x576.jpg 768w, https:\/\/anaespiritosanto.pt\/wp-content\/uploads\/2025\/04\/Lipolise-comprimida-1-1536x1152.jpg 1536w, https:\/\/anaespiritosanto.pt\/wp-content\/uploads\/2025\/04\/Lipolise-comprimida-1-2048x1536.jpg 2048w\" sizes=\"auto, (max-width: 1024px) 100vw, 1024px\" \/><\/figure>\n\n\n\n<figure class=\"wp-block-image size-full\"><img loading=\"lazy\" decoding=\"async\" width=\"300\" height=\"168\" data-id=\"321\" src=\"https:\/\/anaespiritosanto.pt\/wp-content\/uploads\/2025\/04\/transferir-5.jpg\" alt=\"\" class=\"wp-image-321\"\/><\/figure>\n\n\n\n<figure class=\"wp-block-image size-full\"><img loading=\"lazy\" decoding=\"async\" width=\"922\" height=\"1607\" data-id=\"308\" src=\"https:\/\/anaespiritosanto.pt\/wp-content\/uploads\/2025\/04\/IMG-20250422-WA0003-1.jpg\" alt=\"Corpo\" class=\"wp-image-308\" srcset=\"https:\/\/anaespiritosanto.pt\/wp-content\/uploads\/2025\/04\/IMG-20250422-WA0003-1.jpg 922w, https:\/\/anaespiritosanto.pt\/wp-content\/uploads\/2025\/04\/IMG-20250422-WA0003-1-172x300.jpg 172w, https:\/\/anaespiritosanto.pt\/wp-content\/uploads\/2025\/04\/IMG-20250422-WA0003-1-588x1024.jpg 588w, https:\/\/anaespiritosanto.pt\/wp-content\/uploads\/2025\/04\/IMG-20250422-WA0003-1-768x1339.jpg 768w, https:\/\/anaespiritosanto.pt\/wp-content\/uploads\/2025\/04\/IMG-20250422-WA0003-1-881x1536.jpg 881w\" sizes=\"auto, (max-width: 922px) 100vw, 922px\" \/><\/figure>\n\n\n\n<figure class=\"wp-block-image size-full\"><img loading=\"lazy\" decoding=\"async\" width=\"1106\" height=\"1923\" data-id=\"328\" src=\"https:\/\/anaespiritosanto.pt\/wp-content\/uploads\/2025\/04\/1000051990.jpg\" alt=\"\" class=\"wp-image-328\" srcset=\"https:\/\/anaespiritosanto.pt\/wp-content\/uploads\/2025\/04\/1000051990.jpg 1106w, https:\/\/anaespiritosanto.pt\/wp-content\/uploads\/2025\/04\/1000051990-173x300.jpg 173w, https:\/\/anaespiritosanto.pt\/wp-content\/uploads\/2025\/04\/1000051990-589x1024.jpg 589w, https:\/\/anaespiritosanto.pt\/wp-content\/uploads\/2025\/04\/1000051990-768x1335.jpg 768w, https:\/\/anaespiritosanto.pt\/wp-content\/uploads\/2025\/04\/1000051990-883x1536.jpg 883w\" sizes=\"auto, (max-width: 1106px) 100vw, 1106px\" \/><\/figure>\n<\/figure>\n\n\n\n<p><\/p>\n\n\n\n<p><\/p>\n\n\n\n<h2 class=\"wp-block-heading\">Objetivos do Tratamento:<\/h2>\n\n\n\n<ul class=\"wp-block-list\">\n<li class=\"has-poppins-font-family\">Eliminar volume de gordura Localizada<\/li>\n\n\n\n<li class=\"has-poppins-font-family\">Esculpir a silhueta<\/li>\n\n\n\n<li class=\"has-poppins-font-family\">Melhor alternativa n\u00e3o-cir\u00fargica <\/li>\n<\/ul>\n\n\n\n<p><\/p>\n\n\n\n<p><\/p>\n\n\n\n<div class=\"wp-block-group is-layout-grid wp-container-core-group-is-layout-988b637e wp-block-group-is-layout-grid\">\n<p class=\"has-poppins-font-family wp-container-content-2155ee95\"><strong>DURA\u00c7\u00c3O DA SESS\u00c3O<\/strong>: 50 a 60 min<\/p>\n\n\n\n<p class=\"has-poppins-font-family wp-container-content-2155ee95\"><strong>N\u00daMERO DE SESS\u00d5ES<\/strong>: mediante a avalia\u00e7\u00e3o, 1 x por semana ou 15\/15 dias<\/p>\n\n\n\n<p><\/p>\n<\/div>\n\n\n\n<div class=\"wp-block-group is-layout-grid wp-container-core-group-is-layout-478b6e6b wp-block-group-is-layout-grid\">\n<p class=\"has-poppins-font-family\"><\/p>\n\n\n\n<p class=\"has-poppins-font-family\"><\/p>\n<\/div>\n\n\n\n<p><\/p>\n\n\n\n<p><\/p>\n\n\n\n<p><\/p>\n\n\n\n<p><\/p>\n\n\n\n<p class=\"has-poppins-font-family\"><strong><a href=\"https:\/\/anaespiritosanto.pt\/\">Voltar ao in\u00edcio<\/a><\/strong><\/p>\n\n\n\n<p><\/p>\n","protected":false},"excerpt":{"rendered":"<p>A Gordura localizada ou tecido adiposo encontra-se espalhada em v\u00e1rias zonas do corpo. No homem tende a concentrar-se mais na barriga e na mulher na zona das coxas e cintura. \u00c9 uma consequ\u00eancia direta do excesso de peso deve-se a fatores heredit\u00e1rios e hormonais, h\u00e1bitos alimentares desadequados, sedentarismo, stress e ansiedade. Em fun\u00e7\u00e3o das caracter\u00edsticas [&hellip;]<\/p>\n","protected":false},"author":1,"featured_media":312,"parent":0,"menu_order":0,"comment_status":"closed","ping_status":"closed","template":"","meta":{"footnotes":""},"class_list":["post-311","page","type-page","status-publish","has-post-thumbnail","hentry"],"yoast_head":"<!-- This site is optimized with the Yoast SEO plugin v24.7 - https:\/\/yoast.com\/wordpress\/plugins\/seo\/ -->\n<title>Gordura Localizada - Ana Esp\u00edrito Santo, Healthcare<\/title>\n<meta name=\"description\" content=\"Tratamento n\u00e3o cir\u00fargico de gordura localizada para eliminar de forma r\u00e1pida e segura a gordura, com t\u00e9cnicas e tecnologias avan\u00e7adas.\" \/>\n<meta name=\"robots\" content=\"index, follow, max-snippet:-1, max-image-preview:large, max-video-preview:-1\" \/>\n<link rel=\"canonical\" href=\"https:\/\/anaespiritosanto.pt\/?page_id=311\" \/>\n<meta property=\"og:locale\" content=\"pt_PT\" \/>\n<meta property=\"og:type\" content=\"article\" \/>\n<meta property=\"og:title\" content=\"Gordura Localizada - Ana Esp\u00edrito Santo, Healthcare\" \/>\n<meta property=\"og:description\" content=\"Tratamento n\u00e3o cir\u00fargico de gordura localizada para eliminar de forma r\u00e1pida e segura a gordura, com t\u00e9cnicas e tecnologias avan\u00e7adas.\" \/>\n<meta property=\"og:url\" content=\"https:\/\/anaespiritosanto.pt\/?page_id=311\" \/>\n<meta property=\"og:site_name\" content=\"Ana Esp\u00edrito Santo, Healthcare\" \/>\n<meta property=\"article:modified_time\" content=\"2025-04-23T16:39:51+00:00\" \/>\n<meta property=\"og:image\" content=\"https:\/\/anaespiritosanto.pt\/wp-content\/uploads\/2025\/04\/barriga-corpo.jpg\" \/>\n\t<meta property=\"og:image:width\" content=\"1697\" \/>\n\t<meta property=\"og:image:height\" content=\"1131\" \/>\n\t<meta property=\"og:image:type\" content=\"image\/jpeg\" \/>\n<meta name=\"twitter:card\" content=\"summary_large_image\" \/>\n<meta name=\"twitter:label1\" content=\"Est. reading time\" \/>\n\t<meta name=\"twitter:data1\" content=\"2 minutos\" \/>\n<script type=\"application\/ld+json\" class=\"yoast-schema-graph\">{\"@context\":\"https:\/\/schema.org\",\"@graph\":[{\"@type\":\"WebPage\",\"@id\":\"https:\/\/anaespiritosanto.pt\/?page_id=311\",\"url\":\"https:\/\/anaespiritosanto.pt\/?page_id=311\",\"name\":\"Gordura Localizada - Ana Esp\u00edrito Santo, Healthcare\",\"isPartOf\":{\"@id\":\"https:\/\/anaespiritosanto.pt\/#website\"},\"primaryImageOfPage\":{\"@id\":\"https:\/\/anaespiritosanto.pt\/?page_id=311#primaryimage\"},\"image\":{\"@id\":\"https:\/\/anaespiritosanto.pt\/?page_id=311#primaryimage\"},\"thumbnailUrl\":\"https:\/\/anaespiritosanto.pt\/wp-content\/uploads\/2025\/04\/barriga-corpo.jpg\",\"datePublished\":\"2025-04-23T11:02:54+00:00\",\"dateModified\":\"2025-04-23T16:39:51+00:00\",\"description\":\"Tratamento n\u00e3o cir\u00fargico de gordura localizada para eliminar de forma r\u00e1pida e segura a gordura, com t\u00e9cnicas e tecnologias avan\u00e7adas.\",\"breadcrumb\":{\"@id\":\"https:\/\/anaespiritosanto.pt\/?page_id=311#breadcrumb\"},\"inLanguage\":\"pt-PT\",\"potentialAction\":[{\"@type\":\"ReadAction\",\"target\":[\"https:\/\/anaespiritosanto.pt\/?page_id=311\"]}]},{\"@type\":\"ImageObject\",\"inLanguage\":\"pt-PT\",\"@id\":\"https:\/\/anaespiritosanto.pt\/?page_id=311#primaryimage\",\"url\":\"https:\/\/anaespiritosanto.pt\/wp-content\/uploads\/2025\/04\/barriga-corpo.jpg\",\"contentUrl\":\"https:\/\/anaespiritosanto.pt\/wp-content\/uploads\/2025\/04\/barriga-corpo.jpg\",\"width\":1697,\"height\":1131,\"caption\":\"Gordura Localizada\"},{\"@type\":\"BreadcrumbList\",\"@id\":\"https:\/\/anaespiritosanto.pt\/?page_id=311#breadcrumb\",\"itemListElement\":[{\"@type\":\"ListItem\",\"position\":1,\"name\":\"In\u00edcio\",\"item\":\"https:\/\/anaespiritosanto.pt\/\"},{\"@type\":\"ListItem\",\"position\":2,\"name\":\"Gordura Localizada\"}]},{\"@type\":\"WebSite\",\"@id\":\"https:\/\/anaespiritosanto.pt\/#website\",\"url\":\"https:\/\/anaespiritosanto.pt\/\",\"name\":\"Ana Esp\u00edrito Santo, Healthcare\",\"description\":\"Enferemeira\",\"publisher\":{\"@id\":\"https:\/\/anaespiritosanto.pt\/#organization\"},\"potentialAction\":[{\"@type\":\"SearchAction\",\"target\":{\"@type\":\"EntryPoint\",\"urlTemplate\":\"https:\/\/anaespiritosanto.pt\/?s={search_term_string}\"},\"query-input\":{\"@type\":\"PropertyValueSpecification\",\"valueRequired\":true,\"valueName\":\"search_term_string\"}}],\"inLanguage\":\"pt-PT\"},{\"@type\":\"Organization\",\"@id\":\"https:\/\/anaespiritosanto.pt\/#organization\",\"name\":\"Ana Esp\u00edrito Santo, Healthcare\",\"url\":\"https:\/\/anaespiritosanto.pt\/\",\"logo\":{\"@type\":\"ImageObject\",\"inLanguage\":\"pt-PT\",\"@id\":\"https:\/\/anaespiritosanto.pt\/#\/schema\/logo\/image\/\",\"url\":\"https:\/\/anaespiritosanto.pt\/wp-content\/uploads\/2025\/03\/Ana-Luisa-1-1-300x300-1.png\",\"contentUrl\":\"https:\/\/anaespiritosanto.pt\/wp-content\/uploads\/2025\/03\/Ana-Luisa-1-1-300x300-1.png\",\"width\":300,\"height\":300,\"caption\":\"Ana Esp\u00edrito Santo, Healthcare\"},\"image\":{\"@id\":\"https:\/\/anaespiritosanto.pt\/#\/schema\/logo\/image\/\"}}]}<\/script>\n<!-- \/ Yoast SEO plugin. -->","yoast_head_json":{"title":"Gordura Localizada - Ana Esp\u00edrito Santo, Healthcare","description":"Tratamento n\u00e3o cir\u00fargico de gordura localizada para eliminar de forma r\u00e1pida e segura a gordura, com t\u00e9cnicas e tecnologias avan\u00e7adas.","robots":{"index":"index","follow":"follow","max-snippet":"max-snippet:-1","max-image-preview":"max-image-preview:large","max-video-preview":"max-video-preview:-1"},"canonical":"https:\/\/anaespiritosanto.pt\/?page_id=311","og_locale":"pt_PT","og_type":"article","og_title":"Gordura Localizada - Ana Esp\u00edrito Santo, Healthcare","og_description":"Tratamento n\u00e3o cir\u00fargico de gordura localizada para eliminar de forma r\u00e1pida e segura a gordura, com t\u00e9cnicas e tecnologias avan\u00e7adas.","og_url":"https:\/\/anaespiritosanto.pt\/?page_id=311","og_site_name":"Ana Esp\u00edrito Santo, Healthcare","article_modified_time":"2025-04-23T16:39:51+00:00","og_image":[{"width":1697,"height":1131,"url":"https:\/\/anaespiritosanto.pt\/wp-content\/uploads\/2025\/04\/barriga-corpo.jpg","type":"image\/jpeg"}],"twitter_card":"summary_large_image","twitter_misc":{"Est. reading time":"2 minutos"},"schema":{"@context":"https:\/\/schema.org","@graph":[{"@type":"WebPage","@id":"https:\/\/anaespiritosanto.pt\/?page_id=311","url":"https:\/\/anaespiritosanto.pt\/?page_id=311","name":"Gordura Localizada - Ana Esp\u00edrito Santo, Healthcare","isPartOf":{"@id":"https:\/\/anaespiritosanto.pt\/#website"},"primaryImageOfPage":{"@id":"https:\/\/anaespiritosanto.pt\/?page_id=311#primaryimage"},"image":{"@id":"https:\/\/anaespiritosanto.pt\/?page_id=311#primaryimage"},"thumbnailUrl":"https:\/\/anaespiritosanto.pt\/wp-content\/uploads\/2025\/04\/barriga-corpo.jpg","datePublished":"2025-04-23T11:02:54+00:00","dateModified":"2025-04-23T16:39:51+00:00","description":"Tratamento n\u00e3o cir\u00fargico de gordura localizada para eliminar de forma r\u00e1pida e segura a gordura, com t\u00e9cnicas e tecnologias avan\u00e7adas.","breadcrumb":{"@id":"https:\/\/anaespiritosanto.pt\/?page_id=311#breadcrumb"},"inLanguage":"pt-PT","potentialAction":[{"@type":"ReadAction","target":["https:\/\/anaespiritosanto.pt\/?page_id=311"]}]},{"@type":"ImageObject","inLanguage":"pt-PT","@id":"https:\/\/anaespiritosanto.pt\/?page_id=311#primaryimage","url":"https:\/\/anaespiritosanto.pt\/wp-content\/uploads\/2025\/04\/barriga-corpo.jpg","contentUrl":"https:\/\/anaespiritosanto.pt\/wp-content\/uploads\/2025\/04\/barriga-corpo.jpg","width":1697,"height":1131,"caption":"Gordura Localizada"},{"@type":"BreadcrumbList","@id":"https:\/\/anaespiritosanto.pt\/?page_id=311#breadcrumb","itemListElement":[{"@type":"ListItem","position":1,"name":"In\u00edcio","item":"https:\/\/anaespiritosanto.pt\/"},{"@type":"ListItem","position":2,"name":"Gordura Localizada"}]},{"@type":"WebSite","@id":"https:\/\/anaespiritosanto.pt\/#website","url":"https:\/\/anaespiritosanto.pt\/","name":"Ana Esp\u00edrito Santo, Healthcare","description":"Enferemeira","publisher":{"@id":"https:\/\/anaespiritosanto.pt\/#organization"},"potentialAction":[{"@type":"SearchAction","target":{"@type":"EntryPoint","urlTemplate":"https:\/\/anaespiritosanto.pt\/?s={search_term_string}"},"query-input":{"@type":"PropertyValueSpecification","valueRequired":true,"valueName":"search_term_string"}}],"inLanguage":"pt-PT"},{"@type":"Organization","@id":"https:\/\/anaespiritosanto.pt\/#organization","name":"Ana Esp\u00edrito Santo, Healthcare","url":"https:\/\/anaespiritosanto.pt\/","logo":{"@type":"ImageObject","inLanguage":"pt-PT","@id":"https:\/\/anaespiritosanto.pt\/#\/schema\/logo\/image\/","url":"https:\/\/anaespiritosanto.pt\/wp-content\/uploads\/2025\/03\/Ana-Luisa-1-1-300x300-1.png","contentUrl":"https:\/\/anaespiritosanto.pt\/wp-content\/uploads\/2025\/03\/Ana-Luisa-1-1-300x300-1.png","width":300,"height":300,"caption":"Ana Esp\u00edrito Santo, Healthcare"},"image":{"@id":"https:\/\/anaespiritosanto.pt\/#\/schema\/logo\/image\/"}}]}},"_links":{"self":[{"href":"https:\/\/anaespiritosanto.pt\/index.php?rest_route=\/wp\/v2\/pages\/311","targetHints":{"allow":["GET"]}}],"collection":[{"href":"https:\/\/anaespiritosanto.pt\/index.php?rest_route=\/wp\/v2\/pages"}],"about":[{"href":"https:\/\/anaespiritosanto.pt\/index.php?rest_route=\/wp\/v2\/types\/page"}],"author":[{"embeddable":true,"href":"https:\/\/anaespiritosanto.pt\/index.php?rest_route=\/wp\/v2\/users\/1"}],"replies":[{"embeddable":true,"href":"https:\/\/anaespiritosanto.pt\/index.php?rest_route=%2Fwp%2Fv2%2Fcomments&post=311"}],"version-history":[{"count":11,"href":"https:\/\/anaespiritosanto.pt\/index.php?rest_route=\/wp\/v2\/pages\/311\/revisions"}],"predecessor-version":[{"id":340,"href":"https:\/\/anaespiritosanto.pt\/index.php?rest_route=\/wp\/v2\/pages\/311\/revisions\/340"}],"wp:featuredmedia":[{"embeddable":true,"href":"https:\/\/anaespiritosanto.pt\/index.php?rest_route=\/wp\/v2\/media\/312"}],"wp:attachment":[{"href":"https:\/\/anaespiritosanto.pt\/index.php?rest_route=%2Fwp%2Fv2%2Fmedia&parent=311"}],"curies":[{"name":"wp","href":"https:\/\/api.w.org\/{rel}","templated":true}]}}