{"id":223,"date":"2025-04-10T19:34:27","date_gmt":"2025-04-10T19:34:27","guid":{"rendered":"https:\/\/anaespiritosanto.pt\/?page_id=223"},"modified":"2025-04-23T19:00:06","modified_gmt":"2025-04-23T19:00:06","slug":"rosto","status":"publish","type":"page","link":"https:\/\/anaespiritosanto.pt\/?page_id=223","title":{"rendered":"Rosto"},"content":{"rendered":"\n<p class=\"has-poppins-font-family\">O rosto faz parte da sua imagem. \u00c9 o que est\u00e1 inevitavelmente exposto e serve de portal na perce\u00e7\u00e3o entre as pessoas. Como tal, a textura da pele, a luminosidade, as linhas faciais, a simetria e as manchas constroem o seu rosto.<\/p>\n\n\n\n<p class=\"has-poppins-font-family\">\u00c9 indiscut\u00edvel que tenha uma aprecia\u00e7\u00e3o positiva da sua imagem. O seu rosto \u00e9 um espelho de si pr\u00f3prio. Merece ser observado, refletido e apreciado por si. O que comunica atrav\u00e9s do seu rosto \u00e9 uma extens\u00e3o dos seus pensamentos, emo\u00e7\u00f5es, inten\u00e7\u00f5es, etc. As imperfei\u00e7\u00f5es s\u00e3o medalhas do tempo e das experiencias vividas.<\/p>\n\n\n\n<p class=\"has-poppins-font-family\">O retoque, o ajuste est\u00e9tico s\u00e3o leg\u00edtimos e tamb\u00e9m manifesta\u00e7\u00e3o do seu ajuste interior. A corre\u00e7\u00e3o de detalhes \u00e9 um alinhamento com a auto imagem interna at\u00e9 atingir a uma plena express\u00e3o de si pr\u00f3prio. Este processo deve ser cuidadoso e fiel a si. Longe do que os outros pensam ou julgam. N\u00e3o necessita ser uma busca de padr\u00f5es de beleza e de juventude eterna. Seria um preju\u00edzo n\u00e3o respeitar a sua verdade. O retoques devem respeitar o verdadeiro <em>eu<\/em>.<\/p>\n\n\n\n<p class=\"has-poppins-font-family\">A primeira consulta \u00e9 gratuita e consiste em fazer a avalia\u00e7\u00e3o atrav\u00e9s da an\u00e1lise do seu caso particular &nbsp;e das suas caracter\u00edsticas para assim delinear o tratamento mais adequado que permitir\u00e1 &nbsp;atingir os seus objectivos. Nesta consulta poder\u00e1 colocar todas as suas d\u00favidas, expor as suas expectativas e conhecer todos os detalhes dos tratamentos.<br><\/p>\n\n\n\n<p><\/p>\n\n\n\n<p><\/p>\n\n\n\n<h2 class=\"wp-block-heading\">Acne (Rosto)<\/h2>\n\n\n\n<p class=\"has-poppins-font-family\">A <strong>acne<\/strong> \u00e9 um problema&nbsp;de pele muito comum no rosto e corpo, que atinge homens e mulheres em graus e per\u00edodos vari\u00e1veis. Os adolescentes s\u00e3o os mais afectados, no entanto, o problema pode perdurar na fase adulta.<br>Em geral afeta regi\u00f5es mais oleosas da pele: rosto, costas, peito, pesco\u00e7o e ombros.<br>O acne surge pelo aumento da secre\u00e7\u00e3o seb\u00e1cea e obstru\u00e7\u00e3o do fol\u00edculo polisseb\u00e1ceo. Posteriormente, com a a\u00e7\u00e3o bacteriana, formam-se processos inflamat\u00f3rios, mais ou menos intensos, que se caracterizam por pontos negros, comed\u00f5es, p\u00e1pulas, p\u00fastulas, quistos e abcessos. &nbsp;&nbsp;<br><br><br>Este problema de pele pode ser bastante incomodativo por ser muito vis\u00edvel, principalmente nos quadros de acne intenso que alteram o aspeto do face.<br>O tratamento de acne deve ser implementado desde o inicio para evitar a sua evolu\u00e7\u00e3o e prevenir cicatrizes. Visa sempre a desobstru\u00e7\u00e3o dos fol\u00edculos , o controle da prolifera\u00e7\u00e3o bacteriana e da oleosidade.<br><br><a href=\"https:\/\/anaespiritosanto.pt\/?page_id=208\">Laserterapia<\/a> \u00e9 um dos recurso usados para diminuir a oleosidade, atenuar as cicatrizes, promovendo a renova\u00e7\u00e3o cut\u00e2nea e regenera\u00e7\u00e3o da pele. &nbsp;<\/p>\n\n\n\n<p><br><\/p>\n\n\n\n<h2 class=\"wp-block-heading\">Cicatrizes (Rosto)<\/h2>\n\n\n\n<p class=\"has-poppins-font-family\">A pele est\u00e1 exposta ao ambiente e, por isso, est\u00e1 sujeita \u00e0s mais diversas agress\u00f5es.<br>A nossa face est\u00e1 exposta e por isso sujeita \u00e0s mais diversas agress\u00f5es. Por vezes, as formas mais graves de acne podem deixar &nbsp;cicatrizes, manchas e outras altera\u00e7\u00f5es na superf\u00edcie da pele. Por outro lado, pequenos acidentes podem resultar tamb\u00e9m em cicatrizes inc\u00f3modas.<br>V\u00e1rios tratamentos podem ser utilizados para a corre\u00e7\u00e3o destas cicatrizes e a indica\u00e7\u00e3o de cada um deles depende de cada caso.<br>Numa mesma pessoa, pode ser necess\u00e1ria a utiliza\u00e7\u00e3o de mais do que um m\u00e9todo tornando o tratamento mais demorado de forma a obter-se o melhor resultado, que persistir\u00e1 para sempre.<br><\/p>\n\n\n\n<p class=\"has-poppins-font-family\">Microdermoabras\u00e3o e<strong> <a href=\"https:\/\/anaespiritosanto.pt\/?page_id=208\">Laserterapia<\/a> <\/strong>de \u00faltima gera\u00e7\u00e3o s\u00e3o os recursos mais importantes como tratamentos para solucionar as suas cicatrizes.<\/p>\n\n\n\n<p><\/p>\n\n\n\n<p><\/p>\n\n\n\n<p><\/p>\n\n\n\n<h2 class=\"wp-block-heading\">Manchas<\/h2>\n\n\n\n<p class=\"has-poppins-font-family\">As manchas s\u00e3o altera\u00e7\u00f5es de pigmenta\u00e7\u00e3o da pele. S\u00e3o muito comuns e est\u00e3o entre as maiores preocupa\u00e7\u00f5es est\u00e9ticas que justificam o tratamento.<br><br>Podem ser mais escuras que a pele normal (hiperpigmenta\u00e7\u00e3o) ou mais claras (hipopigmenta\u00e7\u00e3o), consequ\u00eancia de altera\u00e7\u00f5es pigmentares que resultam do excesso ou deficiente fixa\u00e7\u00e3o de melanina.<br><br>O melasma s\u00e3o manchas acastanhadas que aparecem predominantemente em \u00e1reas do rosto expostas ao sol como zona malar, testa e l\u00e1bio superior . O problema surge por influ\u00eancia de factores gen\u00e9ticos, gravidez, &nbsp;exposi\u00e7\u00e3o excessiva ao sol, altera\u00e7\u00f5es hormonais ou uso de anti-concepcionais. As manchas podem tornar-se incomodativas, principalmente quando est\u00e3o em zonas bastante visiveis, como no rosto.<br>O recurso ao uso de maquilhagem ou cremes n\u00e3o \u00e9 eficaz para resolver este problema.<br>O tratamento das mancha<strong>s<\/strong> do rosto \u00e9 um tratamento demorado e que exige a persist\u00eancia necess\u00e1ria para levar o tratamento at\u00e9 ao fim.<br><\/p>\n\n\n\n<p class=\"has-poppins-font-family\">Os tratamentos de elei\u00e7\u00e3o que ajudam a resolver este problema: <strong>Microdermoabras\u00e3o, <a href=\"https:\/\/anaespiritosanto.pt\/?page_id=208\">Laserterapia<\/a><\/strong>.<\/p>\n\n\n\n<p class=\"has-poppins-font-family\"><\/p>\n\n\n\n<p><\/p>\n\n\n\n<p><\/p>\n\n\n\n<h2 class=\"wp-block-heading\">Flacidez<\/h2>\n\n\n\n<p class=\"has-poppins-font-family\">Com o passar do tempo, as fibras de colag\u00e9nio e el\u00e1sticas diminuem a sua produ\u00e7\u00e3o, come\u00e7ando a ocorrer um processo de desestrutura\u00e7\u00e3o das mesmas. O resultado vis\u00edvel deste fen\u00f3meno \u00e9 a atrofia do tecido e a queda da pele no rosto.<\/p>\n\n\n\n<p class=\"has-poppins-font-family\">V\u00e1rios fatores contribuem para acelerar este processo: tabagismo, sedentarismo, gravidez, dist\u00farbios hormonais, obesidade, emagrecimento importante num curto espa\u00e7o de tempo, entre outros que levam aos diversos graus de flacidez.<br><br>Quanto mais precocemente for iniciado o tratamento melhores s\u00e3o os resultados obtidos. O objectivo \u00e9 potenciar o efeito refirmante, fortalecendo a estrutura da epiderme e aumentando a sua tonicidade.<\/p>\n\n\n\n<p class=\"has-poppins-font-family\"><a href=\"https:\/\/anaespiritosanto.pt\/?page_id=208\">Laserterapia<\/a> de \u00faltima gera\u00e7\u00e3o \u00e9 o tratamento de elei\u00e7\u00e3o para reduzir a flacidez do pesco\u00e7o e rosto e resgatar mais vitalidade. &nbsp;<\/p>\n\n\n\n<p><\/p>\n\n\n\n<p><\/p>\n\n\n\n<p><\/p>\n\n\n\n<h2 class=\"wp-block-heading\">Rugas<\/h2>\n\n\n\n<p class=\"has-poppins-font-family\">As rugas faciais constituem um dos sinais mais vis\u00edveis do fen\u00f3meno fisiol\u00f3gico do envelhecimento cut\u00e2neo, sendo que o envelhecimento da pele \u00e9 um processo fisiol\u00f3gico impar\u00e1vel e evolutivo. Esse fator constitui um reflexo da idade biol\u00f3gica da pessoa e nem sempre corresponde \u00e0 idade cronol\u00f3gica.<\/p>\n\n\n\n<p class=\"has-poppins-font-family\">O rosto \u00e9 uma \u00e1rea descoberta quando comparado com o corpo, uma vez que este est\u00e1 preservado pela roupa. O envelhecimento celular surge ent\u00e3o como resposta \u00e0 a\u00e7\u00e3o cumulativa das radia\u00e7\u00f5es solares e pela exposi\u00e7\u00e3o ao meio ambiente polu\u00eddo e t\u00f3xico. Os fatores intr\u00ednsecos como alimenta\u00e7\u00e3o desequilibrada, stress, tabagismo e sedentarismo tamb\u00e9m aceleram o surgimento de rugas no rosto. As rugas interrompem a uniformidade da superf\u00edcie cut\u00e2nea e apresentam-se como acentua\u00e7\u00e3o est\u00e1tica das pregas da pele. Estas linhas que se v\u00e3o tornando progressivamente permanentes, evoluem para sulcos, perdas volum\u00e9tricas com flacidez levando a uma altera\u00e7\u00e3o progressiva do desenho do rosto.<br><br><\/p>\n\n\n\n<p><br><br><\/p>\n\n\n\n<p><br><br><\/p>\n","protected":false},"excerpt":{"rendered":"<p>O rosto faz parte da sua imagem. \u00c9 o que est\u00e1 inevitavelmente exposto e serve de portal na perce\u00e7\u00e3o entre as pessoas. Como tal, a textura da pele, a luminosidade, as linhas faciais, a simetria e as manchas constroem o seu rosto. \u00c9 indiscut\u00edvel que tenha uma aprecia\u00e7\u00e3o positiva da sua imagem. O seu rosto [&hellip;]<\/p>\n","protected":false},"author":1,"featured_media":227,"parent":0,"menu_order":0,"comment_status":"closed","ping_status":"closed","template":"","meta":{"footnotes":""},"class_list":["post-223","page","type-page","status-publish","has-post-thumbnail","hentry"],"yoast_head":"<!-- This site is optimized with the Yoast SEO plugin v24.7 - https:\/\/yoast.com\/wordpress\/plugins\/seo\/ -->\n<title>Rosto - Ana Esp\u00edrito Santo, Healthcare<\/title>\n<meta name=\"description\" content=\"Tratamento de rosto com laserterapia de \u00faltima gera\u00e7\u00e3o. : acne e cicatrizes de acne, manchas, flacidez facial e pesco\u00e7o, rugas\" \/>\n<meta name=\"robots\" content=\"index, follow, max-snippet:-1, max-image-preview:large, max-video-preview:-1\" \/>\n<link rel=\"canonical\" href=\"https:\/\/anaespiritosanto.pt\/?page_id=223\" \/>\n<meta property=\"og:locale\" content=\"pt_PT\" \/>\n<meta property=\"og:type\" content=\"article\" \/>\n<meta property=\"og:title\" content=\"Rosto - Ana Esp\u00edrito Santo, Healthcare\" \/>\n<meta property=\"og:description\" content=\"Tratamento de rosto com laserterapia de \u00faltima gera\u00e7\u00e3o. : acne e cicatrizes de acne, manchas, flacidez facial e pesco\u00e7o, rugas\" \/>\n<meta property=\"og:url\" content=\"https:\/\/anaespiritosanto.pt\/?page_id=223\" \/>\n<meta property=\"og:site_name\" content=\"Ana Esp\u00edrito Santo, Healthcare\" \/>\n<meta property=\"article:modified_time\" content=\"2025-04-23T19:00:06+00:00\" \/>\n<meta property=\"og:image\" content=\"https:\/\/anaespiritosanto.pt\/wp-content\/uploads\/2025\/04\/cosmetica-ecologica-chica-kXZ-U308645393347eD-644x483@MujerHoy.jpg\" \/>\n\t<meta property=\"og:image:width\" content=\"644\" \/>\n\t<meta property=\"og:image:height\" content=\"482\" \/>\n\t<meta property=\"og:image:type\" content=\"image\/jpeg\" \/>\n<meta name=\"twitter:card\" content=\"summary_large_image\" \/>\n<meta name=\"twitter:label1\" content=\"Est. reading time\" \/>\n\t<meta name=\"twitter:data1\" content=\"6 minutos\" \/>\n<script type=\"application\/ld+json\" class=\"yoast-schema-graph\">{\"@context\":\"https:\/\/schema.org\",\"@graph\":[{\"@type\":\"WebPage\",\"@id\":\"https:\/\/anaespiritosanto.pt\/?page_id=223\",\"url\":\"https:\/\/anaespiritosanto.pt\/?page_id=223\",\"name\":\"Rosto - Ana Esp\u00edrito Santo, Healthcare\",\"isPartOf\":{\"@id\":\"https:\/\/anaespiritosanto.pt\/#website\"},\"primaryImageOfPage\":{\"@id\":\"https:\/\/anaespiritosanto.pt\/?page_id=223#primaryimage\"},\"image\":{\"@id\":\"https:\/\/anaespiritosanto.pt\/?page_id=223#primaryimage\"},\"thumbnailUrl\":\"https:\/\/anaespiritosanto.pt\/wp-content\/uploads\/2025\/04\/cosmetica-ecologica-chica-kXZ-U308645393347eD-644x483@MujerHoy.jpg\",\"datePublished\":\"2025-04-10T19:34:27+00:00\",\"dateModified\":\"2025-04-23T19:00:06+00:00\",\"description\":\"Tratamento de rosto com laserterapia de \u00faltima gera\u00e7\u00e3o. : acne e cicatrizes de acne, manchas, flacidez facial e pesco\u00e7o, rugas\",\"breadcrumb\":{\"@id\":\"https:\/\/anaespiritosanto.pt\/?page_id=223#breadcrumb\"},\"inLanguage\":\"pt-PT\",\"potentialAction\":[{\"@type\":\"ReadAction\",\"target\":[\"https:\/\/anaespiritosanto.pt\/?page_id=223\"]}]},{\"@type\":\"ImageObject\",\"inLanguage\":\"pt-PT\",\"@id\":\"https:\/\/anaespiritosanto.pt\/?page_id=223#primaryimage\",\"url\":\"https:\/\/anaespiritosanto.pt\/wp-content\/uploads\/2025\/04\/cosmetica-ecologica-chica-kXZ-U308645393347eD-644x483@MujerHoy.jpg\",\"contentUrl\":\"https:\/\/anaespiritosanto.pt\/wp-content\/uploads\/2025\/04\/cosmetica-ecologica-chica-kXZ-U308645393347eD-644x483@MujerHoy.jpg\",\"width\":644,\"height\":482,\"caption\":\"Rosto\"},{\"@type\":\"BreadcrumbList\",\"@id\":\"https:\/\/anaespiritosanto.pt\/?page_id=223#breadcrumb\",\"itemListElement\":[{\"@type\":\"ListItem\",\"position\":1,\"name\":\"In\u00edcio\",\"item\":\"https:\/\/anaespiritosanto.pt\/\"},{\"@type\":\"ListItem\",\"position\":2,\"name\":\"Rosto\"}]},{\"@type\":\"WebSite\",\"@id\":\"https:\/\/anaespiritosanto.pt\/#website\",\"url\":\"https:\/\/anaespiritosanto.pt\/\",\"name\":\"Ana Esp\u00edrito Santo, Healthcare\",\"description\":\"Enferemeira\",\"publisher\":{\"@id\":\"https:\/\/anaespiritosanto.pt\/#organization\"},\"potentialAction\":[{\"@type\":\"SearchAction\",\"target\":{\"@type\":\"EntryPoint\",\"urlTemplate\":\"https:\/\/anaespiritosanto.pt\/?s={search_term_string}\"},\"query-input\":{\"@type\":\"PropertyValueSpecification\",\"valueRequired\":true,\"valueName\":\"search_term_string\"}}],\"inLanguage\":\"pt-PT\"},{\"@type\":\"Organization\",\"@id\":\"https:\/\/anaespiritosanto.pt\/#organization\",\"name\":\"Ana Esp\u00edrito Santo, Healthcare\",\"url\":\"https:\/\/anaespiritosanto.pt\/\",\"logo\":{\"@type\":\"ImageObject\",\"inLanguage\":\"pt-PT\",\"@id\":\"https:\/\/anaespiritosanto.pt\/#\/schema\/logo\/image\/\",\"url\":\"https:\/\/anaespiritosanto.pt\/wp-content\/uploads\/2025\/03\/Ana-Luisa-1-1-300x300-1.png\",\"contentUrl\":\"https:\/\/anaespiritosanto.pt\/wp-content\/uploads\/2025\/03\/Ana-Luisa-1-1-300x300-1.png\",\"width\":300,\"height\":300,\"caption\":\"Ana Esp\u00edrito Santo, Healthcare\"},\"image\":{\"@id\":\"https:\/\/anaespiritosanto.pt\/#\/schema\/logo\/image\/\"}}]}<\/script>\n<!-- \/ Yoast SEO plugin. -->","yoast_head_json":{"title":"Rosto - Ana Esp\u00edrito Santo, Healthcare","description":"Tratamento de rosto com laserterapia de \u00faltima gera\u00e7\u00e3o. : acne e cicatrizes de acne, manchas, flacidez facial e pesco\u00e7o, rugas","robots":{"index":"index","follow":"follow","max-snippet":"max-snippet:-1","max-image-preview":"max-image-preview:large","max-video-preview":"max-video-preview:-1"},"canonical":"https:\/\/anaespiritosanto.pt\/?page_id=223","og_locale":"pt_PT","og_type":"article","og_title":"Rosto - Ana Esp\u00edrito Santo, Healthcare","og_description":"Tratamento de rosto com laserterapia de \u00faltima gera\u00e7\u00e3o. : acne e cicatrizes de acne, manchas, flacidez facial e pesco\u00e7o, rugas","og_url":"https:\/\/anaespiritosanto.pt\/?page_id=223","og_site_name":"Ana Esp\u00edrito Santo, Healthcare","article_modified_time":"2025-04-23T19:00:06+00:00","og_image":[{"width":644,"height":482,"url":"https:\/\/anaespiritosanto.pt\/wp-content\/uploads\/2025\/04\/cosmetica-ecologica-chica-kXZ-U308645393347eD-644x483@MujerHoy.jpg","type":"image\/jpeg"}],"twitter_card":"summary_large_image","twitter_misc":{"Est. reading time":"6 minutos"},"schema":{"@context":"https:\/\/schema.org","@graph":[{"@type":"WebPage","@id":"https:\/\/anaespiritosanto.pt\/?page_id=223","url":"https:\/\/anaespiritosanto.pt\/?page_id=223","name":"Rosto - Ana Esp\u00edrito Santo, Healthcare","isPartOf":{"@id":"https:\/\/anaespiritosanto.pt\/#website"},"primaryImageOfPage":{"@id":"https:\/\/anaespiritosanto.pt\/?page_id=223#primaryimage"},"image":{"@id":"https:\/\/anaespiritosanto.pt\/?page_id=223#primaryimage"},"thumbnailUrl":"https:\/\/anaespiritosanto.pt\/wp-content\/uploads\/2025\/04\/cosmetica-ecologica-chica-kXZ-U308645393347eD-644x483@MujerHoy.jpg","datePublished":"2025-04-10T19:34:27+00:00","dateModified":"2025-04-23T19:00:06+00:00","description":"Tratamento de rosto com laserterapia de \u00faltima gera\u00e7\u00e3o. : acne e cicatrizes de acne, manchas, flacidez facial e pesco\u00e7o, rugas","breadcrumb":{"@id":"https:\/\/anaespiritosanto.pt\/?page_id=223#breadcrumb"},"inLanguage":"pt-PT","potentialAction":[{"@type":"ReadAction","target":["https:\/\/anaespiritosanto.pt\/?page_id=223"]}]},{"@type":"ImageObject","inLanguage":"pt-PT","@id":"https:\/\/anaespiritosanto.pt\/?page_id=223#primaryimage","url":"https:\/\/anaespiritosanto.pt\/wp-content\/uploads\/2025\/04\/cosmetica-ecologica-chica-kXZ-U308645393347eD-644x483@MujerHoy.jpg","contentUrl":"https:\/\/anaespiritosanto.pt\/wp-content\/uploads\/2025\/04\/cosmetica-ecologica-chica-kXZ-U308645393347eD-644x483@MujerHoy.jpg","width":644,"height":482,"caption":"Rosto"},{"@type":"BreadcrumbList","@id":"https:\/\/anaespiritosanto.pt\/?page_id=223#breadcrumb","itemListElement":[{"@type":"ListItem","position":1,"name":"In\u00edcio","item":"https:\/\/anaespiritosanto.pt\/"},{"@type":"ListItem","position":2,"name":"Rosto"}]},{"@type":"WebSite","@id":"https:\/\/anaespiritosanto.pt\/#website","url":"https:\/\/anaespiritosanto.pt\/","name":"Ana Esp\u00edrito Santo, Healthcare","description":"Enferemeira","publisher":{"@id":"https:\/\/anaespiritosanto.pt\/#organization"},"potentialAction":[{"@type":"SearchAction","target":{"@type":"EntryPoint","urlTemplate":"https:\/\/anaespiritosanto.pt\/?s={search_term_string}"},"query-input":{"@type":"PropertyValueSpecification","valueRequired":true,"valueName":"search_term_string"}}],"inLanguage":"pt-PT"},{"@type":"Organization","@id":"https:\/\/anaespiritosanto.pt\/#organization","name":"Ana Esp\u00edrito Santo, Healthcare","url":"https:\/\/anaespiritosanto.pt\/","logo":{"@type":"ImageObject","inLanguage":"pt-PT","@id":"https:\/\/anaespiritosanto.pt\/#\/schema\/logo\/image\/","url":"https:\/\/anaespiritosanto.pt\/wp-content\/uploads\/2025\/03\/Ana-Luisa-1-1-300x300-1.png","contentUrl":"https:\/\/anaespiritosanto.pt\/wp-content\/uploads\/2025\/03\/Ana-Luisa-1-1-300x300-1.png","width":300,"height":300,"caption":"Ana Esp\u00edrito Santo, Healthcare"},"image":{"@id":"https:\/\/anaespiritosanto.pt\/#\/schema\/logo\/image\/"}}]}},"_links":{"self":[{"href":"https:\/\/anaespiritosanto.pt\/index.php?rest_route=\/wp\/v2\/pages\/223","targetHints":{"allow":["GET"]}}],"collection":[{"href":"https:\/\/anaespiritosanto.pt\/index.php?rest_route=\/wp\/v2\/pages"}],"about":[{"href":"https:\/\/anaespiritosanto.pt\/index.php?rest_route=\/wp\/v2\/types\/page"}],"author":[{"embeddable":true,"href":"https:\/\/anaespiritosanto.pt\/index.php?rest_route=\/wp\/v2\/users\/1"}],"replies":[{"embeddable":true,"href":"https:\/\/anaespiritosanto.pt\/index.php?rest_route=%2Fwp%2Fv2%2Fcomments&post=223"}],"version-history":[{"count":4,"href":"https:\/\/anaespiritosanto.pt\/index.php?rest_route=\/wp\/v2\/pages\/223\/revisions"}],"predecessor-version":[{"id":391,"href":"https:\/\/anaespiritosanto.pt\/index.php?rest_route=\/wp\/v2\/pages\/223\/revisions\/391"}],"wp:featuredmedia":[{"embeddable":true,"href":"https:\/\/anaespiritosanto.pt\/index.php?rest_route=\/wp\/v2\/media\/227"}],"wp:attachment":[{"href":"https:\/\/anaespiritosanto.pt\/index.php?rest_route=%2Fwp%2Fv2%2Fmedia&parent=223"}],"curies":[{"name":"wp","href":"https:\/\/api.w.org\/{rel}","templated":true}]}}