{"id":216,"date":"2025-04-09T15:21:04","date_gmt":"2025-04-09T15:21:04","guid":{"rendered":"https:\/\/anaespiritosanto.pt\/?page_id=216"},"modified":"2025-04-09T15:38:05","modified_gmt":"2025-04-09T15:38:05","slug":"terapias","status":"publish","type":"page","link":"https:\/\/anaespiritosanto.pt\/?page_id=216","title":{"rendered":"Terapias"},"content":{"rendered":"\n<p><\/p>\n\n\n\n<p class=\"has-poppins-font-family\">As terapias desenvolvidas s\u00e3o parte integrante da Medicina Tradicional Chinesa.<\/p>\n\n\n\n<ul class=\"wp-block-list\">\n<li class=\"has-poppins-font-family has-upper-heading-font-size\"><strong><a href=\"https:\/\/anaespiritosanto.pt\/?page_id=116\">Acupuntura<\/a><\/strong><\/li>\n\n\n\n<li class=\"has-poppins-font-family has-upper-heading-font-size\"><strong><a href=\"https:\/\/anaespiritosanto.pt\/?page_id=139\">Moxibust\u00e3o<\/a><\/strong><\/li>\n\n\n\n<li class=\"has-poppins-font-family has-upper-heading-font-size\"><a href=\"https:\/\/anaespiritosanto.pt\/?page_id=137\"><strong>Ventosaterapia<\/strong><\/a><\/li>\n\n\n\n<li class=\"has-poppins-font-family has-upper-heading-font-size\"><strong><a href=\"https:\/\/anaespiritosanto.pt\/?page_id=141\">Massagem Terap\u00eautica<\/a><\/strong><\/li>\n<\/ul>\n\n\n\n<p class=\"has-poppins-font-family\">Pr\u00e1ticas reconhecidas pela <a href=\"https:\/\/www.who.int\/es\/news-room\/questions-and-answers\/item\/traditional-medicine\">OMS<\/a><\/p>\n\n\n\n<p><\/p>\n","protected":false},"excerpt":{"rendered":"<p>As terapias desenvolvidas s\u00e3o parte integrante da Medicina Tradicional Chinesa. Pr\u00e1ticas reconhecidas pela OMS<\/p>\n","protected":false},"author":1,"featured_media":222,"parent":0,"menu_order":0,"comment_status":"closed","ping_status":"closed","template":"","meta":{"footnotes":""},"class_list":["post-216","page","type-page","status-publish","has-post-thumbnail","hentry"],"yoast_head":"<!-- This site is optimized with the Yoast SEO plugin v24.7 - https:\/\/yoast.com\/wordpress\/plugins\/seo\/ -->\n<title>Terapias - Ana Esp\u00edrito Santo, Healthcare<\/title>\n<meta name=\"description\" content=\"Terapias complementares. Acupuntura. Moxibust\u00e3o. Ventosaterpia. Massagem Terap\u00eautica. Prevenir doen\u00e7as, promover e recuperar a sa\u00fade.\" \/>\n<meta name=\"robots\" content=\"index, follow, max-snippet:-1, max-image-preview:large, max-video-preview:-1\" \/>\n<link rel=\"canonical\" href=\"https:\/\/anaespiritosanto.pt\/?page_id=216\" \/>\n<meta property=\"og:locale\" content=\"pt_PT\" \/>\n<meta property=\"og:type\" content=\"article\" \/>\n<meta property=\"og:title\" content=\"Terapias - Ana Esp\u00edrito Santo, Healthcare\" \/>\n<meta property=\"og:description\" content=\"Terapias complementares. Acupuntura. Moxibust\u00e3o. Ventosaterpia. Massagem Terap\u00eautica. Prevenir doen\u00e7as, promover e recuperar a sa\u00fade.\" \/>\n<meta property=\"og:url\" content=\"https:\/\/anaespiritosanto.pt\/?page_id=216\" \/>\n<meta property=\"og:site_name\" content=\"Ana Esp\u00edrito Santo, Healthcare\" \/>\n<meta property=\"article:modified_time\" content=\"2025-04-09T15:38:05+00:00\" \/>\n<meta property=\"og:image\" content=\"https:\/\/anaespiritosanto.pt\/wp-content\/uploads\/2025\/04\/Ana-Espirito-Santo-Healthcare-1.jpg\" \/>\n\t<meta property=\"og:image:width\" content=\"1800\" \/>\n\t<meta property=\"og:image:height\" content=\"1200\" \/>\n\t<meta property=\"og:image:type\" content=\"image\/jpeg\" \/>\n<meta name=\"twitter:card\" content=\"summary_large_image\" \/>\n<meta name=\"twitter:label1\" content=\"Est. reading time\" \/>\n\t<meta name=\"twitter:data1\" content=\"1 minuto\" \/>\n<script type=\"application\/ld+json\" class=\"yoast-schema-graph\">{\"@context\":\"https:\/\/schema.org\",\"@graph\":[{\"@type\":\"WebPage\",\"@id\":\"https:\/\/anaespiritosanto.pt\/?page_id=216\",\"url\":\"https:\/\/anaespiritosanto.pt\/?page_id=216\",\"name\":\"Terapias - Ana Esp\u00edrito Santo, Healthcare\",\"isPartOf\":{\"@id\":\"https:\/\/anaespiritosanto.pt\/#website\"},\"primaryImageOfPage\":{\"@id\":\"https:\/\/anaespiritosanto.pt\/?page_id=216#primaryimage\"},\"image\":{\"@id\":\"https:\/\/anaespiritosanto.pt\/?page_id=216#primaryimage\"},\"thumbnailUrl\":\"https:\/\/anaespiritosanto.pt\/wp-content\/uploads\/2025\/04\/Ana-Espirito-Santo-Healthcare-1.jpg\",\"datePublished\":\"2025-04-09T15:21:04+00:00\",\"dateModified\":\"2025-04-09T15:38:05+00:00\",\"description\":\"Terapias complementares. Acupuntura. Moxibust\u00e3o. Ventosaterpia. Massagem Terap\u00eautica. Prevenir doen\u00e7as, promover e recuperar a sa\u00fade.\",\"breadcrumb\":{\"@id\":\"https:\/\/anaespiritosanto.pt\/?page_id=216#breadcrumb\"},\"inLanguage\":\"pt-PT\",\"potentialAction\":[{\"@type\":\"ReadAction\",\"target\":[\"https:\/\/anaespiritosanto.pt\/?page_id=216\"]}]},{\"@type\":\"ImageObject\",\"inLanguage\":\"pt-PT\",\"@id\":\"https:\/\/anaespiritosanto.pt\/?page_id=216#primaryimage\",\"url\":\"https:\/\/anaespiritosanto.pt\/wp-content\/uploads\/2025\/04\/Ana-Espirito-Santo-Healthcare-1.jpg\",\"contentUrl\":\"https:\/\/anaespiritosanto.pt\/wp-content\/uploads\/2025\/04\/Ana-Espirito-Santo-Healthcare-1.jpg\",\"width\":1800,\"height\":1200,\"caption\":\"Terapias\"},{\"@type\":\"BreadcrumbList\",\"@id\":\"https:\/\/anaespiritosanto.pt\/?page_id=216#breadcrumb\",\"itemListElement\":[{\"@type\":\"ListItem\",\"position\":1,\"name\":\"In\u00edcio\",\"item\":\"https:\/\/anaespiritosanto.pt\/\"},{\"@type\":\"ListItem\",\"position\":2,\"name\":\"Terapias\"}]},{\"@type\":\"WebSite\",\"@id\":\"https:\/\/anaespiritosanto.pt\/#website\",\"url\":\"https:\/\/anaespiritosanto.pt\/\",\"name\":\"Ana Esp\u00edrito Santo, Healthcare\",\"description\":\"Enferemeira\",\"publisher\":{\"@id\":\"https:\/\/anaespiritosanto.pt\/#organization\"},\"potentialAction\":[{\"@type\":\"SearchAction\",\"target\":{\"@type\":\"EntryPoint\",\"urlTemplate\":\"https:\/\/anaespiritosanto.pt\/?s={search_term_string}\"},\"query-input\":{\"@type\":\"PropertyValueSpecification\",\"valueRequired\":true,\"valueName\":\"search_term_string\"}}],\"inLanguage\":\"pt-PT\"},{\"@type\":\"Organization\",\"@id\":\"https:\/\/anaespiritosanto.pt\/#organization\",\"name\":\"Ana Esp\u00edrito Santo, Healthcare\",\"url\":\"https:\/\/anaespiritosanto.pt\/\",\"logo\":{\"@type\":\"ImageObject\",\"inLanguage\":\"pt-PT\",\"@id\":\"https:\/\/anaespiritosanto.pt\/#\/schema\/logo\/image\/\",\"url\":\"https:\/\/anaespiritosanto.pt\/wp-content\/uploads\/2025\/03\/Ana-Luisa-1-1-300x300-1.png\",\"contentUrl\":\"https:\/\/anaespiritosanto.pt\/wp-content\/uploads\/2025\/03\/Ana-Luisa-1-1-300x300-1.png\",\"width\":300,\"height\":300,\"caption\":\"Ana Esp\u00edrito Santo, Healthcare\"},\"image\":{\"@id\":\"https:\/\/anaespiritosanto.pt\/#\/schema\/logo\/image\/\"}}]}<\/script>\n<!-- \/ Yoast SEO plugin. -->","yoast_head_json":{"title":"Terapias - Ana Esp\u00edrito Santo, Healthcare","description":"Terapias complementares. Acupuntura. Moxibust\u00e3o. Ventosaterpia. Massagem Terap\u00eautica. Prevenir doen\u00e7as, promover e recuperar a sa\u00fade.","robots":{"index":"index","follow":"follow","max-snippet":"max-snippet:-1","max-image-preview":"max-image-preview:large","max-video-preview":"max-video-preview:-1"},"canonical":"https:\/\/anaespiritosanto.pt\/?page_id=216","og_locale":"pt_PT","og_type":"article","og_title":"Terapias - Ana Esp\u00edrito Santo, Healthcare","og_description":"Terapias complementares. Acupuntura. Moxibust\u00e3o. Ventosaterpia. Massagem Terap\u00eautica. Prevenir doen\u00e7as, promover e recuperar a sa\u00fade.","og_url":"https:\/\/anaespiritosanto.pt\/?page_id=216","og_site_name":"Ana Esp\u00edrito Santo, Healthcare","article_modified_time":"2025-04-09T15:38:05+00:00","og_image":[{"width":1800,"height":1200,"url":"https:\/\/anaespiritosanto.pt\/wp-content\/uploads\/2025\/04\/Ana-Espirito-Santo-Healthcare-1.jpg","type":"image\/jpeg"}],"twitter_card":"summary_large_image","twitter_misc":{"Est. reading time":"1 minuto"},"schema":{"@context":"https:\/\/schema.org","@graph":[{"@type":"WebPage","@id":"https:\/\/anaespiritosanto.pt\/?page_id=216","url":"https:\/\/anaespiritosanto.pt\/?page_id=216","name":"Terapias - Ana Esp\u00edrito Santo, Healthcare","isPartOf":{"@id":"https:\/\/anaespiritosanto.pt\/#website"},"primaryImageOfPage":{"@id":"https:\/\/anaespiritosanto.pt\/?page_id=216#primaryimage"},"image":{"@id":"https:\/\/anaespiritosanto.pt\/?page_id=216#primaryimage"},"thumbnailUrl":"https:\/\/anaespiritosanto.pt\/wp-content\/uploads\/2025\/04\/Ana-Espirito-Santo-Healthcare-1.jpg","datePublished":"2025-04-09T15:21:04+00:00","dateModified":"2025-04-09T15:38:05+00:00","description":"Terapias complementares. Acupuntura. Moxibust\u00e3o. Ventosaterpia. Massagem Terap\u00eautica. Prevenir doen\u00e7as, promover e recuperar a sa\u00fade.","breadcrumb":{"@id":"https:\/\/anaespiritosanto.pt\/?page_id=216#breadcrumb"},"inLanguage":"pt-PT","potentialAction":[{"@type":"ReadAction","target":["https:\/\/anaespiritosanto.pt\/?page_id=216"]}]},{"@type":"ImageObject","inLanguage":"pt-PT","@id":"https:\/\/anaespiritosanto.pt\/?page_id=216#primaryimage","url":"https:\/\/anaespiritosanto.pt\/wp-content\/uploads\/2025\/04\/Ana-Espirito-Santo-Healthcare-1.jpg","contentUrl":"https:\/\/anaespiritosanto.pt\/wp-content\/uploads\/2025\/04\/Ana-Espirito-Santo-Healthcare-1.jpg","width":1800,"height":1200,"caption":"Terapias"},{"@type":"BreadcrumbList","@id":"https:\/\/anaespiritosanto.pt\/?page_id=216#breadcrumb","itemListElement":[{"@type":"ListItem","position":1,"name":"In\u00edcio","item":"https:\/\/anaespiritosanto.pt\/"},{"@type":"ListItem","position":2,"name":"Terapias"}]},{"@type":"WebSite","@id":"https:\/\/anaespiritosanto.pt\/#website","url":"https:\/\/anaespiritosanto.pt\/","name":"Ana Esp\u00edrito Santo, Healthcare","description":"Enferemeira","publisher":{"@id":"https:\/\/anaespiritosanto.pt\/#organization"},"potentialAction":[{"@type":"SearchAction","target":{"@type":"EntryPoint","urlTemplate":"https:\/\/anaespiritosanto.pt\/?s={search_term_string}"},"query-input":{"@type":"PropertyValueSpecification","valueRequired":true,"valueName":"search_term_string"}}],"inLanguage":"pt-PT"},{"@type":"Organization","@id":"https:\/\/anaespiritosanto.pt\/#organization","name":"Ana Esp\u00edrito Santo, Healthcare","url":"https:\/\/anaespiritosanto.pt\/","logo":{"@type":"ImageObject","inLanguage":"pt-PT","@id":"https:\/\/anaespiritosanto.pt\/#\/schema\/logo\/image\/","url":"https:\/\/anaespiritosanto.pt\/wp-content\/uploads\/2025\/03\/Ana-Luisa-1-1-300x300-1.png","contentUrl":"https:\/\/anaespiritosanto.pt\/wp-content\/uploads\/2025\/03\/Ana-Luisa-1-1-300x300-1.png","width":300,"height":300,"caption":"Ana Esp\u00edrito Santo, Healthcare"},"image":{"@id":"https:\/\/anaespiritosanto.pt\/#\/schema\/logo\/image\/"}}]}},"_links":{"self":[{"href":"https:\/\/anaespiritosanto.pt\/index.php?rest_route=\/wp\/v2\/pages\/216","targetHints":{"allow":["GET"]}}],"collection":[{"href":"https:\/\/anaespiritosanto.pt\/index.php?rest_route=\/wp\/v2\/pages"}],"about":[{"href":"https:\/\/anaespiritosanto.pt\/index.php?rest_route=\/wp\/v2\/types\/page"}],"author":[{"embeddable":true,"href":"https:\/\/anaespiritosanto.pt\/index.php?rest_route=\/wp\/v2\/users\/1"}],"replies":[{"embeddable":true,"href":"https:\/\/anaespiritosanto.pt\/index.php?rest_route=%2Fwp%2Fv2%2Fcomments&post=216"}],"version-history":[{"count":1,"href":"https:\/\/anaespiritosanto.pt\/index.php?rest_route=\/wp\/v2\/pages\/216\/revisions"}],"predecessor-version":[{"id":218,"href":"https:\/\/anaespiritosanto.pt\/index.php?rest_route=\/wp\/v2\/pages\/216\/revisions\/218"}],"wp:featuredmedia":[{"embeddable":true,"href":"https:\/\/anaespiritosanto.pt\/index.php?rest_route=\/wp\/v2\/media\/222"}],"wp:attachment":[{"href":"https:\/\/anaespiritosanto.pt\/index.php?rest_route=%2Fwp%2Fv2%2Fmedia&parent=216"}],"curies":[{"name":"wp","href":"https:\/\/api.w.org\/{rel}","templated":true}]}}