{"id":208,"date":"2025-03-27T19:53:58","date_gmt":"2025-03-27T19:53:58","guid":{"rendered":"https:\/\/anaespiritosanto.pt\/?page_id=208"},"modified":"2025-04-23T18:48:04","modified_gmt":"2025-04-23T18:48:04","slug":"laserterapia","status":"publish","type":"page","link":"https:\/\/anaespiritosanto.pt\/?page_id=208","title":{"rendered":"Laserterapia"},"content":{"rendered":"\n<p class=\"has-poppins-font-family\">A Laserterapia constitui uma conquista impressionante nos avan\u00e7os tecnol\u00f3gicos em sa\u00fade. Os tratamentos de laser s\u00e3o uma revolu\u00e7\u00e3o que permitem uma vasta abordagem terap\u00eautica, t\u00e9cnica vers\u00e1til, segura e eficaz. Desde interven\u00e7\u00f5es dermatol\u00f3gicas at\u00e9 \u00e0 reabilita\u00e7\u00e3o dos tecidos, esta t\u00e9cnica tem mostrado incontorn\u00e1veis evid\u00eancias.<\/p>\n\n\n\n<p class=\"has-poppins-font-family\">A laserterapia atua estimulando os tecidos biol\u00f3gicos com feixes de luz de diferentes comprimentos de onda. Ocorre uma s\u00e9rie de efeitos fisiol\u00f3gicos, que variam desde a regenera\u00e7\u00e3o celular at\u00e9 a redu\u00e7\u00e3o da inflama\u00e7\u00e3o, dependendo das especifica\u00e7\u00f5es do tratamento e do quadro cl\u00ednico do paciente.<\/p>\n\n\n\n<p class=\"has-poppins-font-family\">Na <a href=\"https:\/\/lasercareclinic.pt\/tratamentos-a-laser\/\">Laser Clinic<\/a> contamos com uma gama de aparelhos de \u00faltima gera\u00e7\u00e3o capazes de oferecer os melhores  e mais inovadores tratamentos com resultados espetaculares a longo prazo. <\/p>\n\n\n\n<p class=\"has-poppins-font-family\"><\/p>\n\n\n\n<h2 class=\"wp-block-heading\">Os tratamentos de laserterapia<\/h2>\n\n\n\n<p class=\"has-poppins-font-family\"><strong>Rejuvenescimento Facial<\/strong>: Tratamento n\u00e3o-invasivo com resultados consistentes ao longo do tempo para quem pretende poupar-se \u00e0 cirurgia ou tratamentos invasivos. O laser n\u00e3o-ablativo no rosto estimula a atividade dos fibroblastos para produzir novo colag\u00e9nio diminuindo as linhas profundas ou rugas.  Permite uma regenera\u00e7\u00e3o bem vis\u00edvel da pele com melhoria da vitalidade, hidrata\u00e7\u00e3o e luminosidade da pele. <\/p>\n\n\n\n<p class=\"has-poppins-font-family\"><strong>Elimina\u00e7\u00e3o de Gordura e celulite<\/strong>;<\/p>\n\n\n\n<p class=\"has-poppins-font-family\"><strong>Rejuvenescimento genital<\/strong>;<\/p>\n\n\n\n<p class=\"has-poppins-font-family\"><strong>Clareamento de \u00e1reas hiperpigmentadas (axilas e virilhas)<\/strong>;<\/p>\n\n\n\n<p class=\"has-poppins-font-family\"><strong>Remo\u00e7\u00e3o de manchas<\/strong>;<\/p>\n\n\n\n<p class=\"has-poppins-font-family\"><strong>Elimina\u00e7\u00e3o de cicatrizes<\/strong>;<\/p>\n\n\n\n<p class=\"has-poppins-font-family\"><strong>Estrias<\/strong>;<\/p>\n\n\n\n<p class=\"has-poppins-font-family\"><strong>Atrofia vulvo vaginal<\/strong>;<\/p>\n\n\n\n<p class=\"has-poppins-font-family\"><strong>Incontin\u00eancia urin\u00e1ria<\/strong>;<\/p>\n\n\n\n<p class=\"has-poppins-font-family\"><strong>L\u00edquen escleroso<\/strong>;<\/p>\n\n\n\n<p class=\"has-poppins-font-family\"><strong>Depila\u00e7\u00e3o<\/strong>.<\/p>\n\n\n\n<p class=\"has-poppins-font-family\">Voltar ao <a href=\"https:\/\/anaespiritosanto.pt\/\">In\u00edcio<\/a><\/p>\n\n\n\n<p><\/p>\n","protected":false},"excerpt":{"rendered":"<p>A Laserterapia constitui uma conquista impressionante nos avan\u00e7os tecnol\u00f3gicos em sa\u00fade. Os tratamentos de laser s\u00e3o uma revolu\u00e7\u00e3o que permitem uma vasta abordagem terap\u00eautica, t\u00e9cnica vers\u00e1til, segura e eficaz. Desde interven\u00e7\u00f5es dermatol\u00f3gicas at\u00e9 \u00e0 reabilita\u00e7\u00e3o dos tecidos, esta t\u00e9cnica tem mostrado incontorn\u00e1veis evid\u00eancias. A laserterapia atua estimulando os tecidos biol\u00f3gicos com feixes de luz de [&hellip;]<\/p>\n","protected":false},"author":1,"featured_media":83,"parent":0,"menu_order":0,"comment_status":"closed","ping_status":"closed","template":"","meta":{"footnotes":""},"class_list":["post-208","page","type-page","status-publish","has-post-thumbnail","hentry"],"yoast_head":"<!-- This site is optimized with the Yoast SEO plugin v24.7 - https:\/\/yoast.com\/wordpress\/plugins\/seo\/ -->\n<title>Laserterapia - Ana Esp\u00edrito Santo, Healthcare<\/title>\n<meta name=\"description\" content=\"Laserterapia, rejuvenescimento facial intensivo, diminui\u00e7\u00e3o de rugas e flacidez, diminui\u00e7\u00e3o da papada, redu\u00e7\u00e3o de gordura e celulite.\" \/>\n<meta name=\"robots\" content=\"index, follow, max-snippet:-1, max-image-preview:large, max-video-preview:-1\" \/>\n<link rel=\"canonical\" href=\"https:\/\/anaespiritosanto.pt\/?page_id=208\" \/>\n<meta property=\"og:locale\" content=\"pt_PT\" \/>\n<meta property=\"og:type\" content=\"article\" \/>\n<meta property=\"og:title\" content=\"Laserterapia - Ana Esp\u00edrito Santo, Healthcare\" \/>\n<meta property=\"og:description\" content=\"Laserterapia, rejuvenescimento facial intensivo, diminui\u00e7\u00e3o de rugas e flacidez, diminui\u00e7\u00e3o da papada, redu\u00e7\u00e3o de gordura e celulite.\" \/>\n<meta property=\"og:url\" content=\"https:\/\/anaespiritosanto.pt\/?page_id=208\" \/>\n<meta property=\"og:site_name\" content=\"Ana Esp\u00edrito Santo, Healthcare\" \/>\n<meta property=\"article:modified_time\" content=\"2025-04-23T18:48:04+00:00\" \/>\n<meta property=\"og:image\" content=\"https:\/\/anaespiritosanto.pt\/wp-content\/uploads\/2025\/03\/laserterapia-1024x683.jpg-1.webp\" \/>\n\t<meta property=\"og:image:width\" content=\"1024\" \/>\n\t<meta property=\"og:image:height\" content=\"683\" \/>\n\t<meta property=\"og:image:type\" content=\"image\/webp\" \/>\n<meta name=\"twitter:card\" content=\"summary_large_image\" \/>\n<meta name=\"twitter:label1\" content=\"Est. reading time\" \/>\n\t<meta name=\"twitter:data1\" content=\"2 minutos\" \/>\n<script type=\"application\/ld+json\" class=\"yoast-schema-graph\">{\"@context\":\"https:\/\/schema.org\",\"@graph\":[{\"@type\":\"WebPage\",\"@id\":\"https:\/\/anaespiritosanto.pt\/?page_id=208\",\"url\":\"https:\/\/anaespiritosanto.pt\/?page_id=208\",\"name\":\"Laserterapia - Ana Esp\u00edrito Santo, Healthcare\",\"isPartOf\":{\"@id\":\"https:\/\/anaespiritosanto.pt\/#website\"},\"primaryImageOfPage\":{\"@id\":\"https:\/\/anaespiritosanto.pt\/?page_id=208#primaryimage\"},\"image\":{\"@id\":\"https:\/\/anaespiritosanto.pt\/?page_id=208#primaryimage\"},\"thumbnailUrl\":\"https:\/\/anaespiritosanto.pt\/wp-content\/uploads\/2025\/03\/laserterapia-1024x683.jpg-1.webp\",\"datePublished\":\"2025-03-27T19:53:58+00:00\",\"dateModified\":\"2025-04-23T18:48:04+00:00\",\"description\":\"Laserterapia, rejuvenescimento facial intensivo, diminui\u00e7\u00e3o de rugas e flacidez, diminui\u00e7\u00e3o da papada, redu\u00e7\u00e3o de gordura e celulite.\",\"breadcrumb\":{\"@id\":\"https:\/\/anaespiritosanto.pt\/?page_id=208#breadcrumb\"},\"inLanguage\":\"pt-PT\",\"potentialAction\":[{\"@type\":\"ReadAction\",\"target\":[\"https:\/\/anaespiritosanto.pt\/?page_id=208\"]}]},{\"@type\":\"ImageObject\",\"inLanguage\":\"pt-PT\",\"@id\":\"https:\/\/anaespiritosanto.pt\/?page_id=208#primaryimage\",\"url\":\"https:\/\/anaespiritosanto.pt\/wp-content\/uploads\/2025\/03\/laserterapia-1024x683.jpg-1.webp\",\"contentUrl\":\"https:\/\/anaespiritosanto.pt\/wp-content\/uploads\/2025\/03\/laserterapia-1024x683.jpg-1.webp\",\"width\":1024,\"height\":683,\"caption\":\"Laserterapia\"},{\"@type\":\"BreadcrumbList\",\"@id\":\"https:\/\/anaespiritosanto.pt\/?page_id=208#breadcrumb\",\"itemListElement\":[{\"@type\":\"ListItem\",\"position\":1,\"name\":\"In\u00edcio\",\"item\":\"https:\/\/anaespiritosanto.pt\/\"},{\"@type\":\"ListItem\",\"position\":2,\"name\":\"Laserterapia\"}]},{\"@type\":\"WebSite\",\"@id\":\"https:\/\/anaespiritosanto.pt\/#website\",\"url\":\"https:\/\/anaespiritosanto.pt\/\",\"name\":\"Ana Esp\u00edrito Santo, Healthcare\",\"description\":\"Enferemeira\",\"publisher\":{\"@id\":\"https:\/\/anaespiritosanto.pt\/#organization\"},\"potentialAction\":[{\"@type\":\"SearchAction\",\"target\":{\"@type\":\"EntryPoint\",\"urlTemplate\":\"https:\/\/anaespiritosanto.pt\/?s={search_term_string}\"},\"query-input\":{\"@type\":\"PropertyValueSpecification\",\"valueRequired\":true,\"valueName\":\"search_term_string\"}}],\"inLanguage\":\"pt-PT\"},{\"@type\":\"Organization\",\"@id\":\"https:\/\/anaespiritosanto.pt\/#organization\",\"name\":\"Ana Esp\u00edrito Santo, Healthcare\",\"url\":\"https:\/\/anaespiritosanto.pt\/\",\"logo\":{\"@type\":\"ImageObject\",\"inLanguage\":\"pt-PT\",\"@id\":\"https:\/\/anaespiritosanto.pt\/#\/schema\/logo\/image\/\",\"url\":\"https:\/\/anaespiritosanto.pt\/wp-content\/uploads\/2025\/03\/Ana-Luisa-1-1-300x300-1.png\",\"contentUrl\":\"https:\/\/anaespiritosanto.pt\/wp-content\/uploads\/2025\/03\/Ana-Luisa-1-1-300x300-1.png\",\"width\":300,\"height\":300,\"caption\":\"Ana Esp\u00edrito Santo, Healthcare\"},\"image\":{\"@id\":\"https:\/\/anaespiritosanto.pt\/#\/schema\/logo\/image\/\"}}]}<\/script>\n<!-- \/ Yoast SEO plugin. -->","yoast_head_json":{"title":"Laserterapia - Ana Esp\u00edrito Santo, Healthcare","description":"Laserterapia, rejuvenescimento facial intensivo, diminui\u00e7\u00e3o de rugas e flacidez, diminui\u00e7\u00e3o da papada, redu\u00e7\u00e3o de gordura e celulite.","robots":{"index":"index","follow":"follow","max-snippet":"max-snippet:-1","max-image-preview":"max-image-preview:large","max-video-preview":"max-video-preview:-1"},"canonical":"https:\/\/anaespiritosanto.pt\/?page_id=208","og_locale":"pt_PT","og_type":"article","og_title":"Laserterapia - Ana Esp\u00edrito Santo, Healthcare","og_description":"Laserterapia, rejuvenescimento facial intensivo, diminui\u00e7\u00e3o de rugas e flacidez, diminui\u00e7\u00e3o da papada, redu\u00e7\u00e3o de gordura e celulite.","og_url":"https:\/\/anaespiritosanto.pt\/?page_id=208","og_site_name":"Ana Esp\u00edrito Santo, Healthcare","article_modified_time":"2025-04-23T18:48:04+00:00","og_image":[{"width":1024,"height":683,"url":"https:\/\/anaespiritosanto.pt\/wp-content\/uploads\/2025\/03\/laserterapia-1024x683.jpg-1.webp","type":"image\/webp"}],"twitter_card":"summary_large_image","twitter_misc":{"Est. reading time":"2 minutos"},"schema":{"@context":"https:\/\/schema.org","@graph":[{"@type":"WebPage","@id":"https:\/\/anaespiritosanto.pt\/?page_id=208","url":"https:\/\/anaespiritosanto.pt\/?page_id=208","name":"Laserterapia - Ana Esp\u00edrito Santo, Healthcare","isPartOf":{"@id":"https:\/\/anaespiritosanto.pt\/#website"},"primaryImageOfPage":{"@id":"https:\/\/anaespiritosanto.pt\/?page_id=208#primaryimage"},"image":{"@id":"https:\/\/anaespiritosanto.pt\/?page_id=208#primaryimage"},"thumbnailUrl":"https:\/\/anaespiritosanto.pt\/wp-content\/uploads\/2025\/03\/laserterapia-1024x683.jpg-1.webp","datePublished":"2025-03-27T19:53:58+00:00","dateModified":"2025-04-23T18:48:04+00:00","description":"Laserterapia, rejuvenescimento facial intensivo, diminui\u00e7\u00e3o de rugas e flacidez, diminui\u00e7\u00e3o da papada, redu\u00e7\u00e3o de gordura e celulite.","breadcrumb":{"@id":"https:\/\/anaespiritosanto.pt\/?page_id=208#breadcrumb"},"inLanguage":"pt-PT","potentialAction":[{"@type":"ReadAction","target":["https:\/\/anaespiritosanto.pt\/?page_id=208"]}]},{"@type":"ImageObject","inLanguage":"pt-PT","@id":"https:\/\/anaespiritosanto.pt\/?page_id=208#primaryimage","url":"https:\/\/anaespiritosanto.pt\/wp-content\/uploads\/2025\/03\/laserterapia-1024x683.jpg-1.webp","contentUrl":"https:\/\/anaespiritosanto.pt\/wp-content\/uploads\/2025\/03\/laserterapia-1024x683.jpg-1.webp","width":1024,"height":683,"caption":"Laserterapia"},{"@type":"BreadcrumbList","@id":"https:\/\/anaespiritosanto.pt\/?page_id=208#breadcrumb","itemListElement":[{"@type":"ListItem","position":1,"name":"In\u00edcio","item":"https:\/\/anaespiritosanto.pt\/"},{"@type":"ListItem","position":2,"name":"Laserterapia"}]},{"@type":"WebSite","@id":"https:\/\/anaespiritosanto.pt\/#website","url":"https:\/\/anaespiritosanto.pt\/","name":"Ana Esp\u00edrito Santo, Healthcare","description":"Enferemeira","publisher":{"@id":"https:\/\/anaespiritosanto.pt\/#organization"},"potentialAction":[{"@type":"SearchAction","target":{"@type":"EntryPoint","urlTemplate":"https:\/\/anaespiritosanto.pt\/?s={search_term_string}"},"query-input":{"@type":"PropertyValueSpecification","valueRequired":true,"valueName":"search_term_string"}}],"inLanguage":"pt-PT"},{"@type":"Organization","@id":"https:\/\/anaespiritosanto.pt\/#organization","name":"Ana Esp\u00edrito Santo, Healthcare","url":"https:\/\/anaespiritosanto.pt\/","logo":{"@type":"ImageObject","inLanguage":"pt-PT","@id":"https:\/\/anaespiritosanto.pt\/#\/schema\/logo\/image\/","url":"https:\/\/anaespiritosanto.pt\/wp-content\/uploads\/2025\/03\/Ana-Luisa-1-1-300x300-1.png","contentUrl":"https:\/\/anaespiritosanto.pt\/wp-content\/uploads\/2025\/03\/Ana-Luisa-1-1-300x300-1.png","width":300,"height":300,"caption":"Ana Esp\u00edrito Santo, Healthcare"},"image":{"@id":"https:\/\/anaespiritosanto.pt\/#\/schema\/logo\/image\/"}}]}},"_links":{"self":[{"href":"https:\/\/anaespiritosanto.pt\/index.php?rest_route=\/wp\/v2\/pages\/208","targetHints":{"allow":["GET"]}}],"collection":[{"href":"https:\/\/anaespiritosanto.pt\/index.php?rest_route=\/wp\/v2\/pages"}],"about":[{"href":"https:\/\/anaespiritosanto.pt\/index.php?rest_route=\/wp\/v2\/types\/page"}],"author":[{"embeddable":true,"href":"https:\/\/anaespiritosanto.pt\/index.php?rest_route=\/wp\/v2\/users\/1"}],"replies":[{"embeddable":true,"href":"https:\/\/anaespiritosanto.pt\/index.php?rest_route=%2Fwp%2Fv2%2Fcomments&post=208"}],"version-history":[{"count":4,"href":"https:\/\/anaespiritosanto.pt\/index.php?rest_route=\/wp\/v2\/pages\/208\/revisions"}],"predecessor-version":[{"id":385,"href":"https:\/\/anaespiritosanto.pt\/index.php?rest_route=\/wp\/v2\/pages\/208\/revisions\/385"}],"wp:featuredmedia":[{"embeddable":true,"href":"https:\/\/anaespiritosanto.pt\/index.php?rest_route=\/wp\/v2\/media\/83"}],"wp:attachment":[{"href":"https:\/\/anaespiritosanto.pt\/index.php?rest_route=%2Fwp%2Fv2%2Fmedia&parent=208"}],"curies":[{"name":"wp","href":"https:\/\/api.w.org\/{rel}","templated":true}]}}