{"id":183,"date":"2025-03-26T20:28:34","date_gmt":"2025-03-26T20:28:34","guid":{"rendered":"https:\/\/anaespiritosanto.pt\/?page_id=183"},"modified":"2025-03-27T18:15:41","modified_gmt":"2025-03-27T18:15:41","slug":"ginecologia-regenerativa","status":"publish","type":"page","link":"https:\/\/anaespiritosanto.pt\/?page_id=183","title":{"rendered":"Ginecologia Regenerativa"},"content":{"rendered":"\n<p class=\"has-poppins-font-family\">A Ginecologia Regenerativa \u00e9 uma \u00e1rea espec\u00edfica da ginecologia com um posicionamento emergente nos cuidados da sa\u00fade \u00edntima da mulher nas suas diferentes etapas de vida. Engloba uma vasta combina\u00e7\u00e3o de tratamentos cir\u00fargicos e n\u00e3o cir\u00fargicos com o objetivo de restaurar a anatomia e a fun\u00e7\u00e3o do aparelho genital feminino. <\/p>\n\n\n\n<p class=\"has-poppins-font-family\">Os procedimentos s\u00e3o realizados em coopera\u00e7\u00e3o com a <a href=\"https:\/\/www.instagram.com\/drabelisavides\/\">Dra Belisa Vides<\/a>, cujo o objetivo \u00e9 corrigir altera\u00e7\u00f5es anat\u00f3micas que v\u00e3o surgindo ao longo da vida devolvendo funcionalidade, harmoniza\u00e7\u00e3o e rejuvenescimento da regi\u00e3o genital proporcionando bem-estar e qualidade de vida da mulher. <\/p>\n\n\n\n<p class=\"has-poppins-font-family\">Especial \u00eanfase para patologias genitais, p\u00f3s-parto e menopausa, circunst\u00e2ncias em que as estruturas sofrem altera\u00e7\u00f5es e \u00e9 imprescind\u00edvel recuper\u00e1-las. <\/p>\n\n\n\n<p><\/p>\n\n\n\n<h2 class=\"wp-block-heading\">Tratamentos dispon\u00edveis no \u00e2mbito da Ginecologia regenerativa:<\/h2>\n\n\n\n<ul class=\"wp-block-list\">\n<li class=\"has-poppins-font-family\">Incontin\u00eancia urin\u00e1ria<\/li>\n\n\n\n<li class=\"has-poppins-font-family\">L\u00edquen escleroso <\/li>\n\n\n\n<li class=\"has-poppins-font-family\">Fissuras vulvo-vaginais<\/li>\n\n\n\n<li class=\"has-poppins-font-family\">Cicatrizes p\u00f3s-parto<\/li>\n\n\n\n<li class=\"has-poppins-font-family\">Hipertrofia ou Atrofia vulvar\/vaginal<\/li>\n\n\n\n<li class=\"has-poppins-font-family\">Flacidez<\/li>\n\n\n\n<li class=\"has-poppins-font-family\">Hiperpigmenta\u00e7\u00e3o vulvar<\/li>\n\n\n\n<li class=\"has-poppins-font-family\">Assimetria dos l\u00e1bios<\/li>\n\n\n\n<li class=\"has-poppins-font-family\">Repara\u00e7\u00e3o\/rejuvenescimento\/lifting capuz<\/li>\n\n\n\n<li class=\"has-poppins-font-family\">Amplifica\u00e7\u00e3o da sensibilidade sexual<\/li>\n\n\n\n<li class=\"has-poppins-font-family\">Secura\/descoforto\/dor vaginal<\/li>\n\n\n\n<li class=\"has-poppins-font-family\">Candid\u00edase de repeti\u00e7\u00e3o<\/li>\n\n\n\n<li class=\"has-poppins-font-family\">Hipertrofia do monte p\u00fabico <\/li>\n<\/ul>\n\n\n\n<p><\/p>\n\n\n\n<h2 class=\"wp-block-heading\">Procedimentos: <\/h2>\n\n\n\n<p><\/p>\n\n\n\n<ul class=\"wp-block-list\">\n<li>Labioplastia<\/li>\n\n\n\n<li>Vaginoplastia<\/li>\n\n\n\n<li>Perineoplastia<\/li>\n\n\n\n<li>Laser\/Radiofrequ\u00eancia<\/li>\n\n\n\n<li>PRP e \u00c1cido Hialur\u00f3nico (volumiza\u00e7\u00e3o das estruturas)<\/li>\n\n\n\n<li>Toxina Botul\u00ednica<\/li>\n\n\n\n<li>Peeling<\/li>\n\n\n\n<li>Bioestimuladores, exossomas<\/li>\n\n\n\n<li>Preenchedores d\u00e9rmicos<\/li>\n<\/ul>\n\n\n\n<p class=\"has-poppins-font-family\"><\/p>\n\n\n\n<p class=\"has-poppins-font-family\">Voltar para o<a href=\"https:\/\/anaespiritosanto.pt\/\"> \u00cdnicio<\/a><\/p>\n\n\n\n<p><\/p>\n","protected":false},"excerpt":{"rendered":"<p>A Ginecologia Regenerativa \u00e9 uma \u00e1rea espec\u00edfica da ginecologia com um posicionamento emergente nos cuidados da sa\u00fade \u00edntima da mulher nas suas diferentes etapas de vida. Engloba uma vasta combina\u00e7\u00e3o de tratamentos cir\u00fargicos e n\u00e3o cir\u00fargicos com o objetivo de restaurar a anatomia e a fun\u00e7\u00e3o do aparelho genital feminino. Os procedimentos s\u00e3o realizados em [&hellip;]<\/p>\n","protected":false},"author":1,"featured_media":97,"parent":0,"menu_order":0,"comment_status":"closed","ping_status":"closed","template":"","meta":{"footnotes":""},"class_list":["post-183","page","type-page","status-publish","has-post-thumbnail","hentry"],"yoast_head":"<!-- This site is optimized with the Yoast SEO plugin v24.7 - https:\/\/yoast.com\/wordpress\/plugins\/seo\/ -->\n<title>Ginecologia Regenerativa - Ana Esp\u00edrito Santo, Healthcare<\/title>\n<meta name=\"description\" content=\"Ginecologia regenerativa: Incontin\u00eancia; atrofia, assimetria flacidez e hiperpigmenta\u00e7\u00e3o vulvar e vaginal; secura e fissuras vaginal, dor.\" \/>\n<meta name=\"robots\" content=\"index, follow, max-snippet:-1, max-image-preview:large, max-video-preview:-1\" \/>\n<link rel=\"canonical\" href=\"https:\/\/anaespiritosanto.pt\/?page_id=183\" \/>\n<meta property=\"og:locale\" content=\"pt_PT\" \/>\n<meta property=\"og:type\" content=\"article\" \/>\n<meta property=\"og:title\" content=\"Ginecologia Regenerativa - Ana Esp\u00edrito Santo, Healthcare\" \/>\n<meta property=\"og:description\" content=\"Ginecologia regenerativa: Incontin\u00eancia; atrofia, assimetria flacidez e hiperpigmenta\u00e7\u00e3o vulvar e vaginal; secura e fissuras vaginal, dor.\" \/>\n<meta property=\"og:url\" content=\"https:\/\/anaespiritosanto.pt\/?page_id=183\" \/>\n<meta property=\"og:site_name\" content=\"Ana Esp\u00edrito Santo, Healthcare\" \/>\n<meta property=\"article:modified_time\" content=\"2025-03-27T18:15:41+00:00\" \/>\n<meta property=\"og:image\" content=\"https:\/\/anaespiritosanto.pt\/wp-content\/uploads\/2025\/03\/o-corpo-da-mulher-ao-longo-dos-seculos-1-13-904.jpg\" \/>\n\t<meta property=\"og:image:width\" content=\"505\" \/>\n\t<meta property=\"og:image:height\" content=\"300\" \/>\n\t<meta property=\"og:image:type\" content=\"image\/jpeg\" \/>\n<meta name=\"twitter:card\" content=\"summary_large_image\" \/>\n<meta name=\"twitter:label1\" content=\"Est. reading time\" \/>\n\t<meta name=\"twitter:data1\" content=\"2 minutos\" \/>\n<script type=\"application\/ld+json\" class=\"yoast-schema-graph\">{\"@context\":\"https:\/\/schema.org\",\"@graph\":[{\"@type\":\"WebPage\",\"@id\":\"https:\/\/anaespiritosanto.pt\/?page_id=183\",\"url\":\"https:\/\/anaespiritosanto.pt\/?page_id=183\",\"name\":\"Ginecologia Regenerativa - Ana Esp\u00edrito Santo, Healthcare\",\"isPartOf\":{\"@id\":\"https:\/\/anaespiritosanto.pt\/#website\"},\"primaryImageOfPage\":{\"@id\":\"https:\/\/anaespiritosanto.pt\/?page_id=183#primaryimage\"},\"image\":{\"@id\":\"https:\/\/anaespiritosanto.pt\/?page_id=183#primaryimage\"},\"thumbnailUrl\":\"https:\/\/anaespiritosanto.pt\/wp-content\/uploads\/2025\/03\/o-corpo-da-mulher-ao-longo-dos-seculos-1-13-904.jpg\",\"datePublished\":\"2025-03-26T20:28:34+00:00\",\"dateModified\":\"2025-03-27T18:15:41+00:00\",\"description\":\"Ginecologia regenerativa: Incontin\u00eancia; atrofia, assimetria flacidez e hiperpigmenta\u00e7\u00e3o vulvar e vaginal; secura e fissuras vaginal, dor.\",\"breadcrumb\":{\"@id\":\"https:\/\/anaespiritosanto.pt\/?page_id=183#breadcrumb\"},\"inLanguage\":\"pt-PT\",\"potentialAction\":[{\"@type\":\"ReadAction\",\"target\":[\"https:\/\/anaespiritosanto.pt\/?page_id=183\"]}]},{\"@type\":\"ImageObject\",\"inLanguage\":\"pt-PT\",\"@id\":\"https:\/\/anaespiritosanto.pt\/?page_id=183#primaryimage\",\"url\":\"https:\/\/anaespiritosanto.pt\/wp-content\/uploads\/2025\/03\/o-corpo-da-mulher-ao-longo-dos-seculos-1-13-904.jpg\",\"contentUrl\":\"https:\/\/anaespiritosanto.pt\/wp-content\/uploads\/2025\/03\/o-corpo-da-mulher-ao-longo-dos-seculos-1-13-904.jpg\",\"width\":505,\"height\":300,\"caption\":\"Ginecologia regenerativa\"},{\"@type\":\"BreadcrumbList\",\"@id\":\"https:\/\/anaespiritosanto.pt\/?page_id=183#breadcrumb\",\"itemListElement\":[{\"@type\":\"ListItem\",\"position\":1,\"name\":\"In\u00edcio\",\"item\":\"https:\/\/anaespiritosanto.pt\/\"},{\"@type\":\"ListItem\",\"position\":2,\"name\":\"Ginecologia Regenerativa\"}]},{\"@type\":\"WebSite\",\"@id\":\"https:\/\/anaespiritosanto.pt\/#website\",\"url\":\"https:\/\/anaespiritosanto.pt\/\",\"name\":\"Ana Esp\u00edrito Santo, Healthcare\",\"description\":\"Enferemeira\",\"publisher\":{\"@id\":\"https:\/\/anaespiritosanto.pt\/#organization\"},\"potentialAction\":[{\"@type\":\"SearchAction\",\"target\":{\"@type\":\"EntryPoint\",\"urlTemplate\":\"https:\/\/anaespiritosanto.pt\/?s={search_term_string}\"},\"query-input\":{\"@type\":\"PropertyValueSpecification\",\"valueRequired\":true,\"valueName\":\"search_term_string\"}}],\"inLanguage\":\"pt-PT\"},{\"@type\":\"Organization\",\"@id\":\"https:\/\/anaespiritosanto.pt\/#organization\",\"name\":\"Ana Esp\u00edrito Santo, Healthcare\",\"url\":\"https:\/\/anaespiritosanto.pt\/\",\"logo\":{\"@type\":\"ImageObject\",\"inLanguage\":\"pt-PT\",\"@id\":\"https:\/\/anaespiritosanto.pt\/#\/schema\/logo\/image\/\",\"url\":\"https:\/\/anaespiritosanto.pt\/wp-content\/uploads\/2025\/03\/Ana-Luisa-1-1-300x300-1.png\",\"contentUrl\":\"https:\/\/anaespiritosanto.pt\/wp-content\/uploads\/2025\/03\/Ana-Luisa-1-1-300x300-1.png\",\"width\":300,\"height\":300,\"caption\":\"Ana Esp\u00edrito Santo, Healthcare\"},\"image\":{\"@id\":\"https:\/\/anaespiritosanto.pt\/#\/schema\/logo\/image\/\"}}]}<\/script>\n<!-- \/ Yoast SEO plugin. -->","yoast_head_json":{"title":"Ginecologia Regenerativa - Ana Esp\u00edrito Santo, Healthcare","description":"Ginecologia regenerativa: Incontin\u00eancia; atrofia, assimetria flacidez e hiperpigmenta\u00e7\u00e3o vulvar e vaginal; secura e fissuras vaginal, dor.","robots":{"index":"index","follow":"follow","max-snippet":"max-snippet:-1","max-image-preview":"max-image-preview:large","max-video-preview":"max-video-preview:-1"},"canonical":"https:\/\/anaespiritosanto.pt\/?page_id=183","og_locale":"pt_PT","og_type":"article","og_title":"Ginecologia Regenerativa - Ana Esp\u00edrito Santo, Healthcare","og_description":"Ginecologia regenerativa: Incontin\u00eancia; atrofia, assimetria flacidez e hiperpigmenta\u00e7\u00e3o vulvar e vaginal; secura e fissuras vaginal, dor.","og_url":"https:\/\/anaespiritosanto.pt\/?page_id=183","og_site_name":"Ana Esp\u00edrito Santo, Healthcare","article_modified_time":"2025-03-27T18:15:41+00:00","og_image":[{"width":505,"height":300,"url":"https:\/\/anaespiritosanto.pt\/wp-content\/uploads\/2025\/03\/o-corpo-da-mulher-ao-longo-dos-seculos-1-13-904.jpg","type":"image\/jpeg"}],"twitter_card":"summary_large_image","twitter_misc":{"Est. reading time":"2 minutos"},"schema":{"@context":"https:\/\/schema.org","@graph":[{"@type":"WebPage","@id":"https:\/\/anaespiritosanto.pt\/?page_id=183","url":"https:\/\/anaespiritosanto.pt\/?page_id=183","name":"Ginecologia Regenerativa - Ana Esp\u00edrito Santo, Healthcare","isPartOf":{"@id":"https:\/\/anaespiritosanto.pt\/#website"},"primaryImageOfPage":{"@id":"https:\/\/anaespiritosanto.pt\/?page_id=183#primaryimage"},"image":{"@id":"https:\/\/anaespiritosanto.pt\/?page_id=183#primaryimage"},"thumbnailUrl":"https:\/\/anaespiritosanto.pt\/wp-content\/uploads\/2025\/03\/o-corpo-da-mulher-ao-longo-dos-seculos-1-13-904.jpg","datePublished":"2025-03-26T20:28:34+00:00","dateModified":"2025-03-27T18:15:41+00:00","description":"Ginecologia regenerativa: Incontin\u00eancia; atrofia, assimetria flacidez e hiperpigmenta\u00e7\u00e3o vulvar e vaginal; secura e fissuras vaginal, dor.","breadcrumb":{"@id":"https:\/\/anaespiritosanto.pt\/?page_id=183#breadcrumb"},"inLanguage":"pt-PT","potentialAction":[{"@type":"ReadAction","target":["https:\/\/anaespiritosanto.pt\/?page_id=183"]}]},{"@type":"ImageObject","inLanguage":"pt-PT","@id":"https:\/\/anaespiritosanto.pt\/?page_id=183#primaryimage","url":"https:\/\/anaespiritosanto.pt\/wp-content\/uploads\/2025\/03\/o-corpo-da-mulher-ao-longo-dos-seculos-1-13-904.jpg","contentUrl":"https:\/\/anaespiritosanto.pt\/wp-content\/uploads\/2025\/03\/o-corpo-da-mulher-ao-longo-dos-seculos-1-13-904.jpg","width":505,"height":300,"caption":"Ginecologia regenerativa"},{"@type":"BreadcrumbList","@id":"https:\/\/anaespiritosanto.pt\/?page_id=183#breadcrumb","itemListElement":[{"@type":"ListItem","position":1,"name":"In\u00edcio","item":"https:\/\/anaespiritosanto.pt\/"},{"@type":"ListItem","position":2,"name":"Ginecologia Regenerativa"}]},{"@type":"WebSite","@id":"https:\/\/anaespiritosanto.pt\/#website","url":"https:\/\/anaespiritosanto.pt\/","name":"Ana Esp\u00edrito Santo, Healthcare","description":"Enferemeira","publisher":{"@id":"https:\/\/anaespiritosanto.pt\/#organization"},"potentialAction":[{"@type":"SearchAction","target":{"@type":"EntryPoint","urlTemplate":"https:\/\/anaespiritosanto.pt\/?s={search_term_string}"},"query-input":{"@type":"PropertyValueSpecification","valueRequired":true,"valueName":"search_term_string"}}],"inLanguage":"pt-PT"},{"@type":"Organization","@id":"https:\/\/anaespiritosanto.pt\/#organization","name":"Ana Esp\u00edrito Santo, Healthcare","url":"https:\/\/anaespiritosanto.pt\/","logo":{"@type":"ImageObject","inLanguage":"pt-PT","@id":"https:\/\/anaespiritosanto.pt\/#\/schema\/logo\/image\/","url":"https:\/\/anaespiritosanto.pt\/wp-content\/uploads\/2025\/03\/Ana-Luisa-1-1-300x300-1.png","contentUrl":"https:\/\/anaespiritosanto.pt\/wp-content\/uploads\/2025\/03\/Ana-Luisa-1-1-300x300-1.png","width":300,"height":300,"caption":"Ana Esp\u00edrito Santo, Healthcare"},"image":{"@id":"https:\/\/anaespiritosanto.pt\/#\/schema\/logo\/image\/"}}]}},"_links":{"self":[{"href":"https:\/\/anaespiritosanto.pt\/index.php?rest_route=\/wp\/v2\/pages\/183","targetHints":{"allow":["GET"]}}],"collection":[{"href":"https:\/\/anaespiritosanto.pt\/index.php?rest_route=\/wp\/v2\/pages"}],"about":[{"href":"https:\/\/anaespiritosanto.pt\/index.php?rest_route=\/wp\/v2\/types\/page"}],"author":[{"embeddable":true,"href":"https:\/\/anaespiritosanto.pt\/index.php?rest_route=\/wp\/v2\/users\/1"}],"replies":[{"embeddable":true,"href":"https:\/\/anaespiritosanto.pt\/index.php?rest_route=%2Fwp%2Fv2%2Fcomments&post=183"}],"version-history":[{"count":6,"href":"https:\/\/anaespiritosanto.pt\/index.php?rest_route=\/wp\/v2\/pages\/183\/revisions"}],"predecessor-version":[{"id":206,"href":"https:\/\/anaespiritosanto.pt\/index.php?rest_route=\/wp\/v2\/pages\/183\/revisions\/206"}],"wp:featuredmedia":[{"embeddable":true,"href":"https:\/\/anaespiritosanto.pt\/index.php?rest_route=\/wp\/v2\/media\/97"}],"wp:attachment":[{"href":"https:\/\/anaespiritosanto.pt\/index.php?rest_route=%2Fwp%2Fv2%2Fmedia&parent=183"}],"curies":[{"name":"wp","href":"https:\/\/api.w.org\/{rel}","templated":true}]}}