{"id":139,"date":"2025-03-25T14:04:58","date_gmt":"2025-03-25T14:04:58","guid":{"rendered":"https:\/\/anaespiritosanto.pt\/?page_id=139"},"modified":"2025-04-22T16:30:50","modified_gmt":"2025-04-22T16:30:50","slug":"moxibustao","status":"publish","type":"page","link":"https:\/\/anaespiritosanto.pt\/?page_id=139","title":{"rendered":"Moxibust\u00e3o"},"content":{"rendered":"\n<p class=\"has-poppins-font-family\">A Moxibust\u00e3o \u00e9 uma t\u00e9cnica que consiste em aquecer os pontos de acupunctura&nbsp;pela combust\u00e3o da planta compacta&nbsp;<em>Artemisia sinensis<\/em> ou <em>Artemisia vulgaris<\/em>, cujas propriedades medicinais libertadas pelo calor promovem o tratamento de alguns quadros patol\u00f3gicos.<\/p>\n\n\n\n<p class=\"has-poppins-font-family\">\u00c9 uma pr\u00e1tica mundialmente reconhecida pela\u00a0<a href=\"https:\/\/www.who.int\/Health-Topics\/Traditional-Complementary-and-Integrative-Medicine#tab=tab_1\">OMS<\/a>. Tem um suporte hist\u00f3rico milenar de conhecimento, pr\u00e1tica e a aplica\u00e7\u00e3o.<\/p>\n\n\n\n<p class=\"has-poppins-font-family\">As folhas da &nbsp;artem\u00edsia sofrem um tratamento espec\u00edfico para o uso medicinal. S\u00e3o sujeitas \u00e0 lavagem, secagem e depois s\u00e3o , trituradas e peneiradas, at\u00e9 se transformarem numa massa uniforme, semelhante a uma l\u00e3 vegetal \u2013 a moxa. Quando devidamente pronta , a moxa pode ser moldada de diversas formas para sua utiliza\u00e7\u00e3o: as mais usuais s\u00e3o bast\u00e3o e cone.<\/p>\n\n\n\n<p class=\"has-poppins-font-family\">A artem\u00edsia possui um \u00f3leo essencial rico em subst\u00e2ncias cujas propriedades terap\u00eauticas produzem o efeito analg\u00e9sico, antiespasm\u00f3dico, anticonvulsivo, t\u00f3nico e calmante.<\/p>\n\n\n\n<p class=\"has-poppins-font-family\"><br>A aplica\u00e7\u00e3o do calor produzido pela moxibust\u00e3o nos pontos ou<a href=\"http:\/\/pt.wikipedia.org\/wiki\/Meridiano_%28acupuntura%29\"> <\/a>meridianos de acupuntura, remove bloqueios de energia que obstruem o seu fluxo pelos meridianos, causando disfun\u00e7\u00f5es no<a href=\"http:\/\/pt.wikipedia.org\/wiki\/Organismo\"> <\/a>organismo.<\/p>\n\n\n\n<figure class=\"wp-block-image size-large\"><img loading=\"lazy\" decoding=\"async\" width=\"768\" height=\"1024\" src=\"https:\/\/anaespiritosanto.pt\/wp-content\/uploads\/2025\/04\/1000056827-768x1024.jpg\" alt=\"\" class=\"wp-image-261\" srcset=\"https:\/\/anaespiritosanto.pt\/wp-content\/uploads\/2025\/04\/1000056827-768x1024.jpg 768w, https:\/\/anaespiritosanto.pt\/wp-content\/uploads\/2025\/04\/1000056827-225x300.jpg 225w, https:\/\/anaespiritosanto.pt\/wp-content\/uploads\/2025\/04\/1000056827-1152x1536.jpg 1152w, https:\/\/anaespiritosanto.pt\/wp-content\/uploads\/2025\/04\/1000056827.jpg 1200w\" sizes=\"auto, (max-width: 768px) 100vw, 768px\" \/><\/figure>\n\n\n\n<p class=\"has-poppins-font-family\"><br><br><\/p>\n\n\n\n<p class=\"has-poppins-font-family\"><a href=\"https:\/\/anaespiritosanto.pt\/\">Voltar ao In\u00edcio<\/a><\/p>\n","protected":false},"excerpt":{"rendered":"<p>A Moxibust\u00e3o \u00e9 uma t\u00e9cnica que consiste em aquecer os pontos de acupunctura&nbsp;pela combust\u00e3o da planta compacta&nbsp;Artemisia sinensis ou Artemisia vulgaris, cujas propriedades medicinais libertadas pelo calor promovem o tratamento de alguns quadros patol\u00f3gicos. \u00c9 uma pr\u00e1tica mundialmente reconhecida pela\u00a0OMS. Tem um suporte hist\u00f3rico milenar de conhecimento, pr\u00e1tica e a aplica\u00e7\u00e3o. As folhas da &nbsp;artem\u00edsia [&hellip;]<\/p>\n","protected":false},"author":1,"featured_media":257,"parent":0,"menu_order":0,"comment_status":"closed","ping_status":"closed","template":"","meta":{"footnotes":""},"class_list":["post-139","page","type-page","status-publish","has-post-thumbnail","hentry"],"yoast_head":"<!-- This site is optimized with the Yoast SEO plugin v24.7 - https:\/\/yoast.com\/wordpress\/plugins\/seo\/ -->\n<title>Moxibust\u00e3o - Ana Esp\u00edrito Santo, Healthcare<\/title>\n<meta name=\"description\" content=\"Moxibust\u00e3o: terapia da Medicina Tradicional Chinesa que consiste na aplica\u00e7\u00e3o de calor em pontos espec\u00edficos com efeito terap\u00eautico\" \/>\n<meta name=\"robots\" content=\"index, follow, max-snippet:-1, max-image-preview:large, max-video-preview:-1\" \/>\n<link rel=\"canonical\" href=\"https:\/\/anaespiritosanto.pt\/?page_id=139\" \/>\n<meta property=\"og:locale\" content=\"pt_PT\" \/>\n<meta property=\"og:type\" content=\"article\" \/>\n<meta property=\"og:title\" content=\"Moxibust\u00e3o - Ana Esp\u00edrito Santo, Healthcare\" \/>\n<meta property=\"og:description\" content=\"Moxibust\u00e3o: terapia da Medicina Tradicional Chinesa que consiste na aplica\u00e7\u00e3o de calor em pontos espec\u00edficos com efeito terap\u00eautico\" \/>\n<meta property=\"og:url\" content=\"https:\/\/anaespiritosanto.pt\/?page_id=139\" \/>\n<meta property=\"og:site_name\" content=\"Ana Esp\u00edrito Santo, Healthcare\" \/>\n<meta property=\"article:modified_time\" content=\"2025-04-22T16:30:50+00:00\" \/>\n<meta property=\"og:image\" content=\"https:\/\/anaespiritosanto.pt\/wp-content\/uploads\/2025\/04\/IMG-20250221-WA0052-1.jpg\" \/>\n\t<meta property=\"og:image:width\" content=\"1200\" \/>\n\t<meta property=\"og:image:height\" content=\"1600\" \/>\n\t<meta property=\"og:image:type\" content=\"image\/jpeg\" \/>\n<meta name=\"twitter:card\" content=\"summary_large_image\" \/>\n<meta name=\"twitter:label1\" content=\"Est. reading time\" \/>\n\t<meta name=\"twitter:data1\" content=\"2 minutos\" \/>\n<script type=\"application\/ld+json\" class=\"yoast-schema-graph\">{\"@context\":\"https:\/\/schema.org\",\"@graph\":[{\"@type\":\"WebPage\",\"@id\":\"https:\/\/anaespiritosanto.pt\/?page_id=139\",\"url\":\"https:\/\/anaespiritosanto.pt\/?page_id=139\",\"name\":\"Moxibust\u00e3o - Ana Esp\u00edrito Santo, Healthcare\",\"isPartOf\":{\"@id\":\"https:\/\/anaespiritosanto.pt\/#website\"},\"primaryImageOfPage\":{\"@id\":\"https:\/\/anaespiritosanto.pt\/?page_id=139#primaryimage\"},\"image\":{\"@id\":\"https:\/\/anaespiritosanto.pt\/?page_id=139#primaryimage\"},\"thumbnailUrl\":\"https:\/\/anaespiritosanto.pt\/wp-content\/uploads\/2025\/04\/IMG-20250221-WA0052-1.jpg\",\"datePublished\":\"2025-03-25T14:04:58+00:00\",\"dateModified\":\"2025-04-22T16:30:50+00:00\",\"description\":\"Moxibust\u00e3o: terapia da Medicina Tradicional Chinesa que consiste na aplica\u00e7\u00e3o de calor em pontos espec\u00edficos com efeito terap\u00eautico\",\"breadcrumb\":{\"@id\":\"https:\/\/anaespiritosanto.pt\/?page_id=139#breadcrumb\"},\"inLanguage\":\"pt-PT\",\"potentialAction\":[{\"@type\":\"ReadAction\",\"target\":[\"https:\/\/anaespiritosanto.pt\/?page_id=139\"]}]},{\"@type\":\"ImageObject\",\"inLanguage\":\"pt-PT\",\"@id\":\"https:\/\/anaespiritosanto.pt\/?page_id=139#primaryimage\",\"url\":\"https:\/\/anaespiritosanto.pt\/wp-content\/uploads\/2025\/04\/IMG-20250221-WA0052-1.jpg\",\"contentUrl\":\"https:\/\/anaespiritosanto.pt\/wp-content\/uploads\/2025\/04\/IMG-20250221-WA0052-1.jpg\",\"width\":1200,\"height\":1600,\"caption\":\"Moxibust\u00e3o\"},{\"@type\":\"BreadcrumbList\",\"@id\":\"https:\/\/anaespiritosanto.pt\/?page_id=139#breadcrumb\",\"itemListElement\":[{\"@type\":\"ListItem\",\"position\":1,\"name\":\"In\u00edcio\",\"item\":\"https:\/\/anaespiritosanto.pt\/\"},{\"@type\":\"ListItem\",\"position\":2,\"name\":\"Moxibust\u00e3o\"}]},{\"@type\":\"WebSite\",\"@id\":\"https:\/\/anaespiritosanto.pt\/#website\",\"url\":\"https:\/\/anaespiritosanto.pt\/\",\"name\":\"Ana Esp\u00edrito Santo, Healthcare\",\"description\":\"Enferemeira\",\"publisher\":{\"@id\":\"https:\/\/anaespiritosanto.pt\/#organization\"},\"potentialAction\":[{\"@type\":\"SearchAction\",\"target\":{\"@type\":\"EntryPoint\",\"urlTemplate\":\"https:\/\/anaespiritosanto.pt\/?s={search_term_string}\"},\"query-input\":{\"@type\":\"PropertyValueSpecification\",\"valueRequired\":true,\"valueName\":\"search_term_string\"}}],\"inLanguage\":\"pt-PT\"},{\"@type\":\"Organization\",\"@id\":\"https:\/\/anaespiritosanto.pt\/#organization\",\"name\":\"Ana Esp\u00edrito Santo, Healthcare\",\"url\":\"https:\/\/anaespiritosanto.pt\/\",\"logo\":{\"@type\":\"ImageObject\",\"inLanguage\":\"pt-PT\",\"@id\":\"https:\/\/anaespiritosanto.pt\/#\/schema\/logo\/image\/\",\"url\":\"https:\/\/anaespiritosanto.pt\/wp-content\/uploads\/2025\/03\/Ana-Luisa-1-1-300x300-1.png\",\"contentUrl\":\"https:\/\/anaespiritosanto.pt\/wp-content\/uploads\/2025\/03\/Ana-Luisa-1-1-300x300-1.png\",\"width\":300,\"height\":300,\"caption\":\"Ana Esp\u00edrito Santo, Healthcare\"},\"image\":{\"@id\":\"https:\/\/anaespiritosanto.pt\/#\/schema\/logo\/image\/\"}}]}<\/script>\n<!-- \/ Yoast SEO plugin. -->","yoast_head_json":{"title":"Moxibust\u00e3o - Ana Esp\u00edrito Santo, Healthcare","description":"Moxibust\u00e3o: terapia da Medicina Tradicional Chinesa que consiste na aplica\u00e7\u00e3o de calor em pontos espec\u00edficos com efeito terap\u00eautico","robots":{"index":"index","follow":"follow","max-snippet":"max-snippet:-1","max-image-preview":"max-image-preview:large","max-video-preview":"max-video-preview:-1"},"canonical":"https:\/\/anaespiritosanto.pt\/?page_id=139","og_locale":"pt_PT","og_type":"article","og_title":"Moxibust\u00e3o - Ana Esp\u00edrito Santo, Healthcare","og_description":"Moxibust\u00e3o: terapia da Medicina Tradicional Chinesa que consiste na aplica\u00e7\u00e3o de calor em pontos espec\u00edficos com efeito terap\u00eautico","og_url":"https:\/\/anaespiritosanto.pt\/?page_id=139","og_site_name":"Ana Esp\u00edrito Santo, Healthcare","article_modified_time":"2025-04-22T16:30:50+00:00","og_image":[{"width":1200,"height":1600,"url":"https:\/\/anaespiritosanto.pt\/wp-content\/uploads\/2025\/04\/IMG-20250221-WA0052-1.jpg","type":"image\/jpeg"}],"twitter_card":"summary_large_image","twitter_misc":{"Est. reading time":"2 minutos"},"schema":{"@context":"https:\/\/schema.org","@graph":[{"@type":"WebPage","@id":"https:\/\/anaespiritosanto.pt\/?page_id=139","url":"https:\/\/anaespiritosanto.pt\/?page_id=139","name":"Moxibust\u00e3o - Ana Esp\u00edrito Santo, Healthcare","isPartOf":{"@id":"https:\/\/anaespiritosanto.pt\/#website"},"primaryImageOfPage":{"@id":"https:\/\/anaespiritosanto.pt\/?page_id=139#primaryimage"},"image":{"@id":"https:\/\/anaespiritosanto.pt\/?page_id=139#primaryimage"},"thumbnailUrl":"https:\/\/anaespiritosanto.pt\/wp-content\/uploads\/2025\/04\/IMG-20250221-WA0052-1.jpg","datePublished":"2025-03-25T14:04:58+00:00","dateModified":"2025-04-22T16:30:50+00:00","description":"Moxibust\u00e3o: terapia da Medicina Tradicional Chinesa que consiste na aplica\u00e7\u00e3o de calor em pontos espec\u00edficos com efeito terap\u00eautico","breadcrumb":{"@id":"https:\/\/anaespiritosanto.pt\/?page_id=139#breadcrumb"},"inLanguage":"pt-PT","potentialAction":[{"@type":"ReadAction","target":["https:\/\/anaespiritosanto.pt\/?page_id=139"]}]},{"@type":"ImageObject","inLanguage":"pt-PT","@id":"https:\/\/anaespiritosanto.pt\/?page_id=139#primaryimage","url":"https:\/\/anaespiritosanto.pt\/wp-content\/uploads\/2025\/04\/IMG-20250221-WA0052-1.jpg","contentUrl":"https:\/\/anaespiritosanto.pt\/wp-content\/uploads\/2025\/04\/IMG-20250221-WA0052-1.jpg","width":1200,"height":1600,"caption":"Moxibust\u00e3o"},{"@type":"BreadcrumbList","@id":"https:\/\/anaespiritosanto.pt\/?page_id=139#breadcrumb","itemListElement":[{"@type":"ListItem","position":1,"name":"In\u00edcio","item":"https:\/\/anaespiritosanto.pt\/"},{"@type":"ListItem","position":2,"name":"Moxibust\u00e3o"}]},{"@type":"WebSite","@id":"https:\/\/anaespiritosanto.pt\/#website","url":"https:\/\/anaespiritosanto.pt\/","name":"Ana Esp\u00edrito Santo, Healthcare","description":"Enferemeira","publisher":{"@id":"https:\/\/anaespiritosanto.pt\/#organization"},"potentialAction":[{"@type":"SearchAction","target":{"@type":"EntryPoint","urlTemplate":"https:\/\/anaespiritosanto.pt\/?s={search_term_string}"},"query-input":{"@type":"PropertyValueSpecification","valueRequired":true,"valueName":"search_term_string"}}],"inLanguage":"pt-PT"},{"@type":"Organization","@id":"https:\/\/anaespiritosanto.pt\/#organization","name":"Ana Esp\u00edrito Santo, Healthcare","url":"https:\/\/anaespiritosanto.pt\/","logo":{"@type":"ImageObject","inLanguage":"pt-PT","@id":"https:\/\/anaespiritosanto.pt\/#\/schema\/logo\/image\/","url":"https:\/\/anaespiritosanto.pt\/wp-content\/uploads\/2025\/03\/Ana-Luisa-1-1-300x300-1.png","contentUrl":"https:\/\/anaespiritosanto.pt\/wp-content\/uploads\/2025\/03\/Ana-Luisa-1-1-300x300-1.png","width":300,"height":300,"caption":"Ana Esp\u00edrito Santo, Healthcare"},"image":{"@id":"https:\/\/anaespiritosanto.pt\/#\/schema\/logo\/image\/"}}]}},"_links":{"self":[{"href":"https:\/\/anaespiritosanto.pt\/index.php?rest_route=\/wp\/v2\/pages\/139","targetHints":{"allow":["GET"]}}],"collection":[{"href":"https:\/\/anaespiritosanto.pt\/index.php?rest_route=\/wp\/v2\/pages"}],"about":[{"href":"https:\/\/anaespiritosanto.pt\/index.php?rest_route=\/wp\/v2\/types\/page"}],"author":[{"embeddable":true,"href":"https:\/\/anaespiritosanto.pt\/index.php?rest_route=\/wp\/v2\/users\/1"}],"replies":[{"embeddable":true,"href":"https:\/\/anaespiritosanto.pt\/index.php?rest_route=%2Fwp%2Fv2%2Fcomments&post=139"}],"version-history":[{"count":8,"href":"https:\/\/anaespiritosanto.pt\/index.php?rest_route=\/wp\/v2\/pages\/139\/revisions"}],"predecessor-version":[{"id":278,"href":"https:\/\/anaespiritosanto.pt\/index.php?rest_route=\/wp\/v2\/pages\/139\/revisions\/278"}],"wp:featuredmedia":[{"embeddable":true,"href":"https:\/\/anaespiritosanto.pt\/index.php?rest_route=\/wp\/v2\/media\/257"}],"wp:attachment":[{"href":"https:\/\/anaespiritosanto.pt\/index.php?rest_route=%2Fwp%2Fv2%2Fmedia&parent=139"}],"curies":[{"name":"wp","href":"https:\/\/api.w.org\/{rel}","templated":true}]}}