{"id":137,"date":"2025-03-25T14:01:13","date_gmt":"2025-03-25T14:01:13","guid":{"rendered":"https:\/\/anaespiritosanto.pt\/?page_id=137"},"modified":"2025-04-22T16:15:27","modified_gmt":"2025-04-22T16:15:27","slug":"ventosaterapia","status":"publish","type":"page","link":"https:\/\/anaespiritosanto.pt\/?page_id=137","title":{"rendered":"Ventosaterapia"},"content":{"rendered":"\n<p class=\"has-poppins-font-family\">A Ventosaterapia consiste na aplica\u00e7\u00e3o de uma c\u00fapula ou ventosa sobre uma superf\u00edcie do corpo com v\u00e1cuo no interior com a propriedade de suc\u00e7\u00e3o. Esta press\u00e3o negativa tem a fun\u00e7\u00e3o de mover e desbloquear os tecidos, estimulando a circula\u00e7\u00e3o.<\/p>\n\n\n\n<p class=\"has-poppins-font-family\">\u00c9 uma pr\u00e1tica mundialmente reconhecida pela <a href=\"https:\/\/www.who.int\/Health-Topics\/Traditional-Complementary-and-Integrative-Medicine#tab=tab_1\">OMS<\/a>. Tem um suporte hist\u00f3rico milenar de conhecimento, pr\u00e1tica e a aplica\u00e7\u00e3o.  <\/p>\n\n\n\n<p class=\"has-poppins-font-family\">O seu uso \u00e9 indicado para tratar o al\u00edvio de dores musculares, melhorar o sistema circulat\u00f3rio, redu\u00e7\u00e3o de celulite e gordura localizada, lombalgias, dor abdominal, resfriados, gripe e muitas outras condi\u00e7\u00f5es patol\u00f3gicas.<\/p>\n\n\n\n<p class=\"has-poppins-font-family\">Pode-se utilizar a ventosaterapia para produzir um efeito massagem que consiste em fazer deslizar as ventosas sobre uma \u00e1rea do corpo, como costas ou coxas. Mecanicamente, aumenta o fluxo da linfa, diminui o edema e reduz as ader\u00eancias entre os tecidos musculares.<\/p>\n\n\n\n<p><\/p>\n\n\n\n<p class=\"has-poppins-font-family\"><a href=\"https:\/\/anaespiritosanto.pt\/\"><strong>Voltar ao Inicio<\/strong><\/a><\/p>\n","protected":false},"excerpt":{"rendered":"<p>A Ventosaterapia consiste na aplica\u00e7\u00e3o de uma c\u00fapula ou ventosa sobre uma superf\u00edcie do corpo com v\u00e1cuo no interior com a propriedade de suc\u00e7\u00e3o. Esta press\u00e3o negativa tem a fun\u00e7\u00e3o de mover e desbloquear os tecidos, estimulando a circula\u00e7\u00e3o. \u00c9 uma pr\u00e1tica mundialmente reconhecida pela OMS. Tem um suporte hist\u00f3rico milenar de conhecimento, pr\u00e1tica e [&hellip;]<\/p>\n","protected":false},"author":1,"featured_media":266,"parent":0,"menu_order":0,"comment_status":"closed","ping_status":"closed","template":"","meta":{"footnotes":""},"class_list":["post-137","page","type-page","status-publish","has-post-thumbnail","hentry"],"yoast_head":"<!-- This site is optimized with the Yoast SEO plugin v24.7 - https:\/\/yoast.com\/wordpress\/plugins\/seo\/ -->\n<title>Ventosaterapia - Ana Esp\u00edrito Santo, Healthcare<\/title>\n<meta name=\"description\" content=\"Ventosaterapia- consiste no uso ventosas para criar suc\u00e7\u00e3o da pele e m\u00fasculos para promover circula\u00e7\u00e3o, desbloqueio e tens\u00e3o.\" \/>\n<meta name=\"robots\" content=\"index, follow, max-snippet:-1, max-image-preview:large, max-video-preview:-1\" \/>\n<link rel=\"canonical\" href=\"https:\/\/anaespiritosanto.pt\/?page_id=137\" \/>\n<meta property=\"og:locale\" content=\"pt_PT\" \/>\n<meta property=\"og:type\" content=\"article\" \/>\n<meta property=\"og:title\" content=\"Ventosaterapia - Ana Esp\u00edrito Santo, Healthcare\" \/>\n<meta property=\"og:description\" content=\"Ventosaterapia- consiste no uso ventosas para criar suc\u00e7\u00e3o da pele e m\u00fasculos para promover circula\u00e7\u00e3o, desbloqueio e tens\u00e3o.\" \/>\n<meta property=\"og:url\" content=\"https:\/\/anaespiritosanto.pt\/?page_id=137\" \/>\n<meta property=\"og:site_name\" content=\"Ana Esp\u00edrito Santo, Healthcare\" \/>\n<meta property=\"article:modified_time\" content=\"2025-04-22T16:15:27+00:00\" \/>\n<meta property=\"og:image\" content=\"https:\/\/anaespiritosanto.pt\/wp-content\/uploads\/2025\/04\/ventosas.jpg\" \/>\n\t<meta property=\"og:image:width\" content=\"2540\" \/>\n\t<meta property=\"og:image:height\" content=\"1968\" \/>\n\t<meta property=\"og:image:type\" content=\"image\/jpeg\" \/>\n<meta name=\"twitter:card\" content=\"summary_large_image\" \/>\n<meta name=\"twitter:label1\" content=\"Est. reading time\" \/>\n\t<meta name=\"twitter:data1\" content=\"1 minuto\" \/>\n<script type=\"application\/ld+json\" class=\"yoast-schema-graph\">{\"@context\":\"https:\/\/schema.org\",\"@graph\":[{\"@type\":\"WebPage\",\"@id\":\"https:\/\/anaespiritosanto.pt\/?page_id=137\",\"url\":\"https:\/\/anaespiritosanto.pt\/?page_id=137\",\"name\":\"Ventosaterapia - Ana Esp\u00edrito Santo, Healthcare\",\"isPartOf\":{\"@id\":\"https:\/\/anaespiritosanto.pt\/#website\"},\"primaryImageOfPage\":{\"@id\":\"https:\/\/anaespiritosanto.pt\/?page_id=137#primaryimage\"},\"image\":{\"@id\":\"https:\/\/anaespiritosanto.pt\/?page_id=137#primaryimage\"},\"thumbnailUrl\":\"https:\/\/anaespiritosanto.pt\/wp-content\/uploads\/2025\/04\/ventosas.jpg\",\"datePublished\":\"2025-03-25T14:01:13+00:00\",\"dateModified\":\"2025-04-22T16:15:27+00:00\",\"description\":\"Ventosaterapia- consiste no uso ventosas para criar suc\u00e7\u00e3o da pele e m\u00fasculos para promover circula\u00e7\u00e3o, desbloqueio e tens\u00e3o.\",\"breadcrumb\":{\"@id\":\"https:\/\/anaespiritosanto.pt\/?page_id=137#breadcrumb\"},\"inLanguage\":\"pt-PT\",\"potentialAction\":[{\"@type\":\"ReadAction\",\"target\":[\"https:\/\/anaespiritosanto.pt\/?page_id=137\"]}]},{\"@type\":\"ImageObject\",\"inLanguage\":\"pt-PT\",\"@id\":\"https:\/\/anaespiritosanto.pt\/?page_id=137#primaryimage\",\"url\":\"https:\/\/anaespiritosanto.pt\/wp-content\/uploads\/2025\/04\/ventosas.jpg\",\"contentUrl\":\"https:\/\/anaespiritosanto.pt\/wp-content\/uploads\/2025\/04\/ventosas.jpg\",\"width\":2540,\"height\":1968,\"caption\":\"Ventosaterapia\"},{\"@type\":\"BreadcrumbList\",\"@id\":\"https:\/\/anaespiritosanto.pt\/?page_id=137#breadcrumb\",\"itemListElement\":[{\"@type\":\"ListItem\",\"position\":1,\"name\":\"In\u00edcio\",\"item\":\"https:\/\/anaespiritosanto.pt\/\"},{\"@type\":\"ListItem\",\"position\":2,\"name\":\"Ventosaterapia\"}]},{\"@type\":\"WebSite\",\"@id\":\"https:\/\/anaespiritosanto.pt\/#website\",\"url\":\"https:\/\/anaespiritosanto.pt\/\",\"name\":\"Ana Esp\u00edrito Santo, Healthcare\",\"description\":\"Enferemeira\",\"publisher\":{\"@id\":\"https:\/\/anaespiritosanto.pt\/#organization\"},\"potentialAction\":[{\"@type\":\"SearchAction\",\"target\":{\"@type\":\"EntryPoint\",\"urlTemplate\":\"https:\/\/anaespiritosanto.pt\/?s={search_term_string}\"},\"query-input\":{\"@type\":\"PropertyValueSpecification\",\"valueRequired\":true,\"valueName\":\"search_term_string\"}}],\"inLanguage\":\"pt-PT\"},{\"@type\":\"Organization\",\"@id\":\"https:\/\/anaespiritosanto.pt\/#organization\",\"name\":\"Ana Esp\u00edrito Santo, Healthcare\",\"url\":\"https:\/\/anaespiritosanto.pt\/\",\"logo\":{\"@type\":\"ImageObject\",\"inLanguage\":\"pt-PT\",\"@id\":\"https:\/\/anaespiritosanto.pt\/#\/schema\/logo\/image\/\",\"url\":\"https:\/\/anaespiritosanto.pt\/wp-content\/uploads\/2025\/03\/Ana-Luisa-1-1-300x300-1.png\",\"contentUrl\":\"https:\/\/anaespiritosanto.pt\/wp-content\/uploads\/2025\/03\/Ana-Luisa-1-1-300x300-1.png\",\"width\":300,\"height\":300,\"caption\":\"Ana Esp\u00edrito Santo, Healthcare\"},\"image\":{\"@id\":\"https:\/\/anaespiritosanto.pt\/#\/schema\/logo\/image\/\"}}]}<\/script>\n<!-- \/ Yoast SEO plugin. -->","yoast_head_json":{"title":"Ventosaterapia - Ana Esp\u00edrito Santo, Healthcare","description":"Ventosaterapia- consiste no uso ventosas para criar suc\u00e7\u00e3o da pele e m\u00fasculos para promover circula\u00e7\u00e3o, desbloqueio e tens\u00e3o.","robots":{"index":"index","follow":"follow","max-snippet":"max-snippet:-1","max-image-preview":"max-image-preview:large","max-video-preview":"max-video-preview:-1"},"canonical":"https:\/\/anaespiritosanto.pt\/?page_id=137","og_locale":"pt_PT","og_type":"article","og_title":"Ventosaterapia - Ana Esp\u00edrito Santo, Healthcare","og_description":"Ventosaterapia- consiste no uso ventosas para criar suc\u00e7\u00e3o da pele e m\u00fasculos para promover circula\u00e7\u00e3o, desbloqueio e tens\u00e3o.","og_url":"https:\/\/anaespiritosanto.pt\/?page_id=137","og_site_name":"Ana Esp\u00edrito Santo, Healthcare","article_modified_time":"2025-04-22T16:15:27+00:00","og_image":[{"width":2540,"height":1968,"url":"https:\/\/anaespiritosanto.pt\/wp-content\/uploads\/2025\/04\/ventosas.jpg","type":"image\/jpeg"}],"twitter_card":"summary_large_image","twitter_misc":{"Est. reading time":"1 minuto"},"schema":{"@context":"https:\/\/schema.org","@graph":[{"@type":"WebPage","@id":"https:\/\/anaespiritosanto.pt\/?page_id=137","url":"https:\/\/anaespiritosanto.pt\/?page_id=137","name":"Ventosaterapia - Ana Esp\u00edrito Santo, Healthcare","isPartOf":{"@id":"https:\/\/anaespiritosanto.pt\/#website"},"primaryImageOfPage":{"@id":"https:\/\/anaespiritosanto.pt\/?page_id=137#primaryimage"},"image":{"@id":"https:\/\/anaespiritosanto.pt\/?page_id=137#primaryimage"},"thumbnailUrl":"https:\/\/anaespiritosanto.pt\/wp-content\/uploads\/2025\/04\/ventosas.jpg","datePublished":"2025-03-25T14:01:13+00:00","dateModified":"2025-04-22T16:15:27+00:00","description":"Ventosaterapia- consiste no uso ventosas para criar suc\u00e7\u00e3o da pele e m\u00fasculos para promover circula\u00e7\u00e3o, desbloqueio e tens\u00e3o.","breadcrumb":{"@id":"https:\/\/anaespiritosanto.pt\/?page_id=137#breadcrumb"},"inLanguage":"pt-PT","potentialAction":[{"@type":"ReadAction","target":["https:\/\/anaespiritosanto.pt\/?page_id=137"]}]},{"@type":"ImageObject","inLanguage":"pt-PT","@id":"https:\/\/anaespiritosanto.pt\/?page_id=137#primaryimage","url":"https:\/\/anaespiritosanto.pt\/wp-content\/uploads\/2025\/04\/ventosas.jpg","contentUrl":"https:\/\/anaespiritosanto.pt\/wp-content\/uploads\/2025\/04\/ventosas.jpg","width":2540,"height":1968,"caption":"Ventosaterapia"},{"@type":"BreadcrumbList","@id":"https:\/\/anaespiritosanto.pt\/?page_id=137#breadcrumb","itemListElement":[{"@type":"ListItem","position":1,"name":"In\u00edcio","item":"https:\/\/anaespiritosanto.pt\/"},{"@type":"ListItem","position":2,"name":"Ventosaterapia"}]},{"@type":"WebSite","@id":"https:\/\/anaespiritosanto.pt\/#website","url":"https:\/\/anaespiritosanto.pt\/","name":"Ana Esp\u00edrito Santo, Healthcare","description":"Enferemeira","publisher":{"@id":"https:\/\/anaespiritosanto.pt\/#organization"},"potentialAction":[{"@type":"SearchAction","target":{"@type":"EntryPoint","urlTemplate":"https:\/\/anaespiritosanto.pt\/?s={search_term_string}"},"query-input":{"@type":"PropertyValueSpecification","valueRequired":true,"valueName":"search_term_string"}}],"inLanguage":"pt-PT"},{"@type":"Organization","@id":"https:\/\/anaespiritosanto.pt\/#organization","name":"Ana Esp\u00edrito Santo, Healthcare","url":"https:\/\/anaespiritosanto.pt\/","logo":{"@type":"ImageObject","inLanguage":"pt-PT","@id":"https:\/\/anaespiritosanto.pt\/#\/schema\/logo\/image\/","url":"https:\/\/anaespiritosanto.pt\/wp-content\/uploads\/2025\/03\/Ana-Luisa-1-1-300x300-1.png","contentUrl":"https:\/\/anaespiritosanto.pt\/wp-content\/uploads\/2025\/03\/Ana-Luisa-1-1-300x300-1.png","width":300,"height":300,"caption":"Ana Esp\u00edrito Santo, Healthcare"},"image":{"@id":"https:\/\/anaespiritosanto.pt\/#\/schema\/logo\/image\/"}}]}},"_links":{"self":[{"href":"https:\/\/anaespiritosanto.pt\/index.php?rest_route=\/wp\/v2\/pages\/137","targetHints":{"allow":["GET"]}}],"collection":[{"href":"https:\/\/anaespiritosanto.pt\/index.php?rest_route=\/wp\/v2\/pages"}],"about":[{"href":"https:\/\/anaespiritosanto.pt\/index.php?rest_route=\/wp\/v2\/types\/page"}],"author":[{"embeddable":true,"href":"https:\/\/anaespiritosanto.pt\/index.php?rest_route=\/wp\/v2\/users\/1"}],"replies":[{"embeddable":true,"href":"https:\/\/anaespiritosanto.pt\/index.php?rest_route=%2Fwp%2Fv2%2Fcomments&post=137"}],"version-history":[{"count":4,"href":"https:\/\/anaespiritosanto.pt\/index.php?rest_route=\/wp\/v2\/pages\/137\/revisions"}],"predecessor-version":[{"id":272,"href":"https:\/\/anaespiritosanto.pt\/index.php?rest_route=\/wp\/v2\/pages\/137\/revisions\/272"}],"wp:featuredmedia":[{"embeddable":true,"href":"https:\/\/anaespiritosanto.pt\/index.php?rest_route=\/wp\/v2\/media\/266"}],"wp:attachment":[{"href":"https:\/\/anaespiritosanto.pt\/index.php?rest_route=%2Fwp%2Fv2%2Fmedia&parent=137"}],"curies":[{"name":"wp","href":"https:\/\/api.w.org\/{rel}","templated":true}]}}