{"id":116,"date":"2025-03-25T12:50:40","date_gmt":"2025-03-25T12:50:40","guid":{"rendered":"https:\/\/anaespiritosanto.pt\/?page_id=116"},"modified":"2025-04-22T16:25:10","modified_gmt":"2025-04-22T16:25:10","slug":"acupuntura","status":"publish","type":"page","link":"https:\/\/anaespiritosanto.pt\/?page_id=116","title":{"rendered":"Acupuntura"},"content":{"rendered":"\n<p class=\"has-poppins-font-family\">A Acupuntura \u00e9 um m\u00e9todo terap\u00eautico que consiste na estimula\u00e7\u00e3o de determinados pontos espec\u00edficos do corpo atrav\u00e9s da inser\u00e7\u00e3o de finas agulhas. Esta estimula\u00e7\u00e3o promove um desbloqueio energ\u00e9tico que por sua vez desencadeia reac\u00e7\u00f5es bioqu\u00edmicas e neurofisiol\u00f3gicas no nosso organismo, melhorando a circula\u00e7\u00e3o sangu\u00ednea, equilibrando o sistema nervoso, activando o sistema imunol\u00f3gico e atenuando as dores agudas e cr\u00f3nicas. Trata-se de uma estrat\u00e9gia capaz de interferir nas actividades f\u00edsicas e mentais do organismo.<\/p>\n\n\n\n<p class=\"has-poppins-font-family\">Este ramo terap\u00eautico ganhou grande visibilidade em todo o mundo pelo seu exotismo associado \u00e0 efic\u00e1cia no tratamento da dor, o que o fez merecer a aten\u00e7\u00e3o das comunidade m\u00e9dico-cientificas.<\/p>\n\n\n\n<p class=\"has-poppins-font-family\">A <a href=\"https:\/\/www.who.int\/Health-Topics\/Traditional-Complementary-and-Integrative-Medicine#tab=tab_1\">Organiza\u00e7\u00e3o Mundial de Sa\u00fad<\/a>e, entidade m\u00e1xima a n\u00edvel internacional na \u00e1rea da sa\u00fade, reconheceu a Acupuntura como uma terapia eficaz em v\u00e1rias doen\u00e7as, isto do ponto de vista da medicina Ocidental, porque do ponto de vista Oriental n\u00e3o existem praticamente limites \u00e0 sua utiliza\u00e7\u00e3o.<\/p>\n\n\n\n<p class=\"has-poppins-font-family\">O sucesso da acupunctura \u00e9 patente e reconhecido em todo o Mundo, todos os dias t\u00eam sido descobertas novas aplica\u00e7\u00f5es e feitos novos estudos e experi\u00eancias cient\u00edficas nos hospitais e faculdades no Ocidente e no Oriente.<\/p>\n\n\n\n<h3 class=\"wp-block-heading\"><strong>Quais os problemas e patologias mais frequentemente tratados com acupuntura?<\/strong><\/h3>\n\n\n\n<ul class=\"wp-block-list\">\n<li class=\"has-primary-color has-text-color has-link-color has-poppins-font-family wp-elements-7705387aea74938f1738e77530948824\">Dor, aguda e cr\u00f3nica.<\/li>\n\n\n\n<li class=\"has-primary-color has-text-color has-link-color has-poppins-font-family wp-elements-a56f8fab51e31c4f62462098060f9df5\">Problemas musculoesquel\u00e9ticos e osteoarticulares.<\/li>\n\n\n\n<li class=\"has-primary-color has-text-color has-link-color has-poppins-font-family wp-elements-80f2feafa3c3f96bd6afad4a8d73361e\">Dist\u00farbios g\u00e1stricos, como gastrite, refluxo, azia, etc<\/li>\n\n\n\n<li class=\"has-primary-color has-text-color has-link-color has-poppins-font-family wp-elements-9721410fed3e2997271292ec9e1ca3c7\">Problemas intestinais, como obstipa\u00e7\u00e3o, diarreia cr\u00f3nica, colite.<\/li>\n\n\n\n<li class=\"has-primary-color has-text-color has-link-color has-poppins-font-family wp-elements-53f2e759cccf41c2d49a1124eec50fe5\">Incha\u00e7o e reten\u00e7\u00e3o de l\u00edquidos<\/li>\n\n\n\n<li class=\"has-primary-color has-text-color has-link-color has-poppins-font-family wp-elements-abc9106ef855e1a395c623a7459f099a\">Cefaleias, tremores, nevralgias<\/li>\n\n\n\n<li class=\"has-primary-color has-text-color has-link-color has-poppins-font-family wp-elements-089e9ab5a08b781c4e3c58dd0af17e45\">Problemas respirat\u00f3rios, como tosse cr\u00f3nica, amigdalite, dificuldade respirat\u00f3rias, asma<\/li>\n\n\n\n<li class=\"has-primary-color has-text-color has-link-color has-poppins-font-family wp-elements-c9e16104beb6aa8218b9efab06a6441b\">Problemas menstruais, sintomas de menopausa.<\/li>\n\n\n\n<li class=\"has-primary-color has-text-color has-link-color has-poppins-font-family wp-elements-2adfb1e1ac62d203ca385e216346908f\">Stress, ansiedade, nervosismo, ins\u00f3nias, depress\u00e3o, cansa\u00e7o cr\u00f3nico<\/li>\n\n\n\n<li class=\"has-primary-color has-text-color has-link-color has-poppins-font-family wp-elements-d54d9c73421cf4437d9c6d2c034058b7\">Zumbidos<\/li>\n\n\n\n<li class=\"has-primary-color has-text-color has-link-color has-poppins-font-family wp-elements-e5cd73a0935a01562e4637a3d5740ecb\">Emagrecimento<\/li>\n\n\n\n<li class=\"has-primary-color has-text-color has-link-color has-poppins-font-family wp-elements-adf9f593467d349f538cd39a22d374a8\">Cessa\u00e7\u00e3o tab\u00e1gica<\/li>\n\n\n\n<li class=\"has-primary-color has-text-color has-link-color has-poppins-font-family wp-elements-dc9d1f5e642de029b82d5c99dc41bd5a\">Infertilidade<\/li>\n<\/ul>\n","protected":false},"excerpt":{"rendered":"<p>A Acupuntura \u00e9 um m\u00e9todo terap\u00eautico que consiste na estimula\u00e7\u00e3o de determinados pontos espec\u00edficos do corpo atrav\u00e9s da inser\u00e7\u00e3o de finas agulhas. Esta estimula\u00e7\u00e3o promove um desbloqueio energ\u00e9tico que por sua vez desencadeia reac\u00e7\u00f5es bioqu\u00edmicas e neurofisiol\u00f3gicas no nosso organismo, melhorando a circula\u00e7\u00e3o sangu\u00ednea, equilibrando o sistema nervoso, activando o sistema imunol\u00f3gico e atenuando as [&hellip;]<\/p>\n","protected":false},"author":1,"featured_media":242,"parent":0,"menu_order":0,"comment_status":"closed","ping_status":"closed","template":"","meta":{"footnotes":""},"class_list":["post-116","page","type-page","status-publish","has-post-thumbnail","hentry"],"yoast_head":"<!-- This site is optimized with the Yoast SEO plugin v24.7 - https:\/\/yoast.com\/wordpress\/plugins\/seo\/ -->\n<title>Acupuntura - Ana Esp\u00edrito Santo, Healthcare<\/title>\n<meta name=\"description\" content=\"Consiste na introdu\u00e7\u00e3o de fin\u00edssimas agulhas indolores na superf\u00edcie do corpo para promover a\u00e7\u00f5es fisiol\u00f3gicas que rep\u00f5em o equil\u00edbrio.\" \/>\n<meta name=\"robots\" content=\"index, follow, max-snippet:-1, max-image-preview:large, max-video-preview:-1\" \/>\n<link rel=\"canonical\" href=\"https:\/\/anaespiritosanto.pt\/?page_id=116\" \/>\n<meta property=\"og:locale\" content=\"pt_PT\" \/>\n<meta property=\"og:type\" content=\"article\" \/>\n<meta property=\"og:title\" content=\"Acupuntura - Ana Esp\u00edrito Santo, Healthcare\" \/>\n<meta property=\"og:description\" content=\"Consiste na introdu\u00e7\u00e3o de fin\u00edssimas agulhas indolores na superf\u00edcie do corpo para promover a\u00e7\u00f5es fisiol\u00f3gicas que rep\u00f5em o equil\u00edbrio.\" \/>\n<meta property=\"og:url\" content=\"https:\/\/anaespiritosanto.pt\/?page_id=116\" \/>\n<meta property=\"og:site_name\" content=\"Ana Esp\u00edrito Santo, Healthcare\" \/>\n<meta property=\"article:modified_time\" content=\"2025-04-22T16:25:10+00:00\" \/>\n<meta property=\"og:image\" content=\"https:\/\/anaespiritosanto.pt\/wp-content\/uploads\/2025\/04\/IMG-20250221-WA0061.jpg\" \/>\n\t<meta property=\"og:image:width\" content=\"1200\" \/>\n\t<meta property=\"og:image:height\" content=\"1600\" \/>\n\t<meta property=\"og:image:type\" content=\"image\/jpeg\" \/>\n<meta name=\"twitter:card\" content=\"summary_large_image\" \/>\n<meta name=\"twitter:label1\" content=\"Est. reading time\" \/>\n\t<meta name=\"twitter:data1\" content=\"2 minutos\" \/>\n<script type=\"application\/ld+json\" class=\"yoast-schema-graph\">{\"@context\":\"https:\/\/schema.org\",\"@graph\":[{\"@type\":\"WebPage\",\"@id\":\"https:\/\/anaespiritosanto.pt\/?page_id=116\",\"url\":\"https:\/\/anaespiritosanto.pt\/?page_id=116\",\"name\":\"Acupuntura - Ana Esp\u00edrito Santo, Healthcare\",\"isPartOf\":{\"@id\":\"https:\/\/anaespiritosanto.pt\/#website\"},\"primaryImageOfPage\":{\"@id\":\"https:\/\/anaespiritosanto.pt\/?page_id=116#primaryimage\"},\"image\":{\"@id\":\"https:\/\/anaespiritosanto.pt\/?page_id=116#primaryimage\"},\"thumbnailUrl\":\"https:\/\/anaespiritosanto.pt\/wp-content\/uploads\/2025\/04\/IMG-20250221-WA0061.jpg\",\"datePublished\":\"2025-03-25T12:50:40+00:00\",\"dateModified\":\"2025-04-22T16:25:10+00:00\",\"description\":\"Consiste na introdu\u00e7\u00e3o de fin\u00edssimas agulhas indolores na superf\u00edcie do corpo para promover a\u00e7\u00f5es fisiol\u00f3gicas que rep\u00f5em o equil\u00edbrio.\",\"breadcrumb\":{\"@id\":\"https:\/\/anaespiritosanto.pt\/?page_id=116#breadcrumb\"},\"inLanguage\":\"pt-PT\",\"potentialAction\":[{\"@type\":\"ReadAction\",\"target\":[\"https:\/\/anaespiritosanto.pt\/?page_id=116\"]}]},{\"@type\":\"ImageObject\",\"inLanguage\":\"pt-PT\",\"@id\":\"https:\/\/anaespiritosanto.pt\/?page_id=116#primaryimage\",\"url\":\"https:\/\/anaespiritosanto.pt\/wp-content\/uploads\/2025\/04\/IMG-20250221-WA0061.jpg\",\"contentUrl\":\"https:\/\/anaespiritosanto.pt\/wp-content\/uploads\/2025\/04\/IMG-20250221-WA0061.jpg\",\"width\":1200,\"height\":1600},{\"@type\":\"BreadcrumbList\",\"@id\":\"https:\/\/anaespiritosanto.pt\/?page_id=116#breadcrumb\",\"itemListElement\":[{\"@type\":\"ListItem\",\"position\":1,\"name\":\"In\u00edcio\",\"item\":\"https:\/\/anaespiritosanto.pt\/\"},{\"@type\":\"ListItem\",\"position\":2,\"name\":\"Acupuntura\"}]},{\"@type\":\"WebSite\",\"@id\":\"https:\/\/anaespiritosanto.pt\/#website\",\"url\":\"https:\/\/anaespiritosanto.pt\/\",\"name\":\"Ana Esp\u00edrito Santo, Healthcare\",\"description\":\"Enferemeira\",\"publisher\":{\"@id\":\"https:\/\/anaespiritosanto.pt\/#organization\"},\"potentialAction\":[{\"@type\":\"SearchAction\",\"target\":{\"@type\":\"EntryPoint\",\"urlTemplate\":\"https:\/\/anaespiritosanto.pt\/?s={search_term_string}\"},\"query-input\":{\"@type\":\"PropertyValueSpecification\",\"valueRequired\":true,\"valueName\":\"search_term_string\"}}],\"inLanguage\":\"pt-PT\"},{\"@type\":\"Organization\",\"@id\":\"https:\/\/anaespiritosanto.pt\/#organization\",\"name\":\"Ana Esp\u00edrito Santo, Healthcare\",\"url\":\"https:\/\/anaespiritosanto.pt\/\",\"logo\":{\"@type\":\"ImageObject\",\"inLanguage\":\"pt-PT\",\"@id\":\"https:\/\/anaespiritosanto.pt\/#\/schema\/logo\/image\/\",\"url\":\"https:\/\/anaespiritosanto.pt\/wp-content\/uploads\/2025\/03\/Ana-Luisa-1-1-300x300-1.png\",\"contentUrl\":\"https:\/\/anaespiritosanto.pt\/wp-content\/uploads\/2025\/03\/Ana-Luisa-1-1-300x300-1.png\",\"width\":300,\"height\":300,\"caption\":\"Ana Esp\u00edrito Santo, Healthcare\"},\"image\":{\"@id\":\"https:\/\/anaespiritosanto.pt\/#\/schema\/logo\/image\/\"}}]}<\/script>\n<!-- \/ Yoast SEO plugin. -->","yoast_head_json":{"title":"Acupuntura - Ana Esp\u00edrito Santo, Healthcare","description":"Consiste na introdu\u00e7\u00e3o de fin\u00edssimas agulhas indolores na superf\u00edcie do corpo para promover a\u00e7\u00f5es fisiol\u00f3gicas que rep\u00f5em o equil\u00edbrio.","robots":{"index":"index","follow":"follow","max-snippet":"max-snippet:-1","max-image-preview":"max-image-preview:large","max-video-preview":"max-video-preview:-1"},"canonical":"https:\/\/anaespiritosanto.pt\/?page_id=116","og_locale":"pt_PT","og_type":"article","og_title":"Acupuntura - Ana Esp\u00edrito Santo, Healthcare","og_description":"Consiste na introdu\u00e7\u00e3o de fin\u00edssimas agulhas indolores na superf\u00edcie do corpo para promover a\u00e7\u00f5es fisiol\u00f3gicas que rep\u00f5em o equil\u00edbrio.","og_url":"https:\/\/anaespiritosanto.pt\/?page_id=116","og_site_name":"Ana Esp\u00edrito Santo, Healthcare","article_modified_time":"2025-04-22T16:25:10+00:00","og_image":[{"width":1200,"height":1600,"url":"https:\/\/anaespiritosanto.pt\/wp-content\/uploads\/2025\/04\/IMG-20250221-WA0061.jpg","type":"image\/jpeg"}],"twitter_card":"summary_large_image","twitter_misc":{"Est. reading time":"2 minutos"},"schema":{"@context":"https:\/\/schema.org","@graph":[{"@type":"WebPage","@id":"https:\/\/anaespiritosanto.pt\/?page_id=116","url":"https:\/\/anaespiritosanto.pt\/?page_id=116","name":"Acupuntura - Ana Esp\u00edrito Santo, Healthcare","isPartOf":{"@id":"https:\/\/anaespiritosanto.pt\/#website"},"primaryImageOfPage":{"@id":"https:\/\/anaespiritosanto.pt\/?page_id=116#primaryimage"},"image":{"@id":"https:\/\/anaespiritosanto.pt\/?page_id=116#primaryimage"},"thumbnailUrl":"https:\/\/anaespiritosanto.pt\/wp-content\/uploads\/2025\/04\/IMG-20250221-WA0061.jpg","datePublished":"2025-03-25T12:50:40+00:00","dateModified":"2025-04-22T16:25:10+00:00","description":"Consiste na introdu\u00e7\u00e3o de fin\u00edssimas agulhas indolores na superf\u00edcie do corpo para promover a\u00e7\u00f5es fisiol\u00f3gicas que rep\u00f5em o equil\u00edbrio.","breadcrumb":{"@id":"https:\/\/anaespiritosanto.pt\/?page_id=116#breadcrumb"},"inLanguage":"pt-PT","potentialAction":[{"@type":"ReadAction","target":["https:\/\/anaespiritosanto.pt\/?page_id=116"]}]},{"@type":"ImageObject","inLanguage":"pt-PT","@id":"https:\/\/anaespiritosanto.pt\/?page_id=116#primaryimage","url":"https:\/\/anaespiritosanto.pt\/wp-content\/uploads\/2025\/04\/IMG-20250221-WA0061.jpg","contentUrl":"https:\/\/anaespiritosanto.pt\/wp-content\/uploads\/2025\/04\/IMG-20250221-WA0061.jpg","width":1200,"height":1600},{"@type":"BreadcrumbList","@id":"https:\/\/anaespiritosanto.pt\/?page_id=116#breadcrumb","itemListElement":[{"@type":"ListItem","position":1,"name":"In\u00edcio","item":"https:\/\/anaespiritosanto.pt\/"},{"@type":"ListItem","position":2,"name":"Acupuntura"}]},{"@type":"WebSite","@id":"https:\/\/anaespiritosanto.pt\/#website","url":"https:\/\/anaespiritosanto.pt\/","name":"Ana Esp\u00edrito Santo, Healthcare","description":"Enferemeira","publisher":{"@id":"https:\/\/anaespiritosanto.pt\/#organization"},"potentialAction":[{"@type":"SearchAction","target":{"@type":"EntryPoint","urlTemplate":"https:\/\/anaespiritosanto.pt\/?s={search_term_string}"},"query-input":{"@type":"PropertyValueSpecification","valueRequired":true,"valueName":"search_term_string"}}],"inLanguage":"pt-PT"},{"@type":"Organization","@id":"https:\/\/anaespiritosanto.pt\/#organization","name":"Ana Esp\u00edrito Santo, Healthcare","url":"https:\/\/anaespiritosanto.pt\/","logo":{"@type":"ImageObject","inLanguage":"pt-PT","@id":"https:\/\/anaespiritosanto.pt\/#\/schema\/logo\/image\/","url":"https:\/\/anaespiritosanto.pt\/wp-content\/uploads\/2025\/03\/Ana-Luisa-1-1-300x300-1.png","contentUrl":"https:\/\/anaespiritosanto.pt\/wp-content\/uploads\/2025\/03\/Ana-Luisa-1-1-300x300-1.png","width":300,"height":300,"caption":"Ana Esp\u00edrito Santo, Healthcare"},"image":{"@id":"https:\/\/anaespiritosanto.pt\/#\/schema\/logo\/image\/"}}]}},"_links":{"self":[{"href":"https:\/\/anaespiritosanto.pt\/index.php?rest_route=\/wp\/v2\/pages\/116","targetHints":{"allow":["GET"]}}],"collection":[{"href":"https:\/\/anaespiritosanto.pt\/index.php?rest_route=\/wp\/v2\/pages"}],"about":[{"href":"https:\/\/anaespiritosanto.pt\/index.php?rest_route=\/wp\/v2\/types\/page"}],"author":[{"embeddable":true,"href":"https:\/\/anaespiritosanto.pt\/index.php?rest_route=\/wp\/v2\/users\/1"}],"replies":[{"embeddable":true,"href":"https:\/\/anaespiritosanto.pt\/index.php?rest_route=%2Fwp%2Fv2%2Fcomments&post=116"}],"version-history":[{"count":3,"href":"https:\/\/anaespiritosanto.pt\/index.php?rest_route=\/wp\/v2\/pages\/116\/revisions"}],"predecessor-version":[{"id":277,"href":"https:\/\/anaespiritosanto.pt\/index.php?rest_route=\/wp\/v2\/pages\/116\/revisions\/277"}],"wp:featuredmedia":[{"embeddable":true,"href":"https:\/\/anaespiritosanto.pt\/index.php?rest_route=\/wp\/v2\/media\/242"}],"wp:attachment":[{"href":"https:\/\/anaespiritosanto.pt\/index.php?rest_route=%2Fwp%2Fv2%2Fmedia&parent=116"}],"curies":[{"name":"wp","href":"https:\/\/api.w.org\/{rel}","templated":true}]}}