{"id":109,"date":"2025-03-24T18:29:54","date_gmt":"2025-03-24T18:29:54","guid":{"rendered":"https:\/\/anaespiritosanto.pt\/?page_id=109"},"modified":"2025-03-26T19:09:19","modified_gmt":"2025-03-26T19:09:19","slug":"sobre","status":"publish","type":"page","link":"https:\/\/anaespiritosanto.pt\/?page_id=109","title":{"rendered":"Sobre: Ana Esp\u00edrito Santo"},"content":{"rendered":"\n<div class=\"wp-block-group is-layout-constrained wp-block-group-is-layout-constrained\"><div class=\"is-default-size wp-block-site-logo\"><a href=\"https:\/\/anaespiritosanto.pt\/\" class=\"custom-logo-link\" rel=\"home\"><img loading=\"lazy\" decoding=\"async\" width=\"300\" height=\"300\" src=\"https:\/\/anaespiritosanto.pt\/wp-content\/uploads\/2025\/03\/Ana-Luisa-1-1-300x300-1.png\" class=\"custom-logo\" alt=\"Ana Esp\u00edrito Santo, Healthcare\" srcset=\"https:\/\/anaespiritosanto.pt\/wp-content\/uploads\/2025\/03\/Ana-Luisa-1-1-300x300-1.png 300w, https:\/\/anaespiritosanto.pt\/wp-content\/uploads\/2025\/03\/Ana-Luisa-1-1-300x300-1-150x150.png 150w\" sizes=\"auto, (max-width: 300px) 100vw, 300px\" \/><\/a><\/div><\/div>\n\n\n\n<p class=\"has-poppins-font-family\">Sou Enfermeira especializada em <a href=\"https:\/\/anaespiritosanto.pt\/?page_id=116\">acupunctura<\/a> e medicina tradicional chinesa. Apaixonada pela sa\u00fade natural e terapias alternativas, sobre as quais exploro ativamente formas seguras de cuidar a sa\u00fade e o bem-estar. Atualmente trabalho como terapeuta (massagem e acupuntura) e como enfermeira de cirurgia ginecol\u00f3gica e regenerativa.<\/p>\n\n\n\n<p class=\"has-poppins-font-family\">A cirurgia em ginecologia surgiu de uma sinergia robusta com a c\u00e9lebre <a href=\"https:\/\/www.instagram.com\/drabelisavides\/\">Dra Belisa Vides<\/a>, que tem vindo a ganhar notoriedade pelo seu m\u00e9rito na \u00e1rea da cirurgia \u00edntima e regenerativa em Portugal. \u00c9 um mergulho no &#8220;feminino&#8221; e na sa\u00fade feminina, que se traduz no cuidado f\u00edsico com alta preponder\u00e2ncia na dignidade da mulher e sua autoestima. \u00c9 portanto, uma \u00e1rea desafiadora e muito magn\u00e9tica para mim.<\/p>\n\n\n\n<p class=\"has-poppins-font-family\">Trabalhei no servi\u00e7o de cuidados intensivos do <a href=\"https:\/\/www.chporto.pt\/\">Hospital Geral Santo Ant\u00f3nio<\/a>, Porto. O cuidado ao doente critico e o contacto com meios avan\u00e7ados de vigil\u00e2ncia, monitoriza\u00e7\u00e3o e terap\u00eautica foi uma experiencia profissional arrebatadora. O limite entre a vida e a morte, a amea\u00e7a constante \u00e0 viabilidade funcional do doente cr\u00edtico e a presta\u00e7\u00e3o de cuidados altamente qualificados a pessoas totalmente dependentes s\u00e3o o panorama di\u00e1rio num servi\u00e7o de cuidados intensivos. Esta realidade representou um desafio no meu percurso de vida, o que me permitiu desenvolver compet\u00eancias \u00fanicas na interven\u00e7\u00e3o em sa\u00fade.<\/p>\n\n\n\n<p class=\"has-poppins-font-family\">A partir deste envolvimento com o ser humano, despertei para a medicina tradicional chinesa. O que me fascina \u00e9 o ponto de partida natural, sobre a abordagem hol\u00edstica alicer\u00e7ada na preven\u00e7\u00e3o, qualidade de vida e bem-estar. O gosto pelo exotismo deu lugar ao interesse, estudo e dedica\u00e7\u00e3o nesta \u00e1rea.<\/p>\n\n\n\n<p class=\"has-poppins-font-family\">Acredito num futuro onde a medicina ocidental e a medicina natural possam cruzar os seus caminhos, com contributos distintos mas com o mesmo objetivo: melhorar a sa\u00fade das pessoas baseada na decis\u00e3o informada e esclarecida. <\/p>\n\n\n\n<h3 class=\"wp-block-heading\">C<strong>uriosidades: <\/strong><\/h3>\n\n\n\n<p class=\"has-poppins-font-family\">Adoro dan\u00e7a contempor\u00e2nea e toda a express\u00e3o da verdade do corpo. Atrav\u00e9s do movimento encontro a minha vers\u00e3o mais aut\u00eantica. <\/p>\n\n\n\n<p class=\"has-poppins-font-family\">Estudo astrologia desde 2017 como orienta\u00e7\u00e3o para o autoconhecimento. A linguagem simb\u00f3lica e o estudo dos arqu\u00e9tipos no \u00e2mbito da astrologia t\u00eam favorecido a minha perce\u00e7\u00e3o da vida e todas a experiencias vividas.<\/p>\n\n\n\n<p><\/p>\n\n\n\n<p><\/p>\n","protected":false},"excerpt":{"rendered":"<p>Sou Enfermeira especializada em acupunctura e medicina tradicional chinesa. Apaixonada pela sa\u00fade natural e terapias alternativas, sobre as quais exploro ativamente formas seguras de cuidar a sa\u00fade e o bem-estar. Atualmente trabalho como terapeuta (massagem e acupuntura) e como enfermeira de cirurgia ginecol\u00f3gica e regenerativa. A cirurgia em ginecologia surgiu de uma sinergia robusta com [&hellip;]<\/p>\n","protected":false},"author":1,"featured_media":0,"parent":0,"menu_order":0,"comment_status":"closed","ping_status":"closed","template":"","meta":{"footnotes":""},"class_list":["post-109","page","type-page","status-publish","hentry"],"yoast_head":"<!-- This site is optimized with the Yoast SEO plugin v24.7 - https:\/\/yoast.com\/wordpress\/plugins\/seo\/ -->\n<title>Sobre: Ana Esp\u00edrito Santo - Ana Esp\u00edrito Santo, Healthcare<\/title>\n<meta name=\"description\" content=\"Enfermeira. Especializada em Acupuntura e massagem terap\u00eautica. Cirurgia \u00edntima ginecol\u00f3gica e regenerativa.\" \/>\n<meta name=\"robots\" content=\"index, follow, max-snippet:-1, max-image-preview:large, max-video-preview:-1\" \/>\n<link rel=\"canonical\" href=\"https:\/\/anaespiritosanto.pt\/?page_id=109\" \/>\n<meta property=\"og:locale\" content=\"pt_PT\" \/>\n<meta property=\"og:type\" content=\"article\" \/>\n<meta property=\"og:title\" content=\"Sobre: Ana Esp\u00edrito Santo - Ana Esp\u00edrito Santo, Healthcare\" \/>\n<meta property=\"og:description\" content=\"Enfermeira. Especializada em Acupuntura e massagem terap\u00eautica. Cirurgia \u00edntima ginecol\u00f3gica e regenerativa.\" \/>\n<meta property=\"og:url\" content=\"https:\/\/anaespiritosanto.pt\/?page_id=109\" \/>\n<meta property=\"og:site_name\" content=\"Ana Esp\u00edrito Santo, Healthcare\" \/>\n<meta property=\"article:modified_time\" content=\"2025-03-26T19:09:19+00:00\" \/>\n<meta name=\"twitter:card\" content=\"summary_large_image\" \/>\n<meta name=\"twitter:label1\" content=\"Est. reading time\" \/>\n\t<meta name=\"twitter:data1\" content=\"3 minutos\" \/>\n<script type=\"application\/ld+json\" class=\"yoast-schema-graph\">{\"@context\":\"https:\/\/schema.org\",\"@graph\":[{\"@type\":\"WebPage\",\"@id\":\"https:\/\/anaespiritosanto.pt\/?page_id=109\",\"url\":\"https:\/\/anaespiritosanto.pt\/?page_id=109\",\"name\":\"Sobre: Ana Esp\u00edrito Santo - Ana Esp\u00edrito Santo, Healthcare\",\"isPartOf\":{\"@id\":\"https:\/\/anaespiritosanto.pt\/#website\"},\"datePublished\":\"2025-03-24T18:29:54+00:00\",\"dateModified\":\"2025-03-26T19:09:19+00:00\",\"description\":\"Enfermeira. Especializada em Acupuntura e massagem terap\u00eautica. Cirurgia \u00edntima ginecol\u00f3gica e regenerativa.\",\"breadcrumb\":{\"@id\":\"https:\/\/anaespiritosanto.pt\/?page_id=109#breadcrumb\"},\"inLanguage\":\"pt-PT\",\"potentialAction\":[{\"@type\":\"ReadAction\",\"target\":[\"https:\/\/anaespiritosanto.pt\/?page_id=109\"]}]},{\"@type\":\"BreadcrumbList\",\"@id\":\"https:\/\/anaespiritosanto.pt\/?page_id=109#breadcrumb\",\"itemListElement\":[{\"@type\":\"ListItem\",\"position\":1,\"name\":\"In\u00edcio\",\"item\":\"https:\/\/anaespiritosanto.pt\/\"},{\"@type\":\"ListItem\",\"position\":2,\"name\":\"Sobre: Ana Esp\u00edrito Santo\"}]},{\"@type\":\"WebSite\",\"@id\":\"https:\/\/anaespiritosanto.pt\/#website\",\"url\":\"https:\/\/anaespiritosanto.pt\/\",\"name\":\"Ana Esp\u00edrito Santo, Healthcare\",\"description\":\"Enferemeira\",\"publisher\":{\"@id\":\"https:\/\/anaespiritosanto.pt\/#organization\"},\"potentialAction\":[{\"@type\":\"SearchAction\",\"target\":{\"@type\":\"EntryPoint\",\"urlTemplate\":\"https:\/\/anaespiritosanto.pt\/?s={search_term_string}\"},\"query-input\":{\"@type\":\"PropertyValueSpecification\",\"valueRequired\":true,\"valueName\":\"search_term_string\"}}],\"inLanguage\":\"pt-PT\"},{\"@type\":\"Organization\",\"@id\":\"https:\/\/anaespiritosanto.pt\/#organization\",\"name\":\"Ana Esp\u00edrito Santo, Healthcare\",\"url\":\"https:\/\/anaespiritosanto.pt\/\",\"logo\":{\"@type\":\"ImageObject\",\"inLanguage\":\"pt-PT\",\"@id\":\"https:\/\/anaespiritosanto.pt\/#\/schema\/logo\/image\/\",\"url\":\"https:\/\/anaespiritosanto.pt\/wp-content\/uploads\/2025\/03\/Ana-Luisa-1-1-300x300-1.png\",\"contentUrl\":\"https:\/\/anaespiritosanto.pt\/wp-content\/uploads\/2025\/03\/Ana-Luisa-1-1-300x300-1.png\",\"width\":300,\"height\":300,\"caption\":\"Ana Esp\u00edrito Santo, Healthcare\"},\"image\":{\"@id\":\"https:\/\/anaespiritosanto.pt\/#\/schema\/logo\/image\/\"}}]}<\/script>\n<!-- \/ Yoast SEO plugin. -->","yoast_head_json":{"title":"Sobre: Ana Esp\u00edrito Santo - Ana Esp\u00edrito Santo, Healthcare","description":"Enfermeira. Especializada em Acupuntura e massagem terap\u00eautica. Cirurgia \u00edntima ginecol\u00f3gica e regenerativa.","robots":{"index":"index","follow":"follow","max-snippet":"max-snippet:-1","max-image-preview":"max-image-preview:large","max-video-preview":"max-video-preview:-1"},"canonical":"https:\/\/anaespiritosanto.pt\/?page_id=109","og_locale":"pt_PT","og_type":"article","og_title":"Sobre: Ana Esp\u00edrito Santo - Ana Esp\u00edrito Santo, Healthcare","og_description":"Enfermeira. Especializada em Acupuntura e massagem terap\u00eautica. Cirurgia \u00edntima ginecol\u00f3gica e regenerativa.","og_url":"https:\/\/anaespiritosanto.pt\/?page_id=109","og_site_name":"Ana Esp\u00edrito Santo, Healthcare","article_modified_time":"2025-03-26T19:09:19+00:00","twitter_card":"summary_large_image","twitter_misc":{"Est. reading time":"3 minutos"},"schema":{"@context":"https:\/\/schema.org","@graph":[{"@type":"WebPage","@id":"https:\/\/anaespiritosanto.pt\/?page_id=109","url":"https:\/\/anaespiritosanto.pt\/?page_id=109","name":"Sobre: Ana Esp\u00edrito Santo - Ana Esp\u00edrito Santo, Healthcare","isPartOf":{"@id":"https:\/\/anaespiritosanto.pt\/#website"},"datePublished":"2025-03-24T18:29:54+00:00","dateModified":"2025-03-26T19:09:19+00:00","description":"Enfermeira. Especializada em Acupuntura e massagem terap\u00eautica. Cirurgia \u00edntima ginecol\u00f3gica e regenerativa.","breadcrumb":{"@id":"https:\/\/anaespiritosanto.pt\/?page_id=109#breadcrumb"},"inLanguage":"pt-PT","potentialAction":[{"@type":"ReadAction","target":["https:\/\/anaespiritosanto.pt\/?page_id=109"]}]},{"@type":"BreadcrumbList","@id":"https:\/\/anaespiritosanto.pt\/?page_id=109#breadcrumb","itemListElement":[{"@type":"ListItem","position":1,"name":"In\u00edcio","item":"https:\/\/anaespiritosanto.pt\/"},{"@type":"ListItem","position":2,"name":"Sobre: Ana Esp\u00edrito Santo"}]},{"@type":"WebSite","@id":"https:\/\/anaespiritosanto.pt\/#website","url":"https:\/\/anaespiritosanto.pt\/","name":"Ana Esp\u00edrito Santo, Healthcare","description":"Enferemeira","publisher":{"@id":"https:\/\/anaespiritosanto.pt\/#organization"},"potentialAction":[{"@type":"SearchAction","target":{"@type":"EntryPoint","urlTemplate":"https:\/\/anaespiritosanto.pt\/?s={search_term_string}"},"query-input":{"@type":"PropertyValueSpecification","valueRequired":true,"valueName":"search_term_string"}}],"inLanguage":"pt-PT"},{"@type":"Organization","@id":"https:\/\/anaespiritosanto.pt\/#organization","name":"Ana Esp\u00edrito Santo, Healthcare","url":"https:\/\/anaespiritosanto.pt\/","logo":{"@type":"ImageObject","inLanguage":"pt-PT","@id":"https:\/\/anaespiritosanto.pt\/#\/schema\/logo\/image\/","url":"https:\/\/anaespiritosanto.pt\/wp-content\/uploads\/2025\/03\/Ana-Luisa-1-1-300x300-1.png","contentUrl":"https:\/\/anaespiritosanto.pt\/wp-content\/uploads\/2025\/03\/Ana-Luisa-1-1-300x300-1.png","width":300,"height":300,"caption":"Ana Esp\u00edrito Santo, Healthcare"},"image":{"@id":"https:\/\/anaespiritosanto.pt\/#\/schema\/logo\/image\/"}}]}},"_links":{"self":[{"href":"https:\/\/anaespiritosanto.pt\/index.php?rest_route=\/wp\/v2\/pages\/109","targetHints":{"allow":["GET"]}}],"collection":[{"href":"https:\/\/anaespiritosanto.pt\/index.php?rest_route=\/wp\/v2\/pages"}],"about":[{"href":"https:\/\/anaespiritosanto.pt\/index.php?rest_route=\/wp\/v2\/types\/page"}],"author":[{"embeddable":true,"href":"https:\/\/anaespiritosanto.pt\/index.php?rest_route=\/wp\/v2\/users\/1"}],"replies":[{"embeddable":true,"href":"https:\/\/anaespiritosanto.pt\/index.php?rest_route=%2Fwp%2Fv2%2Fcomments&post=109"}],"version-history":[{"count":4,"href":"https:\/\/anaespiritosanto.pt\/index.php?rest_route=\/wp\/v2\/pages\/109\/revisions"}],"predecessor-version":[{"id":182,"href":"https:\/\/anaespiritosanto.pt\/index.php?rest_route=\/wp\/v2\/pages\/109\/revisions\/182"}],"wp:attachment":[{"href":"https:\/\/anaespiritosanto.pt\/index.php?rest_route=%2Fwp%2Fv2%2Fmedia&parent=109"}],"curies":[{"name":"wp","href":"https:\/\/api.w.org\/{rel}","templated":true}]}}